{"id":50802,"date":"2024-01-27T13:31:12","date_gmt":"2024-01-27T12:31:12","guid":{"rendered":"https:\/\/www.mp-molds.com\/product\/558-mm-air-pellet-8-cavity-mold-version-3\/"},"modified":"2026-04-16T15:47:52","modified_gmt":"2026-04-16T13:47:52","slug":"558-mm-luftpellet-8-halrumsform-version-3","status":"publish","type":"product","link":"https:\/\/www.mp-molds.com\/sv\/product\/558-mm-air-pellet-8-cavity-mold-version-3\/","title":{"rendered":"5,58 mm luftpellet - 8-kavitetsform - Version 3"},"content":{"rendered":"<ul>\n<li>Gjutformen kommer att gjuta 5,58 mm diam. med hjulvikter legering (kan variera - beror p\u00e5 legering)<\/li>\n<li>37 grains (kan variera - beror p\u00e5 legering)<\/li>\n<li>Pelletsens l\u00e4ngd \u00e4r 10,6 mm<\/li>\n<li>8 h\u00e5lrum<\/li>\n<li>Granatplatta av st\u00e5l<\/li>\n<li>Uppriktningsstift av h\u00e4rdat st\u00e5l<\/li>\n<li>Insexnycklar ing\u00e5r<\/li>\n<li>Anv\u00e4nd LEE 6-kavitetshandtag eller MP-formhandtag (ing\u00e5r ej)<\/li>\n<li><strong>Du kommer att beh\u00f6va storlek p\u00e5 dessa pellets! Se h\u00e4r <a href=\"https:\/\/www.mp-molds.com\/product\/push-through-size-die\/\">dimensioneringsverktyg<\/a> och <a href=\"https:\/\/www.mp-molds.com\/product\/sizing-die-body\/\">kropp<\/a>!<\/strong><\/li>\n<\/ul>\n<p>Se v\u00e5ra produktbilder i <a href=\"index.php\/galleri\">galleri<\/a><\/p>","protected":false},"excerpt":{"rendered":"<ul>\n<li>Gjutformen kommer att gjuta 5,58 mm diam. med hjulvikter legering (kan variera - beror p\u00e5 legering)<\/li>\n<li>37 grains (kan variera - beror p\u00e5 legering)<\/li>\n<li>Pelletsens l\u00e4ngd \u00e4r 10,6 mm<\/li>\n<li>8 h\u00e5lrum<\/li>\n<li>Granatplatta av st\u00e5l<\/li>\n<li>Uppriktningsstift av h\u00e4rdat st\u00e5l<\/li>\n<li>Insexnycklar ing\u00e5r<\/li>\n<li>Anv\u00e4nd LEE 6-kavitetshandtag eller MP-formhandtag (ing\u00e5r ej)<\/li>\n<li><strong>Du kommer att beh\u00f6va storlek p\u00e5 dessa pellets! Se h\u00e4r <a href=\"https:\/\/www.mp-molds.com\/product\/push-through-size-die\/\">dimensioneringsverktyg<\/a> och <a href=\"https:\/\/www.mp-molds.com\/product\/sizing-die-body\/\">kropp<\/a>!<\/strong><\/li>\n<\/ul>\n<p>Se v\u00e5ra produktbilder i <a href=\"index.php\/galleri\">galleri<\/a><\/p>","protected":false},"featured_media":50803,"comment_status":"open","ping_status":"closed","template":"","meta":[],"product_brand":[],"product_cat":[114,24],"product_tag":[],"class_list":{"0":"post-50802","1":"product","2":"type-product","3":"status-publish","4":"has-post-thumbnail","6":"product_cat-air-rifle-molds","7":"product_cat-molds","8":"pa_caliber-as-cast-420","9":"pa_handles-included-no","10":"pa_material-aluminum","11":"pa_number-of-cavities-8-cavities","12":"pa_pb-bb-gc-hb-plain-base","13":"pa_polica-11-3","15":"first","16":"instock","17":"sale","18":"taxable","19":"shipping-taxable","20":"purchasable","21":"product-type-simple"},"_links":{"self":[{"href":"https:\/\/www.mp-molds.com\/sv\/wp-json\/wp\/v2\/product\/50802","targetHints":{"allow":["GET"]}}],"collection":[{"href":"https:\/\/www.mp-molds.com\/sv\/wp-json\/wp\/v2\/product"}],"about":[{"href":"https:\/\/www.mp-molds.com\/sv\/wp-json\/wp\/v2\/types\/product"}],"replies":[{"embeddable":true,"href":"https:\/\/www.mp-molds.com\/sv\/wp-json\/wp\/v2\/comments?post=50802"}],"wp:featuredmedia":[{"embeddable":true,"href":"https:\/\/www.mp-molds.com\/sv\/wp-json\/wp\/v2\/media\/50803"}],"wp:attachment":[{"href":"https:\/\/www.mp-molds.com\/sv\/wp-json\/wp\/v2\/media?parent=50802"}],"wp:term":[{"taxonomy":"product_brand","embeddable":true,"href":"https:\/\/www.mp-molds.com\/sv\/wp-json\/wp\/v2\/product_brand?post=50802"},{"taxonomy":"product_cat","embeddable":true,"href":"https:\/\/www.mp-molds.com\/sv\/wp-json\/wp\/v2\/product_cat?post=50802"},{"taxonomy":"product_tag","embeddable":true,"href":"https:\/\/www.mp-molds.com\/sv\/wp-json\/wp\/v2\/product_tag?post=50802"}],"curies":[{"name":"wp","href":"https:\/\/api.w.org\/{rel}","templated":true}]}}