{"id":50722,"date":"2021-05-18T11:50:23","date_gmt":"2021-05-18T09:50:23","guid":{"rendered":"https:\/\/www.mp-molds.com\/product\/359-640-solid-plain-base-no-lube-groove-8-cav-alu\/"},"modified":"2026-03-06T10:21:21","modified_gmt":"2026-03-06T09:21:21","slug":"359-640-massiv-slat-bas-utan-smorjspar-8-kav-alu","status":"publish","type":"product","link":"https:\/\/www.mp-molds.com\/sv\/product\/359-640-solid-plain-base-no-lube-groove-8-cav-alu\/","title":{"rendered":"359-640 Solid, Plain Base No Lube sp\u00e5rform, 8 h\u00e5lrum ALU"},"content":{"rendered":"<ul>\n<li>Gjuten kaliber .360.<\/li>\n<li>175 grains fast<\/li>\n<li>Meplat till crimpsp\u00e5r \u00e4r 0,318\u2033 och 0,357\u2033.<\/li>\n<li>En 357 boolit med dubbla anv\u00e4ndningsomr\u00e5den, det \u00f6vre crimpsp\u00e5ret \u00e4r f\u00f6r\u00a0<b>kort<\/b>\u00a0S&amp;W 357-cylindrar med N-ram och det nedre crimpsp\u00e5ret \u00e4r f\u00f6r 38 Special och\u00a0<b>l\u00e5ng<\/b>\u00a0357 Mag cylinderhjulspistoler.<\/li>\n<li>Granatplatta av st\u00e5l<\/li>\n<li>Uppriktningsstift av h\u00e4rdat st\u00e5l<\/li>\n<li>Insexnycklar ing\u00e5r<\/li>\n<li>RCBS\/Lyman toppstans medf\u00f6ljer<\/li>\n<li>Anv\u00e4nd LEE 6-kavitetshandtag eller MP-formhandtag (ing\u00e5r ej)<\/li>\n<\/ul>\n<p>Se v\u00e5ra produktbilder i\u00a0<a href=\"https:\/\/www.mp-molds.com\/WooCommerce\/product\/mp-45-ruger-only-gc-hp-4-cav\/index.php\/gallery\">galleri<\/a><\/p>","protected":false},"excerpt":{"rendered":"<ul>\n<li>Gjuten kaliber .360.<\/li>\n<li>175 grains fast<\/li>\n<li>Meplat till crimpsp\u00e5r \u00e4r 0,318\u2033 och 0,357\u2033.<\/li>\n<li>En 357 boolit med dubbla anv\u00e4ndningsomr\u00e5den, det \u00f6vre crimpsp\u00e5ret \u00e4r f\u00f6r\u00a0<b>kort<\/b>\u00a0S&amp;W 357-cylindrar med N-ram och det nedre crimpsp\u00e5ret \u00e4r f\u00f6r 38 Special och\u00a0<b>l\u00e5ng<\/b>\u00a0357 Mag cylinderhjulspistoler.<\/li>\n<li>Granatplatta av st\u00e5l<\/li>\n<li>Uppriktningsstift av h\u00e4rdat st\u00e5l<\/li>\n<li>Insexnycklar ing\u00e5r<\/li>\n<li>RCBS\/Lyman toppstans medf\u00f6ljer<\/li>\n<li>Anv\u00e4nd LEE 6-kavitetshandtag eller MP-formhandtag (ing\u00e5r ej)<\/li>\n<\/ul>\n<p>Se v\u00e5ra produktbilder i\u00a0<a href=\"https:\/\/www.mp-molds.com\/WooCommerce\/product\/mp-45-ruger-only-gc-hp-4-cav\/index.php\/gallery\">galleri<\/a><\/p>","protected":false},"featured_media":50723,"comment_status":"open","ping_status":"open","template":"","meta":[],"product_brand":[],"product_cat":[107,24],"product_tag":[184,185],"class_list":{"0":"post-50722","1":"product","2":"type-product","3":"status-publish","4":"has-post-thumbnail","6":"product_cat-alternative-coating-molds","7":"product_cat-molds","8":"product_tag-357-mag","9":"product_tag-38-spl","10":"pa_brand-mp-molds","11":"pa_caliber-as-cast-388","12":"pa_handles-included-no","13":"pa_material-aluminum","14":"pa_number-of-cavities-8-cavities","15":"pa_pb-bb-gc-hb-plain-base","16":"pa_polica-1-2","18":"first","19":"instock","20":"sale","21":"taxable","22":"shipping-taxable","23":"purchasable","24":"product-type-simple"},"_links":{"self":[{"href":"https:\/\/www.mp-molds.com\/sv\/wp-json\/wp\/v2\/product\/50722","targetHints":{"allow":["GET"]}}],"collection":[{"href":"https:\/\/www.mp-molds.com\/sv\/wp-json\/wp\/v2\/product"}],"about":[{"href":"https:\/\/www.mp-molds.com\/sv\/wp-json\/wp\/v2\/types\/product"}],"replies":[{"embeddable":true,"href":"https:\/\/www.mp-molds.com\/sv\/wp-json\/wp\/v2\/comments?post=50722"}],"wp:featuredmedia":[{"embeddable":true,"href":"https:\/\/www.mp-molds.com\/sv\/wp-json\/wp\/v2\/media\/50723"}],"wp:attachment":[{"href":"https:\/\/www.mp-molds.com\/sv\/wp-json\/wp\/v2\/media?parent=50722"}],"wp:term":[{"taxonomy":"product_brand","embeddable":true,"href":"https:\/\/www.mp-molds.com\/sv\/wp-json\/wp\/v2\/product_brand?post=50722"},{"taxonomy":"product_cat","embeddable":true,"href":"https:\/\/www.mp-molds.com\/sv\/wp-json\/wp\/v2\/product_cat?post=50722"},{"taxonomy":"product_tag","embeddable":true,"href":"https:\/\/www.mp-molds.com\/sv\/wp-json\/wp\/v2\/product_tag?post=50722"}],"curies":[{"name":"wp","href":"https:\/\/api.w.org\/{rel}","templated":true}]}}