{"id":50579,"date":"2019-11-18T07:09:26","date_gmt":"2019-11-18T06:09:26","guid":{"rendered":"https:\/\/www.mp-molds.com\/product\/15895\/"},"modified":"2026-03-19T18:13:00","modified_gmt":"2026-03-19T17:13:00","slug":"15895","status":"publish","type":"product","link":"https:\/\/www.mp-molds.com\/sv\/product\/15895\/","title":{"rendered":"9 \/38 SWC - HG275 Clone 8 Cavity Bevel basform - INGEN LUBE GROOVE"},"content":{"rendered":"<ul>\n<li>gjuten .358 diam med hjulvikter legering (kan variera - beror p\u00e5 legering)<\/li>\n<li>Ber\u00f6md HG#275-klon (n\u00e4sa och l\u00e4ngd)<\/li>\n<li>135 grains (beroende p\u00e5 legering)<\/li>\n<li>8 h\u00e5lrum<\/li>\n<li>Granatplatta av st\u00e5l<\/li>\n<li>Uppriktningsstift av h\u00e4rdat st\u00e5l<\/li>\n<li>Insexnycklar ing\u00e5r<\/li>\n<li>RCBS\/Lyman toppstans medf\u00f6ljer<\/li>\n<li>Anv\u00e4nd LEE 6-kavitetshandtag eller MP-formhandtag (ing\u00e5r ej)<\/li>\n<\/ul>\n<p>Se v\u00e5ra produktbilder i\u00a0<a href=\"https:\/\/www.mp-molds.com\/WooCommerce\/product\/9mm-38cal-swc-hg275-clone\/index.php\/gallery\">galleri<\/a><\/p>","protected":false},"excerpt":{"rendered":"<ul>\n<li>\n<ul>\n<li>gjuten .358 diam med hjulvikter legering (kan variera - beror p\u00e5 legering)<\/li>\n<li>Ber\u00f6md HG#275-klon (n\u00e4sa och l\u00e4ngd)<\/li>\n<li>135 grains (beroende p\u00e5 legering)<\/li>\n<li>8 h\u00e5lrum<\/li>\n<li>Granatplatta av st\u00e5l<\/li>\n<li>Uppriktningsstift av h\u00e4rdat st\u00e5l<\/li>\n<li>Insexnycklar ing\u00e5r<\/li>\n<li>RCBS\/Lyman toppstans medf\u00f6ljer<\/li>\n<li>Anv\u00e4nd LEE 6-kavitetshandtag eller MP-formhandtag (ing\u00e5r ej)<\/li>\n<\/ul>\n<p>Se v\u00e5ra produktbilder i\u00a0<a href=\"https:\/\/www.mp-molds.com\/WooCommerce\/product\/9mm-38cal-swc-hg275-clone\/index.php\/gallery\">galleri<\/a><\/li>\n<\/ul>","protected":false},"featured_media":50580,"comment_status":"open","ping_status":"open","template":"","meta":[],"product_brand":[],"product_cat":[107,24,33],"product_tag":[47,434,435,185,443,186,48,444],"class_list":{"0":"post-50579","1":"product","2":"type-product","3":"status-publish","4":"has-post-thumbnail","6":"product_cat-alternative-coating-molds","7":"product_cat-molds","8":"product_cat-solid-molds","9":"product_tag-380-acp","10":"product_tag-357magnum","11":"product_tag-357sig","12":"product_tag-38-spl","13":"product_tag-38super","14":"product_tag-9mm","15":"product_tag-9x17","16":"product_tag-9x21","17":"pa_brand-mp-molds","18":"pa_caliber-as-cast-391","19":"pa_dodatni_opis-aluminum-mold-for-hobby-hand-casting-set-contains-mold-allen-keys-metal-pin-sprue-lever-handle","20":"pa_handles-included-no","21":"pa_manufacturer-mp-molds","22":"pa_material-aluminum","23":"pa_number-of-cavities-8-cavities","24":"pa_pb-bb-gc-hb-bevel-base","25":"pa_polica-3-1","27":"first","28":"instock","29":"sale","30":"taxable","31":"shipping-taxable","32":"purchasable","33":"product-type-simple"},"_links":{"self":[{"href":"https:\/\/www.mp-molds.com\/sv\/wp-json\/wp\/v2\/product\/50579","targetHints":{"allow":["GET"]}}],"collection":[{"href":"https:\/\/www.mp-molds.com\/sv\/wp-json\/wp\/v2\/product"}],"about":[{"href":"https:\/\/www.mp-molds.com\/sv\/wp-json\/wp\/v2\/types\/product"}],"replies":[{"embeddable":true,"href":"https:\/\/www.mp-molds.com\/sv\/wp-json\/wp\/v2\/comments?post=50579"}],"wp:featuredmedia":[{"embeddable":true,"href":"https:\/\/www.mp-molds.com\/sv\/wp-json\/wp\/v2\/media\/50580"}],"wp:attachment":[{"href":"https:\/\/www.mp-molds.com\/sv\/wp-json\/wp\/v2\/media?parent=50579"}],"wp:term":[{"taxonomy":"product_brand","embeddable":true,"href":"https:\/\/www.mp-molds.com\/sv\/wp-json\/wp\/v2\/product_brand?post=50579"},{"taxonomy":"product_cat","embeddable":true,"href":"https:\/\/www.mp-molds.com\/sv\/wp-json\/wp\/v2\/product_cat?post=50579"},{"taxonomy":"product_tag","embeddable":true,"href":"https:\/\/www.mp-molds.com\/sv\/wp-json\/wp\/v2\/product_tag?post=50579"}],"curies":[{"name":"wp","href":"https:\/\/api.w.org\/{rel}","templated":true}]}}