{"id":50321,"date":"2019-09-26T10:44:39","date_gmt":"2019-09-26T08:44:39","guid":{"rendered":"https:\/\/www.mp-molds.com\/product\/poliklips-machine-brass-molds\/"},"modified":"2026-03-06T10:16:27","modified_gmt":"2026-03-06T09:16:27","slug":"poliklips-maskin-massingsformar","status":"publish","type":"product","link":"https:\/\/www.mp-molds.com\/sv\/product\/poliklips-machine-brass-molds\/","title":{"rendered":"Poliklipsmaskin M\u00e4ssingsformar"},"content":{"rendered":"<ul>\n<li>Tillverkad f\u00f6r italiensk POLIKLIPS-maskin (handdriven)<\/li>\n<li>Tillverkad av m\u00e4ssing<\/li>\n<li>6 h\u00e5lrum<\/li>\n<li>Dessa formar tillverkas p\u00e5 best\u00e4llning<\/li>\n<li>Skicka oss e-post med dina \u00f6nskem\u00e5l (f\u00f6rs\u00e4ljning p\u00e5 mp-molds.com)<\/li>\n<\/ul>","protected":false},"excerpt":{"rendered":"<ul>\n<li>Tillverkad f\u00f6r italiensk POLIKLIPS-maskin (handdriven)<\/li>\n<li>Tillverkad av m\u00e4ssing<\/li>\n<li>6 h\u00e5lrum<\/li>\n<li>Dessa formar tillverkas p\u00e5 best\u00e4llning<\/li>\n<li>Skicka oss e-post med dina \u00f6nskem\u00e5l (f\u00f6rs\u00e4ljning p\u00e5 mp-molds.com)<\/li>\n<\/ul>","protected":false},"featured_media":50322,"comment_status":"open","ping_status":"open","template":"","meta":[],"product_brand":[],"product_cat":[259],"product_tag":[],"class_list":{"0":"post-50321","1":"product","2":"type-product","3":"status-publish","4":"has-post-thumbnail","6":"product_cat-machine-bullet-molds","7":"pa_brand-mp-molds","8":"pa_dodatni_opis-brass-mold-for-hobby-hand-casting-set-contains-mold-allen-keys-metal-pin","9":"pa_manufacturer-mp-molds","10":"pa_material-brass","11":"pa_number-of-cavities-6-cavities","13":"first","14":"outofstock","15":"sale","16":"taxable","17":"shipping-taxable","18":"purchasable","19":"product-type-simple"},"_links":{"self":[{"href":"https:\/\/www.mp-molds.com\/sv\/wp-json\/wp\/v2\/product\/50321","targetHints":{"allow":["GET"]}}],"collection":[{"href":"https:\/\/www.mp-molds.com\/sv\/wp-json\/wp\/v2\/product"}],"about":[{"href":"https:\/\/www.mp-molds.com\/sv\/wp-json\/wp\/v2\/types\/product"}],"replies":[{"embeddable":true,"href":"https:\/\/www.mp-molds.com\/sv\/wp-json\/wp\/v2\/comments?post=50321"}],"wp:featuredmedia":[{"embeddable":true,"href":"https:\/\/www.mp-molds.com\/sv\/wp-json\/wp\/v2\/media\/50322"}],"wp:attachment":[{"href":"https:\/\/www.mp-molds.com\/sv\/wp-json\/wp\/v2\/media?parent=50321"}],"wp:term":[{"taxonomy":"product_brand","embeddable":true,"href":"https:\/\/www.mp-molds.com\/sv\/wp-json\/wp\/v2\/product_brand?post=50321"},{"taxonomy":"product_cat","embeddable":true,"href":"https:\/\/www.mp-molds.com\/sv\/wp-json\/wp\/v2\/product_cat?post=50321"},{"taxonomy":"product_tag","embeddable":true,"href":"https:\/\/www.mp-molds.com\/sv\/wp-json\/wp\/v2\/product_tag?post=50321"}],"curies":[{"name":"wp","href":"https:\/\/api.w.org\/{rel}","templated":true}]}}