{"id":50215,"date":"2019-09-24T12:58:39","date_gmt":"2019-09-24T10:58:39","guid":{"rendered":"https:\/\/www.mp-molds.com\/product\/c-360-180-rf-gas-check-solid-8-cavity-aluminum-mold\/"},"modified":"2026-03-12T14:42:39","modified_gmt":"2026-03-12T13:42:39","slug":"c-360-180-rf-gas-kontroll-solid-8-kavitet-aluminiumform","status":"publish","type":"product","link":"https:\/\/www.mp-molds.com\/sv\/product\/c-360-180-rf-gas-check-solid-8-cavity-aluminum-mold\/","title":{"rendered":"C 360-180 RF, Solid (flervalsfunktion)"},"content":{"rendered":"<ul>\n<li>Gjuten kaliber .360 - 180 grain solid<\/li>\n<li>Granatplatta av st\u00e5l<\/li>\n<li>Uppriktningsstift av h\u00e4rdat st\u00e5l<\/li>\n<li>Insexnycklar ing\u00e5r<\/li>\n<li>RCBS\/Lyman toppstans medf\u00f6ljer<\/li>\n<li>Anv\u00e4nd LEE 6-kavitetshandtag eller MP-formhandtag (ing\u00e5r ej)<\/li>\n<li>Prov p\u00e5 sm\u00f6rjmedel f\u00f6r ingjutning ing\u00e5r (15 ml)<\/li>\n<\/ul>\n<p>Se v\u00e5ra produktbilder i\u00a0<a href=\"https:\/\/www.mp-molds.com\/WooCommerce\/product\/mp-hg50-hbwc-38-357\/index.php\/gallery\">galleri<\/a><\/p>","protected":false},"excerpt":{"rendered":"<ul>\n<li>Gjuten kaliber .360 - 180 grain solid<\/li>\n<li>Granatplatta av st\u00e5l<\/li>\n<li>Uppriktningsstift av h\u00e4rdat st\u00e5l<\/li>\n<li>Insexnycklar ing\u00e5r<\/li>\n<li>RCBS\/Lyman toppstans medf\u00f6ljer<\/li>\n<li>Anv\u00e4nd LEE 6-kavitetshandtag eller MP-formhandtag (ing\u00e5r ej)<\/li>\n<li>Prov p\u00e5 sm\u00f6rjmedel f\u00f6r ingjutning ing\u00e5r (15 ml)<\/li>\n<\/ul>\n<p>Se v\u00e5ra produktbilder i\u00a0<a href=\"https:\/\/www.mp-molds.com\/WooCommerce\/product\/mp-hg50-hbwc-38-357\/index.php\/gallery\">galleri<\/a><\/p>","protected":false},"featured_media":50216,"comment_status":"open","ping_status":"open","template":"","meta":[],"product_brand":[],"product_cat":[24,33],"product_tag":[434,185],"class_list":{"0":"post-50215","1":"product","2":"type-product","3":"status-publish","4":"has-post-thumbnail","6":"product_cat-molds","7":"product_cat-solid-molds","8":"product_tag-357magnum","9":"product_tag-38-spl","10":"pa_brand-mp-molds","11":"pa_caliber-as-cast-388","12":"pa_dodatni_opis-aluminum-mold-for-hobby-hand-casting-set-contains-mold-allen-keys-metal-pin-sprue-lever-handle","13":"pa_dodatni_opis-brass-mold-for-hobby-hand-casting-set-contains-mold-allen-keys-metal-pin","14":"pa_handles-included-no","15":"pa_manufacturer-mp-molds","16":"pa_material-aluminum","17":"pa_material-brass","18":"pa_number-of-cavities-6-cavities","19":"pa_number-of-cavities-8-cavities","20":"pa_pb-bb-gc-hb-gas-check","21":"pa_pb-bb-gc-hb-plain-base","22":"pa_polica-11-5","23":"pa_polica-3-3","25":"first","26":"instock","27":"sale","28":"taxable","29":"shipping-taxable","30":"purchasable","31":"product-type-variable"},"_links":{"self":[{"href":"https:\/\/www.mp-molds.com\/sv\/wp-json\/wp\/v2\/product\/50215","targetHints":{"allow":["GET"]}}],"collection":[{"href":"https:\/\/www.mp-molds.com\/sv\/wp-json\/wp\/v2\/product"}],"about":[{"href":"https:\/\/www.mp-molds.com\/sv\/wp-json\/wp\/v2\/types\/product"}],"replies":[{"embeddable":true,"href":"https:\/\/www.mp-molds.com\/sv\/wp-json\/wp\/v2\/comments?post=50215"}],"wp:featuredmedia":[{"embeddable":true,"href":"https:\/\/www.mp-molds.com\/sv\/wp-json\/wp\/v2\/media\/50216"}],"wp:attachment":[{"href":"https:\/\/www.mp-molds.com\/sv\/wp-json\/wp\/v2\/media?parent=50215"}],"wp:term":[{"taxonomy":"product_brand","embeddable":true,"href":"https:\/\/www.mp-molds.com\/sv\/wp-json\/wp\/v2\/product_brand?post=50215"},{"taxonomy":"product_cat","embeddable":true,"href":"https:\/\/www.mp-molds.com\/sv\/wp-json\/wp\/v2\/product_cat?post=50215"},{"taxonomy":"product_tag","embeddable":true,"href":"https:\/\/www.mp-molds.com\/sv\/wp-json\/wp\/v2\/product_tag?post=50215"}],"curies":[{"name":"wp","href":"https:\/\/api.w.org\/{rel}","templated":true}]}}