{"id":50123,"date":"2019-09-16T17:37:28","date_gmt":"2019-09-16T15:37:28","guid":{"rendered":"https:\/\/www.mp-molds.com\/product\/sprue-plate-8-cavity-lenght-130-mm-replacment-set-2\/"},"modified":"2026-03-13T17:04:26","modified_gmt":"2026-03-13T16:04:26","slug":"ingjutningsplatta-8-halrum-langd-130-mm-ersattningssats-2","status":"publish","type":"product","link":"https:\/\/www.mp-molds.com\/sv\/product\/sprue-plate-8-cavity-lenght-130-mm-replacment-set-2\/","title":{"rendered":"Granplatta - 8 h\u00e5lrum (l\u00e4ngd 130 mm) Ers\u00e4ttningssats *** h\u00e5l med diameter 3 mm ***"},"content":{"rendered":"<ul>\n<li>Granatplatta av st\u00e5l<\/li>\n<li>Bl\u00e5nad<\/li>\n<li><span style=\"color: #ff0000;\"><strong>Diameter p\u00e5 ingjutningsh\u00e5l 3 mm<\/strong><\/span><\/li>\n<li>Skruv, bussning och v\u00e5gbricka ing\u00e5r<\/li>\n<\/ul>\n<p><strong>Denna granatplatta anv\u00e4nds p\u00e5 gjutformar med mycket sm\u00e5 pellets eller kulor. (Vanligtvis p\u00e5 formar f\u00f6r luftgev\u00e4r)<\/strong><\/p>","protected":false},"excerpt":{"rendered":"<ul>\n<li>Granatplatta av st\u00e5l<\/li>\n<li>Bl\u00e5nad<\/li>\n<li><span style=\"color: #ff0000;\"><strong>Diameter p\u00e5 ingjutningsh\u00e5l 3 mm<\/strong><\/span><\/li>\n<li>Skruv, bussning och v\u00e5gbricka ing\u00e5r<\/li>\n<\/ul>\n<p><strong>Denna granatplatta anv\u00e4nds p\u00e5 gjutformar med mycket sm\u00e5 pellets eller kulor. (Vanligtvis p\u00e5 formar f\u00f6r luftgev\u00e4r)<\/strong><\/p>","protected":false},"featured_media":50122,"comment_status":"open","ping_status":"closed","template":"","meta":[],"product_brand":[],"product_cat":[139],"product_tag":[490],"class_list":{"0":"post-50123","1":"product","2":"type-product","3":"status-publish","4":"has-post-thumbnail","6":"product_cat-spare-parts","7":"product_tag-sprue","8":"pa_brand-mp-molds","9":"pa_dodatni_opis-spare-sprue-plate-set-of-metal-plate-and-screws","10":"pa_manufacturer-mp-molds","11":"pa_material-c45-steel-blued","13":"first","14":"instock","15":"sale","16":"taxable","17":"shipping-taxable","18":"purchasable","19":"product-type-simple"},"_links":{"self":[{"href":"https:\/\/www.mp-molds.com\/sv\/wp-json\/wp\/v2\/product\/50123","targetHints":{"allow":["GET"]}}],"collection":[{"href":"https:\/\/www.mp-molds.com\/sv\/wp-json\/wp\/v2\/product"}],"about":[{"href":"https:\/\/www.mp-molds.com\/sv\/wp-json\/wp\/v2\/types\/product"}],"replies":[{"embeddable":true,"href":"https:\/\/www.mp-molds.com\/sv\/wp-json\/wp\/v2\/comments?post=50123"}],"wp:featuredmedia":[{"embeddable":true,"href":"https:\/\/www.mp-molds.com\/sv\/wp-json\/wp\/v2\/media\/50122"}],"wp:attachment":[{"href":"https:\/\/www.mp-molds.com\/sv\/wp-json\/wp\/v2\/media?parent=50123"}],"wp:term":[{"taxonomy":"product_brand","embeddable":true,"href":"https:\/\/www.mp-molds.com\/sv\/wp-json\/wp\/v2\/product_brand?post=50123"},{"taxonomy":"product_cat","embeddable":true,"href":"https:\/\/www.mp-molds.com\/sv\/wp-json\/wp\/v2\/product_cat?post=50123"},{"taxonomy":"product_tag","embeddable":true,"href":"https:\/\/www.mp-molds.com\/sv\/wp-json\/wp\/v2\/product_tag?post=50123"}],"curies":[{"name":"wp","href":"https:\/\/api.w.org\/{rel}","templated":true}]}}