{"id":50112,"date":"2019-09-16T17:29:28","date_gmt":"2019-09-16T15:29:28","guid":{"rendered":"https:\/\/www.mp-molds.com\/product\/sprue-plate-4-cavity-lenght-115-mm-replacment-set\/"},"modified":"2026-03-06T10:14:26","modified_gmt":"2026-03-06T09:14:26","slug":"ingjutningsplatta-4-halrum-langd-115-mm-ersattningssats","status":"publish","type":"product","link":"https:\/\/www.mp-molds.com\/sv\/product\/sprue-plate-4-cavity-lenght-115-mm-replacment-set\/","title":{"rendered":"Granplatta - 4 h\u00e5lrum (l\u00e4ngd 115 mm) Ers\u00e4ttningssats"},"content":{"rendered":"<ul>\n<li>Granatplatta av st\u00e5l<\/li>\n<li>Bl\u00e5nad<\/li>\n<li>Granath\u00e5l diameter 4 mm<\/li>\n<li>Skruv, bussning och v\u00e5gbricka ing\u00e5r<\/li>\n<\/ul>","protected":false},"excerpt":{"rendered":"<ul>\n<li>Granatplatta av st\u00e5l<\/li>\n<li>Bl\u00e5nad<\/li>\n<li>Granath\u00e5l diameter 4 mm<\/li>\n<li>Skruv, bussning och v\u00e5gbricka ing\u00e5r<\/li>\n<\/ul>","protected":false},"featured_media":50113,"comment_status":"open","ping_status":"open","template":"","meta":[],"product_brand":[],"product_cat":[139],"product_tag":[490],"class_list":{"0":"post-50112","1":"product","2":"type-product","3":"status-publish","4":"has-post-thumbnail","6":"product_cat-spare-parts","7":"product_tag-sprue","8":"pa_brand-mp-molds","9":"pa_dodatni_opis-spare-sprue-plate-set-of-metal-plate-and-screws","10":"pa_manufacturer-mp-molds","11":"pa_material-c45-steel-blued","13":"first","14":"instock","15":"sale","16":"taxable","17":"shipping-taxable","18":"purchasable","19":"product-type-simple"},"_links":{"self":[{"href":"https:\/\/www.mp-molds.com\/sv\/wp-json\/wp\/v2\/product\/50112","targetHints":{"allow":["GET"]}}],"collection":[{"href":"https:\/\/www.mp-molds.com\/sv\/wp-json\/wp\/v2\/product"}],"about":[{"href":"https:\/\/www.mp-molds.com\/sv\/wp-json\/wp\/v2\/types\/product"}],"replies":[{"embeddable":true,"href":"https:\/\/www.mp-molds.com\/sv\/wp-json\/wp\/v2\/comments?post=50112"}],"wp:featuredmedia":[{"embeddable":true,"href":"https:\/\/www.mp-molds.com\/sv\/wp-json\/wp\/v2\/media\/50113"}],"wp:attachment":[{"href":"https:\/\/www.mp-molds.com\/sv\/wp-json\/wp\/v2\/media?parent=50112"}],"wp:term":[{"taxonomy":"product_brand","embeddable":true,"href":"https:\/\/www.mp-molds.com\/sv\/wp-json\/wp\/v2\/product_brand?post=50112"},{"taxonomy":"product_cat","embeddable":true,"href":"https:\/\/www.mp-molds.com\/sv\/wp-json\/wp\/v2\/product_cat?post=50112"},{"taxonomy":"product_tag","embeddable":true,"href":"https:\/\/www.mp-molds.com\/sv\/wp-json\/wp\/v2\/product_tag?post=50112"}],"curies":[{"name":"wp","href":"https:\/\/api.w.org\/{rel}","templated":true}]}}