{"id":50043,"date":"2019-06-04T14:42:27","date_gmt":"2019-06-04T12:42:27","guid":{"rendered":"https:\/\/www.mp-molds.com\/product\/mp-hg50-hbwc-38-357\/"},"modified":"2026-05-11T14:48:26","modified_gmt":"2026-05-11T12:48:26","slug":"mp-hg50-hbwc-38-357","status":"publish","type":"product","link":"https:\/\/www.mp-molds.com\/sv\/product\/mp-hg50-hbwc-38-357\/","title":{"rendered":"MP HG#50 HBWC 38 eller 357, 4 h\u00e5lrumsform"},"content":{"rendered":"<ul>\n<li>Gjuten kaliber .359 - 128 ih\u00e5lig bas eller 146 grain solid<\/li>\n<li>Hollow base\/ nose pour-modifiering av den popul\u00e4ra Hensley &amp; Gibbs #50 wadcuttern f\u00f6r 38 special<\/li>\n<li>Ih\u00e5lig bas (2 olika upps\u00e4ttningar) och tomma stift<\/li>\n<li><strong>versionen med ih\u00e5lig bas \u00e4r endast avsedd f\u00f6r galleri\/skytteladdningar<\/strong><\/li>\n<li>Granatplatta av st\u00e5l<\/li>\n<li>Uppriktningsstift av h\u00e4rdat st\u00e5l<\/li>\n<li>Insexnycklar ing\u00e5r<\/li>\n<li>RCBS\/Lyman toppstans medf\u00f6ljer<\/li>\n<li>Anv\u00e4nd LEE 6-kavitetshandtag eller MP-formhandtag (ing\u00e5r ej)<\/li>\n<\/ul>\n<p>Se v\u00e5ra produktbilder i <a href=\"index.php\/galleri\">galleri<\/a><\/p>","protected":false},"excerpt":{"rendered":"<ul>\n<li>Gjuten kaliber .359 - 128 ih\u00e5lig bas eller 146 grain solid<\/li>\n<li>Hollow base\/ nose pour-modifiering av den popul\u00e4ra Hensley &amp; Gibbs #50 wadcuttern f\u00f6r 38 special<\/li>\n<li>Ih\u00e5lig bas (2 olika upps\u00e4ttningar) och tomma stift<\/li>\n<li><strong>versionen med ih\u00e5lig bas \u00e4r endast avsedd f\u00f6r galleri\/skytteladdningar<\/strong><\/li>\n<li>Granatplatta av st\u00e5l<\/li>\n<li>Uppriktningsstift av h\u00e4rdat st\u00e5l<\/li>\n<li>Insexnycklar ing\u00e5r<\/li>\n<li>RCBS\/Lyman toppstans medf\u00f6ljer<\/li>\n<li>Anv\u00e4nd LEE 6-kavitetshandtag eller MP-formhandtag (ing\u00e5r ej)<\/li>\n<\/ul>\n<p>Se v\u00e5ra produktbilder i <a href=\"index.php\/galleri\">galleri<\/a><\/p>","protected":false},"featured_media":50044,"comment_status":"open","ping_status":"closed","template":"","meta":[],"product_brand":[],"product_cat":[25,24],"product_tag":[434,185],"class_list":{"0":"post-50043","1":"product","2":"type-product","3":"status-publish","4":"has-post-thumbnail","6":"product_cat-hb-hollow-base-molds","7":"product_cat-molds","8":"product_tag-357magnum","9":"product_tag-38-spl","10":"pa_brand-mp-molds","11":"pa_caliber-as-cast-370","12":"pa_dodatni_opis-brass-mold-for-hobby-hand-casting-set-contains-mold-allen-keys-metal-pins-e-clips","13":"pa_handles-included-no","14":"pa_manufacturer-mp-molds","15":"pa_material-brass","16":"pa_number-of-cavities-4-cavities","17":"pa_pb-bb-gc-hb-hollow-base","18":"pa_polica-13-1","20":"first","21":"instock","22":"sale","23":"taxable","24":"shipping-taxable","25":"purchasable","26":"product-type-simple"},"_links":{"self":[{"href":"https:\/\/www.mp-molds.com\/sv\/wp-json\/wp\/v2\/product\/50043","targetHints":{"allow":["GET"]}}],"collection":[{"href":"https:\/\/www.mp-molds.com\/sv\/wp-json\/wp\/v2\/product"}],"about":[{"href":"https:\/\/www.mp-molds.com\/sv\/wp-json\/wp\/v2\/types\/product"}],"replies":[{"embeddable":true,"href":"https:\/\/www.mp-molds.com\/sv\/wp-json\/wp\/v2\/comments?post=50043"}],"wp:featuredmedia":[{"embeddable":true,"href":"https:\/\/www.mp-molds.com\/sv\/wp-json\/wp\/v2\/media\/50044"}],"wp:attachment":[{"href":"https:\/\/www.mp-molds.com\/sv\/wp-json\/wp\/v2\/media?parent=50043"}],"wp:term":[{"taxonomy":"product_brand","embeddable":true,"href":"https:\/\/www.mp-molds.com\/sv\/wp-json\/wp\/v2\/product_brand?post=50043"},{"taxonomy":"product_cat","embeddable":true,"href":"https:\/\/www.mp-molds.com\/sv\/wp-json\/wp\/v2\/product_cat?post=50043"},{"taxonomy":"product_tag","embeddable":true,"href":"https:\/\/www.mp-molds.com\/sv\/wp-json\/wp\/v2\/product_tag?post=50043"}],"curies":[{"name":"wp","href":"https:\/\/api.w.org\/{rel}","templated":true}]}}