{"id":49975,"date":"2019-06-04T16:42:17","date_gmt":"2019-06-04T14:42:17","guid":{"rendered":"https:\/\/www.mp-molds.com\/product\/mp-454-423-hp-pb-4cav\/"},"modified":"2026-03-06T10:13:13","modified_gmt":"2026-03-06T09:13:13","slug":"mp-454-423-hp-pb-4cav","status":"publish","type":"product","link":"https:\/\/www.mp-molds.com\/sv\/product\/mp-454-423-hp-pb-4cav\/","title":{"rendered":"MP 454-423 H\u00e5lpunkt PB 4 kavitetsform"},"content":{"rendered":"<ul>\n<li>Gjuten kaliber .454 - 243 grain solid eller 224 gn hk<\/li>\n<li>N\u00e5lar: Penta, rund, blank, kopp<\/li>\n<li>Granatplatta av st\u00e5l<\/li>\n<li>Uppriktningsstift av h\u00e4rdat st\u00e5l<\/li>\n<li>Insexnycklar ing\u00e5r<\/li>\n<li>RCBS\/Lyman toppstans medf\u00f6ljer<\/li>\n<li>Anv\u00e4nd LEE 6-kavitetshandtag eller MP-formhandtag (ing\u00e5r ej)<\/li>\n<li>Prov p\u00e5 sm\u00f6rjmedel f\u00f6r ingjutning ing\u00e5r (15 ml)<\/li>\n<\/ul>\n<p>Se v\u00e5ra produktbilder i <a href=\"index.php\/galleri\">galleri<\/a><\/p>\n<p><img decoding=\"async\" src=\"images\/454423.png\" alt=\"\" title=\"\"><\/p>","protected":false},"excerpt":{"rendered":"<ul>\n<li>Gjuten kaliber .454 - 243 grain solid eller 224 gn hk<\/li>\n<li>N\u00e5lar: Penta, rund, blank, kopp<\/li>\n<li>Granatplatta av st\u00e5l<\/li>\n<li>Uppriktningsstift av h\u00e4rdat st\u00e5l<\/li>\n<li>Insexnycklar ing\u00e5r<\/li>\n<li>RCBS\/Lyman toppstans medf\u00f6ljer<\/li>\n<li>Anv\u00e4nd LEE 6-kavitetshandtag eller MP-formhandtag (ing\u00e5r ej)<\/li>\n<li>Prov p\u00e5 sm\u00f6rjmedel f\u00f6r ingjutning ing\u00e5r (15 ml)<\/li>\n<\/ul>\n<p>Se v\u00e5ra produktbilder i <a href=\"index.php\/galleri\">galleri<\/a><\/p>","protected":false},"featured_media":49974,"comment_status":"open","ping_status":"open","template":"","meta":[],"product_brand":[],"product_cat":[42,24],"product_tag":[439],"class_list":{"0":"post-49975","1":"product","2":"type-product","3":"status-publish","4":"has-post-thumbnail","6":"product_cat-hp-hollow-points-molds","7":"product_cat-molds","8":"product_tag-45colt","9":"pa_brand-mp-molds","10":"pa_caliber-as-cast-383","11":"pa_dodatni_opis-brass-mold-for-hobby-hand-casting-set-contains-mold-allen-keys-metal-pins-e-clips","12":"pa_handles-included-no","13":"pa_manufacturer-mp-molds","14":"pa_material-brass","15":"pa_number-of-cavities-4-cavities","16":"pa_pb-bb-gc-hb-plain-base","17":"pa_polica-3-3","19":"first","20":"instock","21":"sale","22":"taxable","23":"shipping-taxable","24":"purchasable","25":"product-type-simple"},"_links":{"self":[{"href":"https:\/\/www.mp-molds.com\/sv\/wp-json\/wp\/v2\/product\/49975","targetHints":{"allow":["GET"]}}],"collection":[{"href":"https:\/\/www.mp-molds.com\/sv\/wp-json\/wp\/v2\/product"}],"about":[{"href":"https:\/\/www.mp-molds.com\/sv\/wp-json\/wp\/v2\/types\/product"}],"replies":[{"embeddable":true,"href":"https:\/\/www.mp-molds.com\/sv\/wp-json\/wp\/v2\/comments?post=49975"}],"wp:featuredmedia":[{"embeddable":true,"href":"https:\/\/www.mp-molds.com\/sv\/wp-json\/wp\/v2\/media\/49974"}],"wp:attachment":[{"href":"https:\/\/www.mp-molds.com\/sv\/wp-json\/wp\/v2\/media?parent=49975"}],"wp:term":[{"taxonomy":"product_brand","embeddable":true,"href":"https:\/\/www.mp-molds.com\/sv\/wp-json\/wp\/v2\/product_brand?post=49975"},{"taxonomy":"product_cat","embeddable":true,"href":"https:\/\/www.mp-molds.com\/sv\/wp-json\/wp\/v2\/product_cat?post=49975"},{"taxonomy":"product_tag","embeddable":true,"href":"https:\/\/www.mp-molds.com\/sv\/wp-json\/wp\/v2\/product_tag?post=49975"}],"curies":[{"name":"wp","href":"https:\/\/api.w.org\/{rel}","templated":true}]}}