{"id":51336,"date":"2025-08-23T18:08:01","date_gmt":"2025-08-23T16:08:01","guid":{"rendered":"https:\/\/www.mp-molds.com\/?page_id=51336"},"modified":"2025-09-05T11:20:54","modified_gmt":"2025-09-05T09:20:54","slug":"programvara-for-omladdning","status":"publish","type":"page","link":"https:\/\/www.mp-molds.com\/sv\/reloading-software\/","title":{"rendered":"Programvara f\u00f6r omladdning"},"content":{"rendered":"<div data-elementor-type=\"wp-page\" data-elementor-id=\"51336\" class=\"elementor elementor-51336\" data-elementor-post-type=\"page\">\n\t\t\t\t<div class=\"elementor-element elementor-element-bb24d7e e-flex e-con-boxed wpr-particle-no wpr-jarallax-no wpr-parallax-no wpr-sticky-section-no wpr-equal-height-no e-con e-parent\" data-id=\"bb24d7e\" data-element_type=\"container\" data-e-type=\"container\">\n\t\t\t\t\t<div class=\"e-con-inner\">\n\t\t\t\t<div class=\"elementor-element elementor-element-56e6f4d elementor-widget elementor-widget-heading\" data-id=\"56e6f4d\" data-element_type=\"widget\" data-e-type=\"widget\" data-widget_type=\"heading.default\">\n\t\t\t\t<div class=\"elementor-widget-container\">\n\t\t\t\t\t<h1 class=\"elementor-heading-title elementor-size-default\">Programvara f\u00f6r omladdning<\/h1>\t\t\t\t<\/div>\n\t\t\t\t<\/div>\n\t\t\t\t<div class=\"elementor-element elementor-element-b9cadaa elementor-widget elementor-widget-spacer\" data-id=\"b9cadaa\" data-element_type=\"widget\" data-e-type=\"widget\" data-widget_type=\"spacer.default\">\n\t\t\t\t<div class=\"elementor-widget-container\">\n\t\t\t\t\t\t\t<div class=\"elementor-spacer\">\n\t\t\t<div class=\"elementor-spacer-inner\"><\/div>\n\t\t<\/div>\n\t\t\t\t\t\t<\/div>\n\t\t\t\t<\/div>\n\t\t\t\t\t<\/div>\n\t\t\t\t<\/div>\n\t\t<div class=\"elementor-element elementor-element-86a0777 e-flex e-con-boxed wpr-particle-no wpr-jarallax-no wpr-parallax-no wpr-sticky-section-no wpr-equal-height-no e-con e-parent\" data-id=\"86a0777\" data-element_type=\"container\" data-e-type=\"container\">\n\t\t\t\t\t<div class=\"e-con-inner\">\n\t\t\t\t\t<\/div>\n\t\t\t\t<\/div>\n\t\t<div class=\"elementor-element elementor-element-2691761 e-flex e-con-boxed wpr-particle-no wpr-jarallax-no wpr-parallax-no wpr-sticky-section-no wpr-equal-height-no e-con e-parent\" data-id=\"2691761\" data-element_type=\"container\" data-e-type=\"container\">\n\t\t\t\t\t<div class=\"e-con-inner\">\n\t\t<div class=\"elementor-element elementor-element-f4c31d5 e-con-full e-flex wpr-particle-no wpr-jarallax-no wpr-parallax-no wpr-sticky-section-no wpr-equal-height-no e-con e-child\" data-id=\"f4c31d5\" data-element_type=\"container\" data-e-type=\"container\">\n\t\t\t\t<div class=\"elementor-element elementor-element-e50ff15 elementor-widget elementor-widget-text-editor\" data-id=\"e50ff15\" data-element_type=\"widget\" data-e-type=\"widget\" data-widget_type=\"text-editor.default\">\n\t\t\t\t<div class=\"elementor-widget-container\">\n\t\t\t\t\t\t\t\t\t<h3 id=\"a_modern_professional_internal_ballistic_simulation_for_reloaders\" class=\"sectionedit5 page-header pb-3 mb-4 mt-5\">En modern professionell intern ballistisk simulering f\u00f6r omladdare.<\/h3><div class=\"level3\"><ul class=\"fix-media-list-overlap\"><li class=\"level1\"><div class=\"li\"><strong>GRT \u00e4r fri programvara<\/strong><\/div><\/li><li class=\"level1\"><div class=\"li\">Chatta med oss p\u00e5 v\u00e5r Discord-server:\u00a0<a class=\"urlextern\" title=\"https:\/\/discord.gg\/3FEYWG4\" href=\"https:\/\/discord.gg\/3FEYWG4\" rel=\"ugc nofollow noopener\" target=\"_blank\">https:\/\/discord.gg\/3FEYWG4<\/a><\/div><\/li><li class=\"level1\"><div class=\"li\">Gordons Reloading Channel p\u00e5 Youtube:\u00a0<a class=\"urlextern\" title=\"https:\/\/youtube.com\/gordonsreloading\" href=\"https:\/\/youtube.com\/gordonsreloading\" rel=\"ugc nofollow noopener\" target=\"_blank\">https:\/\/youtube.com\/gordonsreloading<\/a><\/div><\/li><li><a href=\"https:\/\/www.grtools.de\/doku.php?id=grtools:start\" target=\"_blank\" rel=\"noopener\">L\u00e4nk till GRT<\/a><\/li><\/ul><\/div><p><a href=\"https:\/\/www.grtools.de\/doku.php?id=grtools:start\" target=\"_blank\" rel=\"noopener\"><img fetchpriority=\"high\" decoding=\"async\" class=\"size-medium wp-image-51318\" src=\"https:\/\/www.mp-molds.com\/wp-content\/uploads\/2025\/08\/gordons_reloading_screen_shot-300x179.jpg\" alt=\"Gordons omladdningsverktyg\" width=\"300\" height=\"179\" title=\"\" srcset=\"https:\/\/www.mp-molds.com\/wp-content\/uploads\/2025\/08\/gordons_reloading_screen_shot-300x179.jpg 300w, https:\/\/www.mp-molds.com\/wp-content\/uploads\/2025\/08\/gordons_reloading_screen_shot-150x90.jpg 150w, https:\/\/www.mp-molds.com\/wp-content\/uploads\/2025\/08\/gordons_reloading_screen_shot-600x358.jpg 600w, https:\/\/www.mp-molds.com\/wp-content\/uploads\/2025\/08\/gordons_reloading_screen_shot-64x38.jpg 64w, https:\/\/www.mp-molds.com\/wp-content\/uploads\/2025\/08\/gordons_reloading_screen_shot-1024x612.jpg 1024w, https:\/\/www.mp-molds.com\/wp-content\/uploads\/2025\/08\/gordons_reloading_screen_shot-768x459.jpg 768w, https:\/\/www.mp-molds.com\/wp-content\/uploads\/2025\/08\/gordons_reloading_screen_shot-1536x917.jpg 1536w, https:\/\/www.mp-molds.com\/wp-content\/uploads\/2025\/08\/gordons_reloading_screen_shot-2048x1223.jpg 2048w, https:\/\/www.mp-molds.com\/wp-content\/uploads\/2025\/08\/gordons_reloading_screen_shot-18x12.jpg 18w, https:\/\/www.mp-molds.com\/wp-content\/uploads\/2025\/08\/gordons_reloading_screen_shot-990x591.jpg 990w, https:\/\/www.mp-molds.com\/wp-content\/uploads\/2025\/08\/gordons_reloading_screen_shot-441x263.jpg 441w\" sizes=\"(max-width: 300px) 100vw, 300px\" \/><\/a><\/p>\t\t\t\t\t\t\t\t<\/div>\n\t\t\t\t<\/div>\n\t\t\t\t<\/div>\n\t\t<div class=\"elementor-element elementor-element-974df52 e-con-full e-flex wpr-particle-no wpr-jarallax-no wpr-parallax-no wpr-sticky-section-no wpr-equal-height-no e-con e-child\" data-id=\"974df52\" data-element_type=\"container\" data-e-type=\"container\">\n\t\t\t\t<div class=\"elementor-element elementor-element-417588b elementor-widget elementor-widget-text-editor\" data-id=\"417588b\" data-element_type=\"widget\" data-e-type=\"widget\" data-widget_type=\"text-editor.default\">\n\t\t\t\t<div class=\"elementor-widget-container\">\n\t\t\t\t\t\t\t\t\t<h3 id=\"a_modern_professional_internal_ballistic_simulation_for_reloaders\" class=\"sectionedit5 page-header pb-3 mb-4 mt-5\">Online intern ballistisk simulering f\u00f6r omladdare.<\/h3><p>Med detaljerade uppgifter om \u00f6ver 400 kalibrar, \u00f6ver 600 kulor och en st\u00e4ndigt v\u00e4xande lista \u00f6ver krut,<\/p><p>Precise Load \u00e4r utformat f\u00f6r att g\u00f6ra ballistikber\u00e4kningar enkla och tillg\u00e4ngliga f\u00f6r alla.<\/p><p><a href=\"https:\/\/preciseload.com\/\" target=\"_blank\" rel=\"noopener\">L\u00e4nk till Precise load<\/a><\/p><p><a href=\"https:\/\/preciseload.com\/\" target=\"_blank\" rel=\"noopener\"><img decoding=\"async\" class=\"size-medium wp-image-51352\" src=\"https:\/\/www.mp-molds.com\/wp-content\/uploads\/2025\/08\/precise_load-300x170.png\" alt=\"\" width=\"300\" height=\"170\" title=\"\" srcset=\"https:\/\/www.mp-molds.com\/wp-content\/uploads\/2025\/08\/precise_load-300x170.png 300w, https:\/\/www.mp-molds.com\/wp-content\/uploads\/2025\/08\/precise_load-150x85.png 150w, https:\/\/www.mp-molds.com\/wp-content\/uploads\/2025\/08\/precise_load-600x340.png 600w, https:\/\/www.mp-molds.com\/wp-content\/uploads\/2025\/08\/precise_load-64x36.png 64w, https:\/\/www.mp-molds.com\/wp-content\/uploads\/2025\/08\/precise_load-768x435.png 768w, https:\/\/www.mp-molds.com\/wp-content\/uploads\/2025\/08\/precise_load-18x10.png 18w, https:\/\/www.mp-molds.com\/wp-content\/uploads\/2025\/08\/precise_load-441x250.png 441w, https:\/\/www.mp-molds.com\/wp-content\/uploads\/2025\/08\/precise_load.png 963w\" sizes=\"(max-width: 300px) 100vw, 300px\" \/><\/a><\/p>\t\t\t\t\t\t\t\t<\/div>\n\t\t\t\t<\/div>\n\t\t\t\t<div class=\"elementor-element elementor-element-50bfbf8 elementor-widget elementor-widget-spacer\" data-id=\"50bfbf8\" data-element_type=\"widget\" data-e-type=\"widget\" data-widget_type=\"spacer.default\">\n\t\t\t\t<div class=\"elementor-widget-container\">\n\t\t\t\t\t\t\t<div class=\"elementor-spacer\">\n\t\t\t<div class=\"elementor-spacer-inner\"><\/div>\n\t\t<\/div>\n\t\t\t\t\t\t<\/div>\n\t\t\t\t<\/div>\n\t\t\t\t<\/div>\n\t\t\t\t\t<\/div>\n\t\t\t\t<\/div>\n\t\t<div class=\"elementor-element elementor-element-5daa0ac e-flex e-con-boxed wpr-particle-no wpr-jarallax-no wpr-parallax-no wpr-sticky-section-no wpr-equal-height-no e-con e-parent\" data-id=\"5daa0ac\" data-element_type=\"container\" data-e-type=\"container\">\n\t\t\t\t\t<div class=\"e-con-inner\">\n\t\t\t\t\t<\/div>\n\t\t\t\t<\/div>\n\t\t<div class=\"elementor-element elementor-element-486af70 e-flex e-con-boxed wpr-particle-no wpr-jarallax-no wpr-parallax-no wpr-sticky-section-no wpr-equal-height-no e-con e-parent\" data-id=\"486af70\" data-element_type=\"container\" data-e-type=\"container\">\n\t\t\t\t\t<div class=\"e-con-inner\">\n\t\t\t\t<div class=\"elementor-element elementor-element-7ba57fd elementor-widget elementor-widget-heading\" data-id=\"7ba57fd\" data-element_type=\"widget\" data-e-type=\"widget\" data-widget_type=\"heading.default\">\n\t\t\t\t<div class=\"elementor-widget-container\">\n\t\t\t\t\t<h1 class=\"elementor-heading-title elementor-size-default\">Ballistikkalkylatorer och appar<\/h1>\t\t\t\t<\/div>\n\t\t\t\t<\/div>\n\t\t\t\t\t<\/div>\n\t\t\t\t<\/div>\n\t\t<div class=\"elementor-element elementor-element-57c3215 e-flex e-con-boxed wpr-particle-no wpr-jarallax-no wpr-parallax-no wpr-sticky-section-no wpr-equal-height-no e-con e-parent\" data-id=\"57c3215\" data-element_type=\"container\" data-e-type=\"container\">\n\t\t\t\t\t<div class=\"e-con-inner\">\n\t\t\t\t<div class=\"elementor-element elementor-element-3c2c682 elementor-widget elementor-widget-spacer\" data-id=\"3c2c682\" data-element_type=\"widget\" data-e-type=\"widget\" data-widget_type=\"spacer.default\">\n\t\t\t\t<div class=\"elementor-widget-container\">\n\t\t\t\t\t\t\t<div class=\"elementor-spacer\">\n\t\t\t<div class=\"elementor-spacer-inner\"><\/div>\n\t\t<\/div>\n\t\t\t\t\t\t<\/div>\n\t\t\t\t<\/div>\n\t\t\t\t<div class=\"elementor-element elementor-element-c41951a elementor-widget elementor-widget-text-editor\" data-id=\"c41951a\" data-element_type=\"widget\" data-e-type=\"widget\" data-widget_type=\"text-editor.default\">\n\t\t\t\t<div class=\"elementor-widget-container\">\n\t\t\t\t\t\t\t\t\t<ul data-start=\"179\" data-end=\"2109\"><li data-start=\"179\" data-end=\"378\"><p data-start=\"181\" data-end=\"378\"><a href=\"https:\/\/www.hornady.com\/4dof?utm_source=chatgpt.com\" target=\"_blank\" rel=\"noopener\"><strong data-start=\"181\" data-end=\"213\">Hornady ballistisk kalkylator<\/strong> - En omfattande onlinekalkylator fr\u00e5n Hornady f\u00f6r inmatning av patron-, kul- och milj\u00f6data f\u00f6r att ber\u00e4kna banan<\/a><\/p><\/li><li data-start=\"380\" data-end=\"609\"><p data-start=\"382\" data-end=\"609\"><a href=\"https:\/\/www.federalpremium.com\/ballistics-calculator?utm_source=chatgpt.com\" target=\"_blank\" rel=\"noopener\"><strong data-start=\"382\" data-end=\"423\">Federal Premium Ballistik Kalkylator<\/strong> - L\u00e5ter dig best\u00e4mma banan f\u00f6r laddningar till gev\u00e4r eller handeldvapen, med m\u00f6jlighet att spara flera anpassade laddningar. Finns i b\u00e5de imperialistiska och metriska enheter.<\/a><\/p><\/li><li data-start=\"611\" data-end=\"807\"><p data-start=\"613\" data-end=\"807\"><a href=\"https:\/\/ballisticscalculator.winchester.com\/?utm_source=chatgpt.com\" target=\"_blank\" rel=\"noopener\"><strong data-start=\"613\" data-end=\"649\">Winchesters ballistiska kalkylator<\/strong> - Ange dina jakt- eller skjutf\u00f6rh\u00e5llanden f\u00f6r att visualisera kulans fall, avdrift, hastighet och energi via grafer och diagram.<\/a><\/p><\/li><li data-start=\"809\" data-end=\"990\"><p data-start=\"811\" data-end=\"990\"><a href=\"https:\/\/bergerbullets.com\/ballistics-calculator\/?utm_source=chatgpt.com\" target=\"_blank\" rel=\"noopener\"><strong data-start=\"811\" data-end=\"851\">Berger Bullets ballistikkalkylator<\/strong> - Ber\u00e4knar banan med hj\u00e4lp av G1 eller G7 ballistiska koefficienter (BC), med h\u00e4nsyn tagen till externa faktorer.<\/a><\/p><\/li><li data-start=\"992\" data-end=\"1238\"><p data-start=\"994\" data-end=\"1238\"><a href=\"https:\/\/www.lapua.com\/support\/lapua-ballistics-app-2\/?utm_source=chatgpt.com\" target=\"_blank\" rel=\"noopener\"><strong data-start=\"994\" data-end=\"1018\">Lapua Ballistik App<\/strong> - En gratis mobil 6DOF ballistisk kalkylator (den mest exakta typen) som anv\u00e4nder Doppler-bepr\u00f6vade data. St\u00f6der flera spr\u00e5k och till\u00e5ter anpassade kulposter. Finns f\u00f6r iOS och Android.<\/a><\/p><\/li><li data-start=\"1240\" data-end=\"1480\"><p data-start=\"1242\" data-end=\"1480\"><a href=\"https:\/\/appliedballisticsllc.com\/?utm_source=chatgpt.com\" target=\"_blank\" rel=\"noopener\"><strong data-start=\"1242\" data-end=\"1287\">Till\u00e4mpad ballistik (AB Quantum\u2122 och appar)<\/strong> - Erbjuder mycket exakta l\u00f6sare och appar som AB Analytics (desktop), AB Mobile, Kestrel LiNK Ballistics, SIG Sauer BDX, Bushnell Ballistics m.fl.<\/a><\/p><\/li><li data-start=\"1482\" data-end=\"1718\"><p data-start=\"1484\" data-end=\"1718\"><a href=\"https:\/\/www.p-max.uk\/?utm_source=chatgpt.com\" target=\"_blank\" rel=\"noopener\"><strong data-start=\"1484\" data-end=\"1523\">P-Max intern ballistiksimulator<\/strong> - Ett kostnadsfritt, webbl\u00e4sarbaserat internt ballistikverktyg som simulerar tryck, hastighet och energi med grafer. Varnar f\u00f6r att ers\u00e4tta s\u00e4kra tester i verkligheten.<\/a><\/p><\/li><\/ul>\t\t\t\t\t\t\t\t<\/div>\n\t\t\t\t<\/div>\n\t\t\t\t\t<\/div>\n\t\t\t\t<\/div>\n\t\t<div class=\"elementor-element elementor-element-4c4c40a e-flex e-con-boxed wpr-particle-no wpr-jarallax-no wpr-parallax-no wpr-sticky-section-no wpr-equal-height-no e-con e-parent\" data-id=\"4c4c40a\" data-element_type=\"container\" data-e-type=\"container\">\n\t\t\t\t\t<div class=\"e-con-inner\">\n\t\t\t\t<div class=\"elementor-element elementor-element-036b54c elementor-widget elementor-widget-spacer\" data-id=\"036b54c\" data-element_type=\"widget\" data-e-type=\"widget\" data-widget_type=\"spacer.default\">\n\t\t\t\t<div class=\"elementor-widget-container\">\n\t\t\t\t\t\t\t<div class=\"elementor-spacer\">\n\t\t\t<div class=\"elementor-spacer-inner\"><\/div>\n\t\t<\/div>\n\t\t\t\t\t\t<\/div>\n\t\t\t\t<\/div>\n\t\t\t\t\t<\/div>\n\t\t\t\t<\/div>\n\t\t<div class=\"elementor-element elementor-element-0dc736f e-flex e-con-boxed wpr-particle-no wpr-jarallax-no wpr-parallax-no wpr-sticky-section-no wpr-equal-height-no e-con e-parent\" data-id=\"0dc736f\" data-element_type=\"container\" data-e-type=\"container\">\n\t\t\t\t\t<div class=\"e-con-inner\">\n\t\t\t\t<div class=\"elementor-element elementor-element-8a1e3be elementor-widget elementor-widget-heading\" data-id=\"8a1e3be\" data-element_type=\"widget\" data-e-type=\"widget\" data-widget_type=\"heading.default\">\n\t\t\t\t<div class=\"elementor-widget-container\">\n\t\t\t\t\t<h1 class=\"elementor-heading-title elementor-size-default\">Kalkylatorer f\u00f6r blylegeringar och BHN<\/h1>\t\t\t\t<\/div>\n\t\t\t\t<\/div>\n\t\t\t\t\t<\/div>\n\t\t\t\t<\/div>\n\t\t<div class=\"elementor-element elementor-element-91dfb5f e-flex e-con-boxed wpr-particle-no wpr-jarallax-no wpr-parallax-no wpr-sticky-section-no wpr-equal-height-no e-con e-parent\" data-id=\"91dfb5f\" data-element_type=\"container\" data-e-type=\"container\">\n\t\t\t\t\t<div class=\"e-con-inner\">\n\t\t\t\t<div class=\"elementor-element elementor-element-743dbba elementor-widget elementor-widget-spacer\" data-id=\"743dbba\" data-element_type=\"widget\" data-e-type=\"widget\" data-widget_type=\"spacer.default\">\n\t\t\t\t<div class=\"elementor-widget-container\">\n\t\t\t\t\t\t\t<div class=\"elementor-spacer\">\n\t\t\t<div class=\"elementor-spacer-inner\"><\/div>\n\t\t<\/div>\n\t\t\t\t\t\t<\/div>\n\t\t\t\t<\/div>\n\t\t\t\t\t<\/div>\n\t\t\t\t<\/div>\n\t\t<div class=\"elementor-element elementor-element-0dcae96 e-flex e-con-boxed wpr-particle-no wpr-jarallax-no wpr-parallax-no wpr-sticky-section-no wpr-equal-height-no e-con e-parent\" data-id=\"0dcae96\" data-element_type=\"container\" data-e-type=\"container\">\n\t\t\t\t\t<div class=\"e-con-inner\">\n\t\t\t\t<div class=\"elementor-element elementor-element-47802ec elementor-widget elementor-widget-text-editor\" data-id=\"47802ec\" data-element_type=\"widget\" data-e-type=\"widget\" data-widget_type=\"text-editor.default\">\n\t\t\t\t<div class=\"elementor-widget-container\">\n\t\t\t\t\t\t\t\t\t<ul><li data-start=\"75\" data-end=\"282\"><p data-start=\"77\" data-end=\"282\"><strong data-start=\"77\" data-end=\"169\"><a class=\"decorated-link\" href=\"https:\/\/bulletmatch.com\/pages\/lead-alloy-calculator\" target=\"_new\" rel=\"noopener\" data-start=\"79\" data-end=\"167\">BulletMatch kalkylator f\u00f6r blylegering<\/a><\/strong> - Ett onlineverktyg d\u00e4r du matar in varje legeringskomponents vikt och sammans\u00e4ttning f\u00f6r att best\u00e4mma den resulterande blandningen.<\/p><\/li><li data-start=\"284\" data-end=\"499\"><p data-start=\"286\" data-end=\"499\"><strong data-start=\"286\" data-end=\"355\"><a class=\"decorated-link\" href=\"https:\/\/www.weatherby.dk\/bhn.htm\" target=\"_new\" rel=\"noopener\" data-start=\"288\" data-end=\"353\">BHN-kalkylator (weatherby.dk)<\/a><\/strong> - En kalkylator f\u00f6r Brinell-h\u00e5rdhetstal (BHN) som g\u00f6r det m\u00f6jligt att blanda tv\u00e5 blylegeringar genom att ange tenn-, antimon- och blyprocent samt vikt.<\/p><\/li><li data-start=\"501\" data-end=\"815\"><p data-start=\"503\" data-end=\"815\"><strong data-start=\"503\" data-end=\"644\"><a class=\"decorated-link\" href=\"https:\/\/forum.castbulletassoc.org\/thread\/3325-alloy-calculator-spreadsheet\/\" target=\"_new\" rel=\"noopener\" data-start=\"505\" data-end=\"642\">Kalkylblad f\u00f6r legeringskalkylator f\u00f6r Cast Bullet Association (CBA)<\/a><\/strong> - Ett anv\u00e4ndarskapat kalkylbladsverktyg (tillg\u00e4ngligt p\u00e5 CBA-forum) f\u00f6r uppskattning av legeringars h\u00e5rdhet. \u00c4ven om det inte \u00e4r helt exakt, anses det vara tillr\u00e4ckligt exakt f\u00f6r allm\u00e4n anv\u00e4ndning.<\/p><\/li><li data-start=\"817\" data-end=\"1094\"><p data-start=\"819\" data-end=\"1094\"><strong data-start=\"819\" data-end=\"954\"><a class=\"decorated-link\" href=\"https:\/\/www.reddit.com\/r\/reloading\/comments\/plrqno\/help_calculating_how_much_alloy_to_add_to_plain\/\" target=\"_new\" rel=\"noopener\" data-start=\"821\" data-end=\"952\">Kalkylblad delat p\u00e5 Reddit<\/a><\/strong> - En kollega omladdare delade ett kalkylblad f\u00f6r legeringskalkylator (<strong data-start=\"1015\" data-end=\"1030\">Alloy12.xls<\/strong>) f\u00f6r att blanda legeringar f\u00f6r att uppn\u00e5 \u00f6nskad h\u00e5rdhet eller sammans\u00e4ttning.<\/p><\/li><\/ul>\t\t\t\t\t\t\t\t<\/div>\n\t\t\t\t<\/div>\n\t\t\t\t\t<\/div>\n\t\t\t\t<\/div>\n\t\t\t\t<\/div>","protected":false},"excerpt":{"rendered":"<p>Reloading-programvara En modern professionell intern ballistisk simulering f\u00f6r omladdare. GRT \u00e4r fri programvara Chatta med oss p\u00e5 v\u00e5r Discord-Server: https:\/\/discord.gg\/3FEYWG4 Gordons Reloading Channel p\u00e5 Youtube: https:\/\/youtube.com\/gordonsreloading L\u00e4nk till GRT Online intern ballistisk simulering f\u00f6r omladdare. Med detaljerade data om 400+ kalibrar, 600+ kulor och en st\u00e4ndigt v\u00e4xande lista \u00f6ver pistolpulver, \u00e4r Precise Load utformad f\u00f6r att g\u00f6ra ballistikber\u00e4kningar enkla och tillg\u00e4ngliga f\u00f6r alla. L\u00e4nk till Precise load Ballistikber\u00e4knare och appar Hornady Ballistic Calculator - En omfattande onlinekalkylator fr\u00e5n Hornady f\u00f6r att mata in patron-, kul- och milj\u00f6data f\u00f6r att ber\u00e4kna banan Federal Premium Ballistics Calculator - L\u00e5ter dig best\u00e4mma banan f\u00f6r gev\u00e4rs- eller handeldvapenladdningar, med alternativ f\u00f6r att spara flera anpassade laddningar. Finns i b\u00e5de imperialistiska och metriska enheter. Winchester Ballistics Calculator - Ange dina jakt- eller skjutf\u00f6rh\u00e5llanden f\u00f6r att visualisera kulans fall, drift, hastighet och energi via grafer och diagram. Berger Bullets Ballistics Calculator - Ber\u00e4knar banan med hj\u00e4lp av G1 eller G7 ballistiska koefficienter (BC), med h\u00e4nsyn till externa faktorer. Lapua Ballistics App - En gratis mobil 6DOF ballistisk kalkylator (den mest exakta typen) som anv\u00e4nder Doppler-bepr\u00f6vade data. St\u00f6der flera spr\u00e5k och till\u00e5ter anpassade kulposter. Finns f\u00f6r iOS och Android. Applied Ballistics (AB Quantum\u2122 och appar) - Erbjuder mycket exakta l\u00f6sare och appar som AB Analytics (desktop), AB Mobile, Kestrel LiNK Ballistics, SIG Sauer BDX, Bushnell Ballistics m.fl. P-Max Internal Ballistics Simulator - Ett gratis, webbl\u00e4sarbaserat verktyg f\u00f6r intern ballistik som simulerar tryck, hastighet och energi med grafer. Varnar f\u00f6r att ers\u00e4tta s\u00e4ker, verklig testning. Blylegerings- och BHN-kalkylatorer BulletMatch Lead Alloy Calculator - Ett onlineverktyg d\u00e4r du matar in varje legeringskomponents vikt och sammans\u00e4ttning f\u00f6r att best\u00e4mma den resulterande blandningen. BHN Calculator (weatherby.dk) - En BHN-kalkylator (Brinell Hardness Number) som l\u00e5ter dig blanda tv\u00e5 blylegeringar genom att ange tenn-, antimon- och blyprocent samt vikt. Cast Bullet Association (CBA) Alloy Calculator Spreadsheet - Ett anv\u00e4ndarskapat kalkylbladsverktyg (tillg\u00e4ngligt p\u00e5 CBA-forum) f\u00f6r att uppskatta legeringars h\u00e5rdhet. \u00c4ven om det inte \u00e4r helt exakt, anses det vara tillr\u00e4ckligt exakt f\u00f6r allm\u00e4nt bruk. Kalkylblad delat p\u00e5 Reddit - En annan laddare delade ett kalkylblad med en legeringskalkylator (Alloy12.xls) f\u00f6r att blanda legeringar f\u00f6r att n\u00e5 \u00f6nskad h\u00e5rdhet eller sammans\u00e4ttning.<\/p>","protected":false},"author":1,"featured_media":0,"parent":0,"menu_order":0,"comment_status":"closed","ping_status":"closed","template":"template-fullwidth.php","meta":{"footnotes":""},"class_list":["post-51336","page","type-page","status-publish","hentry"],"_links":{"self":[{"href":"https:\/\/www.mp-molds.com\/sv\/wp-json\/wp\/v2\/pages\/51336","targetHints":{"allow":["GET"]}}],"collection":[{"href":"https:\/\/www.mp-molds.com\/sv\/wp-json\/wp\/v2\/pages"}],"about":[{"href":"https:\/\/www.mp-molds.com\/sv\/wp-json\/wp\/v2\/types\/page"}],"author":[{"embeddable":true,"href":"https:\/\/www.mp-molds.com\/sv\/wp-json\/wp\/v2\/users\/1"}],"replies":[{"embeddable":true,"href":"https:\/\/www.mp-molds.com\/sv\/wp-json\/wp\/v2\/comments?post=51336"}],"version-history":[{"count":14,"href":"https:\/\/www.mp-molds.com\/sv\/wp-json\/wp\/v2\/pages\/51336\/revisions"}],"predecessor-version":[{"id":56125,"href":"https:\/\/www.mp-molds.com\/sv\/wp-json\/wp\/v2\/pages\/51336\/revisions\/56125"}],"wp:attachment":[{"href":"https:\/\/www.mp-molds.com\/sv\/wp-json\/wp\/v2\/media?parent=51336"}],"curies":[{"name":"wp","href":"https:\/\/api.w.org\/{rel}","templated":true}]}}