{"id":50894,"date":"2024-10-04T14:12:37","date_gmt":"2024-10-04T12:12:37","guid":{"rendered":"https:\/\/www.mp-molds.com\/?page_id=50894"},"modified":"2024-10-07T10:39:38","modified_gmt":"2024-10-07T08:39:38","slug":"leverans","status":"publish","type":"page","link":"https:\/\/www.mp-molds.com\/sv\/delivery\/","title":{"rendered":"Leverans"},"content":{"rendered":"<div data-elementor-type=\"wp-page\" data-elementor-id=\"50894\" class=\"elementor elementor-50894\" data-elementor-post-type=\"page\">\n\t\t\t\t<div class=\"elementor-element elementor-element-292522c e-flex e-con-boxed wpr-particle-no wpr-jarallax-no wpr-parallax-no wpr-sticky-section-no wpr-equal-height-no e-con e-parent\" data-id=\"292522c\" data-element_type=\"container\" data-e-type=\"container\">\n\t\t\t\t\t<div class=\"e-con-inner\">\n\t\t\t\t<div class=\"elementor-element elementor-element-fcb8c11 elementor-view-default elementor-widget elementor-widget-icon\" data-id=\"fcb8c11\" data-element_type=\"widget\" data-e-type=\"widget\" data-widget_type=\"icon.default\">\n\t\t\t\t<div class=\"elementor-widget-container\">\n\t\t\t\t\t\t\t<div class=\"elementor-icon-wrapper\">\n\t\t\t<div class=\"elementor-icon\">\n\t\t\t<svg aria-hidden=\"true\" class=\"e-font-icon-svg e-fas-truck\" viewbox=\"0 0 640 512\" xmlns=\"http:\/\/www.w3.org\/2000\/svg\"><path d=\"M624 352h-16V243.9c0-12.7-5.1-24.9-14.1-33.9L494 110.1c-9-9-21.2-14.1-33.9-14.1H416V48c0-26.5-21.5-48-48-48H48C21.5 0 0 21.5 0 48v320c0 26.5 21.5 48 48 48h16c0 53 43 96 96 96s96-43 96-96h128c0 53 43 96 96 96s96-43 96-96h48c8.8 0 16-7.2 16-16v-32c0-8.8-7.2-16-16-16zM160 464c-26.5 0-48-21.5-48-48s21.5-48 48-48 48 21.5 48 48-21.5 48-48 48zm320 0c-26.5 0-48-21.5-48-48s21.5-48 48-48 48 21.5 48 48-21.5 48-48 48zm80-208H416V144h44.1l99.9 99.9V256z\"><\/path><\/svg>\t\t\t<\/div>\n\t\t<\/div>\n\t\t\t\t\t\t<\/div>\n\t\t\t\t<\/div>\n\t\t\t\t<div class=\"elementor-element elementor-element-5be76fb elementor-widget elementor-widget-heading\" data-id=\"5be76fb\" data-element_type=\"widget\" data-e-type=\"widget\" data-widget_type=\"heading.default\">\n\t\t\t\t<div class=\"elementor-widget-container\">\n\t\t\t\t\t<h2 class=\"elementor-heading-title elementor-size-default\">Leverans<\/h2>\t\t\t\t<\/div>\n\t\t\t\t<\/div>\n\t\t\t\t<div class=\"elementor-element elementor-element-0a12efe elementor-widget elementor-widget-text-editor\" data-id=\"0a12efe\" data-element_type=\"widget\" data-e-type=\"widget\" data-widget_type=\"text-editor.default\">\n\t\t\t\t<div class=\"elementor-widget-container\">\n\t\t\t\t\t\t\t\t\t<div class=\"vc_row wpb_row vc_row-fluid\"><div class=\"wpb_column vc_column_container vc_col-sm-12\"><div class=\"vc_column-inner\"><div class=\"wpb_wrapper\"><div class=\"vc_separator wpb_content_element vc_separator_align_center vc_sep_width_100 vc_sep_pos_align_center vc_sep_color_grey wpb_content_element vc_separator-has-text\"><div class=\"vc_icon_element vc_icon_element-outer vc_do_icon vc_icon_element-align-left\"><div class=\"vc_icon_element-inner vc_icon_element-color-sandy_brown vc_icon_element-size-md vc_icon_element-style- vc_icon_element-background-color-grey\">Leveransen utf\u00f6rs av\u00a0<a href=\"https:\/\/www.ups.com\/us\/en\/global.page\" target=\"_blank\" rel=\"noopener\">UPS<\/a>\u00a0eller\u00a0<a href=\"https:\/\/www.fedex.com\/global\/choose-location.html\" target=\"_blank\" rel=\"noopener\">FedEx<\/a>. Vi f\u00f6rs\u00f6ker h\u00e5lla leveranstiden s\u00e5 snabb som m\u00f6jligt f\u00f6r alla k\u00f6pta artiklar i lager, som vi skickar ut inom 48 timmar efter onlinebest\u00e4llning. Om en vara inte finns i lager kommer vi att kontakta dig om leveranstiden s\u00e5 snart som m\u00f6jligt. Leveransdatum \u00f6verstiger inte 30 dagar om inte kunden \u00f6nskar det. Leveranskostnaderna debiteras vid best\u00e4llningstillf\u00e4llet baserat p\u00e5 leveransmetod och baserat p\u00e5 kundens adress. Vid leverans utanf\u00f6r EU \u00e4r MP-molds.com (MP Kalupi d.o.o.) inte ansvarig f\u00f6r eventuella tullavgifter i kundens land.<\/div><\/div><\/div><\/div><\/div><\/div><\/div>\t\t\t\t\t\t\t\t<\/div>\n\t\t\t\t<\/div>\n\t\t\t\t\t<\/div>\n\t\t\t\t<\/div>\n\t\t\t\t<\/div>","protected":false},"excerpt":{"rendered":"<p>Leverans Leveransen utf\u00f6rs av UPS eller FedEx. Vi f\u00f6rs\u00f6ker h\u00e5lla leveranstiden s\u00e5 snabb som m\u00f6jligt f\u00f6r alla k\u00f6pta artiklar i lager, som vi skickar ut inom 48 timmar efter onlinebest\u00e4llning. Om en vara inte finns i lager kommer vi att kontakta dig om leveranstiden s\u00e5 snart som m\u00f6jligt. Leveransdatum \u00f6verstiger inte 30 dagar om inte kunden \u00f6nskar det. Leveranskostnaderna debiteras vid best\u00e4llningstillf\u00e4llet baserat p\u00e5 leveransmetod och baserat p\u00e5 kundens adress. Vid leverans utanf\u00f6r EU \u00e4r MP-molds.com (MP Kalupi d.o.o.) inte ansvarig f\u00f6r eventuella tullavgifter i kundens land.<\/p>","protected":false},"author":1,"featured_media":0,"parent":0,"menu_order":0,"comment_status":"closed","ping_status":"closed","template":"template-fullwidth.php","meta":{"footnotes":""},"class_list":["post-50894","page","type-page","status-publish","hentry"],"_links":{"self":[{"href":"https:\/\/www.mp-molds.com\/sv\/wp-json\/wp\/v2\/pages\/50894","targetHints":{"allow":["GET"]}}],"collection":[{"href":"https:\/\/www.mp-molds.com\/sv\/wp-json\/wp\/v2\/pages"}],"about":[{"href":"https:\/\/www.mp-molds.com\/sv\/wp-json\/wp\/v2\/types\/page"}],"author":[{"embeddable":true,"href":"https:\/\/www.mp-molds.com\/sv\/wp-json\/wp\/v2\/users\/1"}],"replies":[{"embeddable":true,"href":"https:\/\/www.mp-molds.com\/sv\/wp-json\/wp\/v2\/comments?post=50894"}],"version-history":[{"count":2,"href":"https:\/\/www.mp-molds.com\/sv\/wp-json\/wp\/v2\/pages\/50894\/revisions"}],"predecessor-version":[{"id":50942,"href":"https:\/\/www.mp-molds.com\/sv\/wp-json\/wp\/v2\/pages\/50894\/revisions\/50942"}],"wp:attachment":[{"href":"https:\/\/www.mp-molds.com\/sv\/wp-json\/wp\/v2\/media?parent=50894"}],"curies":[{"name":"wp","href":"https:\/\/api.w.org\/{rel}","templated":true}]}}