{"id":50787,"date":"2023-10-06T11:07:22","date_gmt":"2023-10-06T09:07:22","guid":{"rendered":"https:\/\/www.mp-molds.com\/product\/mp-45-270saa-solid-6-cavity-alu-mold\/"},"modified":"2026-04-04T18:29:54","modified_gmt":"2026-04-04T16:29:54","slug":"mp-45-270saa-6-komorowa-forma-z-litego-aluminium","status":"publish","type":"product","link":"https:\/\/www.mp-molds.com\/pl\/product\/mp-45-270saa-solid-6-cavity-alu-mold\/","title":{"rendered":"MP 45-270SAA SOLID 6-komorowa forma ALU"},"content":{"rendered":"<ul>\n<li>Odlewany kaliber .454.<\/li>\n<li>Aluminium, 6 wg\u0142\u0119bie\u0144<\/li>\n<li>Solidne 285 gr.<\/li>\n<li>Listwa do zagniatania rowka 0,416\u2033<\/li>\n<li>Stalowa p\u0142yta wlewowa<\/li>\n<li>Sworznie wyr\u00f3wnuj\u0105ce z hartowanej stali<\/li>\n<li>Klucze imbusowe w zestawie<\/li>\n<li>W zestawie stempel g\u00f3rny RCBS\/Lyman<\/li>\n<li>U\u017cyj uchwytu LEE 6 lub uchwyt\u00f3w form MP (NIE do\u0142\u0105czone)<\/li>\n<\/ul>\n<p>Zobacz zdj\u0119cia naszych produkt\u00f3w w <a href=\"index.php\/gallery\">galeria<\/a><\/p>","protected":false},"excerpt":{"rendered":"<ul>\n<li>Odlewany kaliber .454.<\/li>\n<li>Aluminium, 6 wg\u0142\u0119bie\u0144<\/li>\n<li>Solidne 285 gr.<\/li>\n<li>Listwa do zagniatania rowka 0,416\u2033<\/li>\n<li>Stalowa p\u0142yta wlewowa<\/li>\n<li>Sworznie wyr\u00f3wnuj\u0105ce z hartowanej stali<\/li>\n<li>Klucze imbusowe w zestawie<\/li>\n<li>W zestawie stempel g\u00f3rny RCBS\/Lyman<\/li>\n<li>U\u017cyj uchwytu LEE 6 lub uchwyt\u00f3w form MP (NIE do\u0142\u0105czone)<\/li>\n<\/ul>\n<p>Zobacz zdj\u0119cia naszych produkt\u00f3w w <a href=\"index.php\/gallery\">galeria<\/a><\/p>","protected":false},"featured_media":49983,"comment_status":"open","ping_status":"open","template":"","meta":[],"product_brand":[],"product_cat":[24,33],"product_tag":[439],"class_list":{"0":"post-50787","1":"product","2":"type-product","3":"status-publish","4":"has-post-thumbnail","6":"product_cat-molds","7":"product_cat-solid-molds","8":"product_tag-45colt","9":"pa_brand-mp-molds","10":"pa_caliber-as-cast-383","11":"pa_handles-included-no","12":"pa_manufacturer-mp-molds","13":"pa_material-aluminum","14":"pa_number-of-cavities-6-cavities","15":"pa_pb-bb-gc-hb-plain-base","16":"pa_polica-pis","18":"first","19":"instock","20":"sale","21":"taxable","22":"shipping-taxable","23":"purchasable","24":"product-type-simple"},"_links":{"self":[{"href":"https:\/\/www.mp-molds.com\/pl\/wp-json\/wp\/v2\/product\/50787","targetHints":{"allow":["GET"]}}],"collection":[{"href":"https:\/\/www.mp-molds.com\/pl\/wp-json\/wp\/v2\/product"}],"about":[{"href":"https:\/\/www.mp-molds.com\/pl\/wp-json\/wp\/v2\/types\/product"}],"replies":[{"embeddable":true,"href":"https:\/\/www.mp-molds.com\/pl\/wp-json\/wp\/v2\/comments?post=50787"}],"wp:featuredmedia":[{"embeddable":true,"href":"https:\/\/www.mp-molds.com\/pl\/wp-json\/wp\/v2\/media\/49983"}],"wp:attachment":[{"href":"https:\/\/www.mp-molds.com\/pl\/wp-json\/wp\/v2\/media?parent=50787"}],"wp:term":[{"taxonomy":"product_brand","embeddable":true,"href":"https:\/\/www.mp-molds.com\/pl\/wp-json\/wp\/v2\/product_brand?post=50787"},{"taxonomy":"product_cat","embeddable":true,"href":"https:\/\/www.mp-molds.com\/pl\/wp-json\/wp\/v2\/product_cat?post=50787"},{"taxonomy":"product_tag","embeddable":true,"href":"https:\/\/www.mp-molds.com\/pl\/wp-json\/wp\/v2\/product_tag?post=50787"}],"curies":[{"name":"wp","href":"https:\/\/api.w.org\/{rel}","templated":true}]}}