{"id":50784,"date":"2023-07-28T08:52:17","date_gmt":"2023-07-28T06:52:17","guid":{"rendered":"https:\/\/www.mp-molds.com\/product\/mp-12ga-28-grams-430gn-wad-slug-2-cavity-mold\/"},"modified":"2026-05-11T16:04:51","modified_gmt":"2026-05-11T14:04:51","slug":"mp-12ga-28-g-430-g-wad-slug-2-cavity-mold","status":"publish","type":"product","link":"https:\/\/www.mp-molds.com\/pl\/product\/mp-12ga-28-grams-430gn-wad-slug-2-cavity-mold\/","title":{"rendered":"MP 12Ga 28 gram\u00f3w (430 g) - \u015blimak WAD, forma z 2 wg\u0142\u0119bieniami"},"content":{"rendered":"<ul>\n<li>Odlewany \u015brut 12 Ga, 430 grains (28 gram\u00f3w) z czystego o\u0142owiu<\/li>\n<li>\u015arednica odlewu .680\u2033.<\/li>\n<li>Przeznaczony do u\u017cytku z plastikowym kubkiem<\/li>\n<li>Stalowa p\u0142yta wlewowa<\/li>\n<li>Sworznie wyr\u00f3wnuj\u0105ce z hartowanej stali<\/li>\n<li>Klucze imbusowe s\u0105 do\u0142\u0105czone<\/li>\n<li>U\u017cyj uchwytu wn\u0119kowego LEE 6 lub <a href=\"index.php\/e-shop\/mp-handles\">Uchwyty formy MP<\/a> (brak w zestawie)<\/li>\n<\/ul>\n<p>Zobacz zdj\u0119cia naszych produkt\u00f3w w <a href=\"index.php\/gallery\">galeria<\/a><\/p>","protected":false},"excerpt":{"rendered":"<ul>\n<li>Odlewany \u015brut 12 Ga, 430 grains (28 gram\u00f3w) z czystego o\u0142owiu<\/li>\n<li>\u015arednica odlewu .680\u2033.<\/li>\n<li>Przeznaczony do u\u017cytku z plastikowym kubkiem<\/li>\n<li>Stalowa p\u0142yta wlewowa<\/li>\n<li>Sworznie wyr\u00f3wnuj\u0105ce z hartowanej stali<\/li>\n<li>Klucze imbusowe s\u0105 do\u0142\u0105czone<\/li>\n<li>U\u017cyj uchwytu wn\u0119kowego LEE 6 lub <a href=\"index.php\/e-shop\/mp-handles\">Uchwyty formy MP<\/a> (brak w zestawie)<\/li>\n<\/ul>\n<p>Zobacz zdj\u0119cia naszych produkt\u00f3w w <a href=\"index.php\/gallery\">galeria<\/a><\/p>","protected":false},"featured_media":50785,"comment_status":"open","ping_status":"closed","template":"","meta":[],"product_brand":[],"product_cat":[24,69],"product_tag":[489],"class_list":{"0":"post-50784","1":"product","2":"type-product","3":"status-publish","4":"has-post-thumbnail","6":"product_cat-molds","7":"product_cat-shot-gun-molds","8":"product_tag-12-ga","9":"pa_brand-mp-molds","10":"pa_caliber-as-cast-12-ga","11":"pa_handles-included-no","12":"pa_manufacturer-mp-molds","13":"pa_material-brass","14":"pa_number-of-cavities-2-cavites","15":"pa_pb-bb-gc-hb-hollow-base","16":"pa_polica-3-2","18":"first","19":"instock","20":"sale","21":"taxable","22":"shipping-taxable","23":"purchasable","24":"product-type-simple"},"_links":{"self":[{"href":"https:\/\/www.mp-molds.com\/pl\/wp-json\/wp\/v2\/product\/50784","targetHints":{"allow":["GET"]}}],"collection":[{"href":"https:\/\/www.mp-molds.com\/pl\/wp-json\/wp\/v2\/product"}],"about":[{"href":"https:\/\/www.mp-molds.com\/pl\/wp-json\/wp\/v2\/types\/product"}],"replies":[{"embeddable":true,"href":"https:\/\/www.mp-molds.com\/pl\/wp-json\/wp\/v2\/comments?post=50784"}],"wp:featuredmedia":[{"embeddable":true,"href":"https:\/\/www.mp-molds.com\/pl\/wp-json\/wp\/v2\/media\/50785"}],"wp:attachment":[{"href":"https:\/\/www.mp-molds.com\/pl\/wp-json\/wp\/v2\/media?parent=50784"}],"wp:term":[{"taxonomy":"product_brand","embeddable":true,"href":"https:\/\/www.mp-molds.com\/pl\/wp-json\/wp\/v2\/product_brand?post=50784"},{"taxonomy":"product_cat","embeddable":true,"href":"https:\/\/www.mp-molds.com\/pl\/wp-json\/wp\/v2\/product_cat?post=50784"},{"taxonomy":"product_tag","embeddable":true,"href":"https:\/\/www.mp-molds.com\/pl\/wp-json\/wp\/v2\/product_tag?post=50784"}],"curies":[{"name":"wp","href":"https:\/\/api.w.org\/{rel}","templated":true}]}}