{"id":50771,"date":"2023-05-29T10:32:08","date_gmt":"2023-05-29T08:32:08","guid":{"rendered":"https:\/\/www.mp-molds.com\/product\/mp-227-63-hollow-point-3-cavity-mold-no-lube-groove-pb-or-gc-multichoice\/"},"modified":"2026-05-03T09:07:10","modified_gmt":"2026-05-03T07:07:10","slug":"mp-227-63-hollow-point-3-cavity-mold-no-lube-groove-pb-or-gc-multichoice","status":"publish","type":"product","link":"https:\/\/www.mp-molds.com\/pl\/product\/mp-227-63-hollow-point-3-cavity-mold-no-lube-groove-pb-or-gc-multichoice\/","title":{"rendered":"MP 227-63 mosi\u0119\u017cna forma z wydr\u0105\u017conym otworem, rowek smarowy, PB lub GC (wielokrotny wyb\u00f3r)"},"content":{"rendered":"<ul>\n<li>\u015arednica odlewu .227 z obci\u0105\u017cnikami k\u00f3\u0142 ze stopu (mo\u017ce si\u0119 r\u00f3\u017cni\u0107 - zale\u017cy od stopu)<\/li>\n<li>HP 63 ziarna<\/li>\n<li>65 grains w stanie sta\u0142ym<\/li>\n<li>Okr\u0105g\u0142y sworze\u0144 HP, pusty sworze\u0144<\/li>\n<li>Stalowa p\u0142yta wlewowa<\/li>\n<li>Sworznie wyr\u00f3wnuj\u0105ce z hartowanej stali<\/li>\n<li>Klucze imbusowe w zestawie<\/li>\n<li>W zestawie stempel g\u00f3rny RCBS\/Lyman<\/li>\n<li>U\u017cyj uchwytu LEE 6 lub uchwyt\u00f3w form MP (NIE do\u0142\u0105czone)<\/li>\n<\/ul>\n<p>Zobacz zdj\u0119cia naszych produkt\u00f3w w\u00a0<a href=\"https:\/\/www.mp-molds.com\/WooCommerce\/product\/9mm-38cal-swc-hg275-clone\/index.php\/gallery\">galeria<\/a><\/p>","protected":false},"excerpt":{"rendered":"<ul>\n<li>\u015arednica odlewu .227 z obci\u0105\u017cnikami k\u00f3\u0142 ze stopu (mo\u017ce si\u0119 r\u00f3\u017cni\u0107 - zale\u017cy od stopu)<\/li>\n<li>HP 63 ziarna<\/li>\n<li>65 grains w stanie sta\u0142ym<\/li>\n<li>Okr\u0105g\u0142y sworze\u0144 HP, pusty sworze\u0144<\/li>\n<li>Stalowa p\u0142yta wlewowa<\/li>\n<li>Sworznie wyr\u00f3wnuj\u0105ce z hartowanej stali<\/li>\n<li>Klucze imbusowe w zestawie<\/li>\n<li>W zestawie stempel g\u00f3rny RCBS\/Lyman<\/li>\n<li>U\u017cyj uchwytu LEE 6 lub uchwyt\u00f3w form MP (NIE do\u0142\u0105czone)<\/li>\n<\/ul>\n<p>Zobacz zdj\u0119cia naszych produkt\u00f3w w\u00a0<a href=\"https:\/\/www.mp-molds.com\/WooCommerce\/product\/9mm-38cal-swc-hg275-clone\/index.php\/gallery\">galeria<\/a><\/p>","protected":false},"featured_media":49960,"comment_status":"open","ping_status":"closed","template":"","meta":[],"product_brand":[],"product_cat":[42,24,56],"product_tag":[449,450],"class_list":{"0":"post-50771","1":"product","2":"type-product","3":"status-publish","4":"has-post-thumbnail","6":"product_cat-hp-hollow-points-molds","7":"product_cat-molds","8":"product_cat-rifle-hp-molds","9":"product_tag-223rem","10":"product_tag-5-56nato","11":"pa_brand-mp-molds","12":"pa_caliber-as-cast-377","13":"pa_handles-included-no","14":"pa_manufacturer-mp-molds","15":"pa_material-brass","16":"pa_number-of-cavities-3-cavities","17":"pa_pb-bb-gc-hb-gas-check","18":"pa_pb-bb-gc-hb-plain-base","19":"pa_polica-13-6","21":"first","22":"instock","23":"sale","24":"taxable","25":"shipping-taxable","26":"purchasable","27":"product-type-variable"},"_links":{"self":[{"href":"https:\/\/www.mp-molds.com\/pl\/wp-json\/wp\/v2\/product\/50771","targetHints":{"allow":["GET"]}}],"collection":[{"href":"https:\/\/www.mp-molds.com\/pl\/wp-json\/wp\/v2\/product"}],"about":[{"href":"https:\/\/www.mp-molds.com\/pl\/wp-json\/wp\/v2\/types\/product"}],"replies":[{"embeddable":true,"href":"https:\/\/www.mp-molds.com\/pl\/wp-json\/wp\/v2\/comments?post=50771"}],"wp:featuredmedia":[{"embeddable":true,"href":"https:\/\/www.mp-molds.com\/pl\/wp-json\/wp\/v2\/media\/49960"}],"wp:attachment":[{"href":"https:\/\/www.mp-molds.com\/pl\/wp-json\/wp\/v2\/media?parent=50771"}],"wp:term":[{"taxonomy":"product_brand","embeddable":true,"href":"https:\/\/www.mp-molds.com\/pl\/wp-json\/wp\/v2\/product_brand?post=50771"},{"taxonomy":"product_cat","embeddable":true,"href":"https:\/\/www.mp-molds.com\/pl\/wp-json\/wp\/v2\/product_cat?post=50771"},{"taxonomy":"product_tag","embeddable":true,"href":"https:\/\/www.mp-molds.com\/pl\/wp-json\/wp\/v2\/product_tag?post=50771"}],"curies":[{"name":"wp","href":"https:\/\/api.w.org\/{rel}","templated":true}]}}