{"id":50762,"date":"2023-05-29T07:32:21","date_gmt":"2023-05-29T05:32:21","guid":{"rendered":"https:\/\/www.mp-molds.com\/product\/43878\/"},"modified":"2026-03-06T10:21:46","modified_gmt":"2026-03-06T09:21:46","slug":"43878","status":"publish","type":"product","link":"https:\/\/www.mp-molds.com\/pl\/product\/43878\/","title":{"rendered":"MP 402-170\/150 mosi\u0119\u017cna foremka z ostrym czubkiem i g\u0142adk\u0105 podstaw\u0105 (wielokrotny wyb\u00f3r)"},"content":{"rendered":"<ul>\n<li>\u015arednica odlewu .402 z obci\u0105\u017cnikami k\u00f3\u0142 ze stopu (mo\u017ce si\u0119 r\u00f3\u017cni\u0107 - zale\u017cy od stopu)<\/li>\n<li>HP Large 155 grains, HP Penta 165 grains<\/li>\n<li>170 grains w stanie sta\u0142ym<\/li>\n<li>Du\u017cy sworze\u0144 HP, pusty sworze\u0144, sworze\u0144 Penta<\/li>\n<li>Stalowa p\u0142yta wlewowa<\/li>\n<li>Sworznie wyr\u00f3wnuj\u0105ce z hartowanej stali<\/li>\n<li>Klucze imbusowe w zestawie<\/li>\n<li>W zestawie stempel g\u00f3rny RCBS\/Lyman<\/li>\n<li>U\u017cyj uchwytu LEE 6 lub uchwyt\u00f3w form MP (NIE do\u0142\u0105czone)<\/li>\n<\/ul>\n<p>Zobacz zdj\u0119cia naszych produkt\u00f3w w\u00a0<a href=\"https:\/\/www.mp-molds.com\/WooCommerce\/product\/9mm-38cal-swc-hg275-clone\/index.php\/gallery\">galeria<\/a><\/p>","protected":false},"excerpt":{"rendered":"<ul>\n<li>\u015arednica odlewu .402 z obci\u0105\u017cnikami k\u00f3\u0142 ze stopu (mo\u017ce si\u0119 r\u00f3\u017cni\u0107 - zale\u017cy od stopu)<\/li>\n<li>HP Large 155 grains, HP Penta 165 grains<\/li>\n<li>170 grains w stanie sta\u0142ym<\/li>\n<li>Du\u017cy sworze\u0144 HP, pusty sworze\u0144, sworze\u0144 Penta<\/li>\n<li>Stalowa p\u0142yta wlewowa<\/li>\n<li>Sworznie wyr\u00f3wnuj\u0105ce z hartowanej stali<\/li>\n<li>Klucze imbusowe w zestawie<\/li>\n<li>W zestawie stempel g\u00f3rny RCBS\/Lyman<\/li>\n<li>U\u017cyj uchwytu LEE 6 lub uchwyt\u00f3w form MP (NIE do\u0142\u0105czone)<\/li>\n<\/ul>\n<p>Zobacz zdj\u0119cia naszych produkt\u00f3w w\u00a0<a href=\"https:\/\/www.mp-molds.com\/WooCommerce\/product\/9mm-38cal-swc-hg275-clone\/index.php\/gallery\">galeria<\/a><\/p>","protected":false},"featured_media":50763,"comment_status":"open","ping_status":"open","template":"","meta":[],"product_brand":[],"product_cat":[42,24,43],"product_tag":[440,436],"class_list":{"0":"post-50762","1":"product","2":"type-product","3":"status-publish","4":"has-post-thumbnail","6":"product_cat-hp-hollow-points-molds","7":"product_cat-molds","8":"product_cat-pistol-hp-molds","9":"product_tag-10mmauto","10":"product_tag-40sw","11":"pa_brand-mp-molds","12":"pa_caliber-as-cast-382","13":"pa_handles-included-no","14":"pa_manufacturer-mp-molds","15":"pa_material-brass","16":"pa_number-of-cavities-2-cavites","17":"pa_number-of-cavities-4-cavities","18":"pa_pb-bb-gc-hb-plain-base","19":"pa_polica-9-4","21":"first","22":"instock","23":"sale","24":"taxable","25":"shipping-taxable","26":"purchasable","27":"product-type-variable"},"_links":{"self":[{"href":"https:\/\/www.mp-molds.com\/pl\/wp-json\/wp\/v2\/product\/50762","targetHints":{"allow":["GET"]}}],"collection":[{"href":"https:\/\/www.mp-molds.com\/pl\/wp-json\/wp\/v2\/product"}],"about":[{"href":"https:\/\/www.mp-molds.com\/pl\/wp-json\/wp\/v2\/types\/product"}],"replies":[{"embeddable":true,"href":"https:\/\/www.mp-molds.com\/pl\/wp-json\/wp\/v2\/comments?post=50762"}],"wp:featuredmedia":[{"embeddable":true,"href":"https:\/\/www.mp-molds.com\/pl\/wp-json\/wp\/v2\/media\/50763"}],"wp:attachment":[{"href":"https:\/\/www.mp-molds.com\/pl\/wp-json\/wp\/v2\/media?parent=50762"}],"wp:term":[{"taxonomy":"product_brand","embeddable":true,"href":"https:\/\/www.mp-molds.com\/pl\/wp-json\/wp\/v2\/product_brand?post=50762"},{"taxonomy":"product_cat","embeddable":true,"href":"https:\/\/www.mp-molds.com\/pl\/wp-json\/wp\/v2\/product_cat?post=50762"},{"taxonomy":"product_tag","embeddable":true,"href":"https:\/\/www.mp-molds.com\/pl\/wp-json\/wp\/v2\/product_tag?post=50762"}],"curies":[{"name":"wp","href":"https:\/\/api.w.org\/{rel}","templated":true}]}}