{"id":50722,"date":"2021-05-18T11:50:23","date_gmt":"2021-05-18T09:50:23","guid":{"rendered":"https:\/\/www.mp-molds.com\/product\/359-640-solid-plain-base-no-lube-groove-8-cav-alu\/"},"modified":"2026-03-06T10:21:21","modified_gmt":"2026-03-06T09:21:21","slug":"359-640-pelna-podstawa-gladka-bez-rowka-smarowego-8-cav-alu","status":"publish","type":"product","link":"https:\/\/www.mp-molds.com\/pl\/product\/359-640-solid-plain-base-no-lube-groove-8-cav-alu\/","title":{"rendered":"359-640 Forma do rowk\u00f3w pe\u0142na, g\u0142adka, bez smarowania, 8 szt. ALU"},"content":{"rendered":"<ul>\n<li>Odlewany kaliber .360.<\/li>\n<li>175 grains sta\u0142e<\/li>\n<li>Odst\u0119p od rowka do zaciskania wynosi 0,318\u2033 i 0,357\u2033.<\/li>\n<li>Boolit 357 o podw\u00f3jnym zastosowaniu, g\u00f3rny rowek do zaciskania s\u0142u\u017cy do\u00a0<b>kr\u00f3tki<\/b>\u00a0Cylindry S&amp;W 357 z ramk\u0105 N i dolnym rowkiem zaciskaj\u0105cym s\u0105 przeznaczone dla 38 Special i\u00a0<b>d\u0142ugi<\/b>\u00a0357 Mag.<\/li>\n<li>Stalowa p\u0142yta wlewowa<\/li>\n<li>Sworznie wyr\u00f3wnuj\u0105ce z hartowanej stali<\/li>\n<li>Klucze imbusowe w zestawie<\/li>\n<li>W zestawie stempel g\u00f3rny RCBS\/Lyman<\/li>\n<li>U\u017cyj uchwytu LEE 6 lub uchwyt\u00f3w form MP (NIE do\u0142\u0105czone)<\/li>\n<\/ul>\n<p>Zobacz zdj\u0119cia naszych produkt\u00f3w w\u00a0<a href=\"https:\/\/www.mp-molds.com\/WooCommerce\/product\/mp-45-ruger-only-gc-hp-4-cav\/index.php\/gallery\">galeria<\/a><\/p>","protected":false},"excerpt":{"rendered":"<ul>\n<li>Odlewany kaliber .360.<\/li>\n<li>175 grains sta\u0142e<\/li>\n<li>Odst\u0119p od rowka do zaciskania wynosi 0,318\u2033 i 0,357\u2033.<\/li>\n<li>Boolit 357 o podw\u00f3jnym zastosowaniu, g\u00f3rny rowek do zaciskania s\u0142u\u017cy do\u00a0<b>kr\u00f3tki<\/b>\u00a0Cylindry S&amp;W 357 z ramk\u0105 N i dolnym rowkiem zaciskaj\u0105cym s\u0105 przeznaczone dla 38 Special i\u00a0<b>d\u0142ugi<\/b>\u00a0357 Mag.<\/li>\n<li>Stalowa p\u0142yta wlewowa<\/li>\n<li>Sworznie wyr\u00f3wnuj\u0105ce z hartowanej stali<\/li>\n<li>Klucze imbusowe w zestawie<\/li>\n<li>W zestawie stempel g\u00f3rny RCBS\/Lyman<\/li>\n<li>U\u017cyj uchwytu LEE 6 lub uchwyt\u00f3w form MP (NIE do\u0142\u0105czone)<\/li>\n<\/ul>\n<p>Zobacz zdj\u0119cia naszych produkt\u00f3w w\u00a0<a href=\"https:\/\/www.mp-molds.com\/WooCommerce\/product\/mp-45-ruger-only-gc-hp-4-cav\/index.php\/gallery\">galeria<\/a><\/p>","protected":false},"featured_media":50723,"comment_status":"open","ping_status":"open","template":"","meta":[],"product_brand":[],"product_cat":[107,24],"product_tag":[184,185],"class_list":{"0":"post-50722","1":"product","2":"type-product","3":"status-publish","4":"has-post-thumbnail","6":"product_cat-alternative-coating-molds","7":"product_cat-molds","8":"product_tag-357-mag","9":"product_tag-38-spl","10":"pa_brand-mp-molds","11":"pa_caliber-as-cast-388","12":"pa_handles-included-no","13":"pa_material-aluminum","14":"pa_number-of-cavities-8-cavities","15":"pa_pb-bb-gc-hb-plain-base","16":"pa_polica-1-2","18":"first","19":"instock","20":"sale","21":"taxable","22":"shipping-taxable","23":"purchasable","24":"product-type-simple"},"_links":{"self":[{"href":"https:\/\/www.mp-molds.com\/pl\/wp-json\/wp\/v2\/product\/50722","targetHints":{"allow":["GET"]}}],"collection":[{"href":"https:\/\/www.mp-molds.com\/pl\/wp-json\/wp\/v2\/product"}],"about":[{"href":"https:\/\/www.mp-molds.com\/pl\/wp-json\/wp\/v2\/types\/product"}],"replies":[{"embeddable":true,"href":"https:\/\/www.mp-molds.com\/pl\/wp-json\/wp\/v2\/comments?post=50722"}],"wp:featuredmedia":[{"embeddable":true,"href":"https:\/\/www.mp-molds.com\/pl\/wp-json\/wp\/v2\/media\/50723"}],"wp:attachment":[{"href":"https:\/\/www.mp-molds.com\/pl\/wp-json\/wp\/v2\/media?parent=50722"}],"wp:term":[{"taxonomy":"product_brand","embeddable":true,"href":"https:\/\/www.mp-molds.com\/pl\/wp-json\/wp\/v2\/product_brand?post=50722"},{"taxonomy":"product_cat","embeddable":true,"href":"https:\/\/www.mp-molds.com\/pl\/wp-json\/wp\/v2\/product_cat?post=50722"},{"taxonomy":"product_tag","embeddable":true,"href":"https:\/\/www.mp-molds.com\/pl\/wp-json\/wp\/v2\/product_tag?post=50722"}],"curies":[{"name":"wp","href":"https:\/\/api.w.org\/{rel}","templated":true}]}}