{"id":50685,"date":"2021-02-01T16:25:20","date_gmt":"2021-02-01T15:25:20","guid":{"rendered":"https:\/\/www.mp-molds.com\/product\/mp-358-100-hollow-point-pb-4-cavity-mold-no-lube-groove\/"},"modified":"2026-03-06T10:20:57","modified_gmt":"2026-03-06T09:20:57","slug":"mp-358-100-hollow-point-pb-4-cavity-mold-no-lubricate-groove","status":"publish","type":"product","link":"https:\/\/www.mp-molds.com\/pl\/product\/mp-358-100-hollow-point-pb-4-cavity-mold-no-lube-groove\/","title":{"rendered":"MP 358-100 HP PB 4-gniazdowa forma (bez rowka smarowego)"},"content":{"rendered":"<ul>\n<li>Odlewany kaliber .358 - 100 strza\u0142 pustych w \u015brodku lub 105 strza\u0142 pe\u0142nych grain<\/li>\n<li>Ko\u0142ki okr\u0105g\u0142e i puste<\/li>\n<li>Stalowa p\u0142yta wlewowa<\/li>\n<li>Sworznie wyr\u00f3wnuj\u0105ce z hartowanej stali<\/li>\n<li>Klucze imbusowe w zestawie<\/li>\n<li>W zestawie stempel g\u00f3rny RCBS\/Lyman<\/li>\n<li>U\u017cyj uchwytu LEE 6 lub uchwyt\u00f3w form MP (NIE do\u0142\u0105czone)<\/li>\n<\/ul>\n<p>Zobacz zdj\u0119cia naszych produkt\u00f3w w <a href=\"index.php\/gallery\">galeria<\/a><\/p>","protected":false},"excerpt":{"rendered":"<ul>\n<li>Odlewany kaliber .358 - 100 strza\u0142 pustych w \u015brodku lub 105 strza\u0142 pe\u0142nych grain<\/li>\n<li>Ko\u0142ki okr\u0105g\u0142e i puste<\/li>\n<li>Stalowa p\u0142yta wlewowa<\/li>\n<li>Sworznie wyr\u00f3wnuj\u0105ce z hartowanej stali<\/li>\n<li>Klucze imbusowe w zestawie<\/li>\n<li>W zestawie stempel g\u00f3rny RCBS\/Lyman<\/li>\n<li>U\u017cyj uchwytu LEE 6 lub uchwyt\u00f3w form MP (NIE do\u0142\u0105czone)<\/li>\n<\/ul>\n<p>Zobacz zdj\u0119cia naszych produkt\u00f3w w <a href=\"index.php\/gallery\">galeria<\/a><\/p>","protected":false},"featured_media":50686,"comment_status":"open","ping_status":"closed","template":"","meta":[],"product_brand":[],"product_cat":[42,24,43],"product_tag":[46,47,48],"class_list":{"0":"post-50685","1":"product","2":"type-product","3":"status-publish","4":"has-post-thumbnail","6":"product_cat-hp-hollow-points-molds","7":"product_cat-molds","8":"product_cat-pistol-hp-molds","9":"product_tag-38-acp","10":"product_tag-380-acp","11":"product_tag-9x17","12":"pa_brand-mp-molds","13":"pa_caliber-as-cast-391","14":"pa_dodatni_opis-brass-mold-for-hobby-hand-casting-set-contains-mold-allen-keys-metal-pins-e-clips","15":"pa_handles-included-no","16":"pa_material-brass","17":"pa_number-of-cavities-4-cavities","18":"pa_pb-bb-gc-hb-plain-base","19":"pa_polica-5-3","21":"first","22":"outofstock","23":"sale","24":"taxable","25":"shipping-taxable","26":"purchasable","27":"product-type-simple"},"_links":{"self":[{"href":"https:\/\/www.mp-molds.com\/pl\/wp-json\/wp\/v2\/product\/50685","targetHints":{"allow":["GET"]}}],"collection":[{"href":"https:\/\/www.mp-molds.com\/pl\/wp-json\/wp\/v2\/product"}],"about":[{"href":"https:\/\/www.mp-molds.com\/pl\/wp-json\/wp\/v2\/types\/product"}],"replies":[{"embeddable":true,"href":"https:\/\/www.mp-molds.com\/pl\/wp-json\/wp\/v2\/comments?post=50685"}],"wp:featuredmedia":[{"embeddable":true,"href":"https:\/\/www.mp-molds.com\/pl\/wp-json\/wp\/v2\/media\/50686"}],"wp:attachment":[{"href":"https:\/\/www.mp-molds.com\/pl\/wp-json\/wp\/v2\/media?parent=50685"}],"wp:term":[{"taxonomy":"product_brand","embeddable":true,"href":"https:\/\/www.mp-molds.com\/pl\/wp-json\/wp\/v2\/product_brand?post=50685"},{"taxonomy":"product_cat","embeddable":true,"href":"https:\/\/www.mp-molds.com\/pl\/wp-json\/wp\/v2\/product_cat?post=50685"},{"taxonomy":"product_tag","embeddable":true,"href":"https:\/\/www.mp-molds.com\/pl\/wp-json\/wp\/v2\/product_tag?post=50685"}],"curies":[{"name":"wp","href":"https:\/\/api.w.org\/{rel}","templated":true}]}}