{"id":50634,"date":"2020-03-31T15:04:14","date_gmt":"2020-03-31T13:04:14","guid":{"rendered":"https:\/\/www.mp-molds.com\/product\/359-115-tc-flat-base-8-cav-lube-groove-aluminum-mold\/"},"modified":"2026-04-05T20:16:02","modified_gmt":"2026-04-05T18:16:02","slug":"359-115-tc-plaska-podstawa-8-cav-rowek-smarowy-forma-aluminiowa","status":"publish","type":"product","link":"https:\/\/www.mp-molds.com\/pl\/product\/359-115-tc-flat-base-8-cav-lube-groove-aluminum-mold\/","title":{"rendered":"359-115 TC, p\u0142aska podstawa, 8 wg\u0142\u0119bie\u0144, pe\u0142na, rowek smarowy, forma AL"},"content":{"rendered":"<ul>\n<li>\u015arednica odlewu .359 z obci\u0105\u017cnikami k\u00f3\u0142 ze stopu (mo\u017ce si\u0119 r\u00f3\u017cni\u0107 - zale\u017cy od stopu)<\/li>\n<li>do u\u017cytku r\u00f3wnie\u017c w 9 mm (\u0142atwo zmniejszy\u0107 rozmiar)<\/li>\n<li>115 grains substancji sta\u0142ych (w zale\u017cno\u015bci od stopu)<\/li>\n<li>8 ubytk\u00f3w<\/li>\n<li>Stalowa p\u0142yta wlewowa<\/li>\n<li>Sworznie wyr\u00f3wnuj\u0105ce z hartowanej stali<\/li>\n<li>Klucze imbusowe w zestawie<\/li>\n<li>W zestawie stempel g\u00f3rny RCBS\/Lyman<\/li>\n<li>U\u017cyj uchwytu LEE 6 lub uchwyt\u00f3w form MP (NIE do\u0142\u0105czone)<\/li>\n<\/ul>\n<p>Zobacz zdj\u0119cia naszych produkt\u00f3w w\u00a0<a href=\"https:\/\/www.mp-molds.com\/WooCommerce\/product\/9mm-38cal-swc-hg275-clone\/index.php\/gallery\">galeria<\/a><\/p>","protected":false},"excerpt":{"rendered":"<ul>\n<li>\u015arednica odlewu .359 z obci\u0105\u017cnikami k\u00f3\u0142 ze stopu (mo\u017ce si\u0119 r\u00f3\u017cni\u0107 - zale\u017cy od stopu)<\/li>\n<li>do u\u017cytku r\u00f3wnie\u017c w 9 mm (\u0142atwo zmniejszy\u0107 rozmiar)<\/li>\n<li>115 grains substancji sta\u0142ych (w zale\u017cno\u015bci od stopu)<\/li>\n<li>8 ubytk\u00f3w<\/li>\n<li>Stalowa p\u0142yta wlewowa<\/li>\n<li>Sworznie wyr\u00f3wnuj\u0105ce z hartowanej stali<\/li>\n<li>Klucze imbusowe w zestawie<\/li>\n<li>W zestawie stempel g\u00f3rny RCBS\/Lyman<\/li>\n<li>U\u017cyj uchwytu LEE 6 lub uchwyt\u00f3w form MP (NIE do\u0142\u0105czone)<\/li>\n<\/ul>\n<p>Zobacz zdj\u0119cia naszych produkt\u00f3w w\u00a0<a href=\"https:\/\/www.mp-molds.com\/WooCommerce\/product\/9mm-38cal-swc-hg275-clone\/index.php\/gallery\">galeria<\/a><\/p>","protected":false},"featured_media":49922,"comment_status":"open","ping_status":"open","template":"","meta":[],"product_brand":[],"product_cat":[42,24,43,33],"product_tag":[47,434,435,185,443,186,48,444],"class_list":{"0":"post-50634","1":"product","2":"type-product","3":"status-publish","4":"has-post-thumbnail","6":"product_cat-hp-hollow-points-molds","7":"product_cat-molds","8":"product_cat-pistol-hp-molds","9":"product_cat-solid-molds","10":"product_tag-380-acp","11":"product_tag-357magnum","12":"product_tag-357sig","13":"product_tag-38-spl","14":"product_tag-38super","15":"product_tag-9mm","16":"product_tag-9x17","17":"product_tag-9x21","18":"pa_caliber-as-cast-370","19":"pa_dodatni_opis-aluminum-mold-for-hobby-hand-casting-set-contains-mold-allen-keys-metal-pin-sprue-lever-handle","20":"pa_handles-included-no","21":"pa_manufacturer-mp-molds","22":"pa_material-aluminum","23":"pa_number-of-cavities-8-cavities","24":"pa_pb-bb-gc-hb-plain-base","25":"pa_polica-13-3","27":"first","28":"instock","29":"sale","30":"featured","31":"taxable","32":"shipping-taxable","33":"purchasable","34":"product-type-simple"},"_links":{"self":[{"href":"https:\/\/www.mp-molds.com\/pl\/wp-json\/wp\/v2\/product\/50634","targetHints":{"allow":["GET"]}}],"collection":[{"href":"https:\/\/www.mp-molds.com\/pl\/wp-json\/wp\/v2\/product"}],"about":[{"href":"https:\/\/www.mp-molds.com\/pl\/wp-json\/wp\/v2\/types\/product"}],"replies":[{"embeddable":true,"href":"https:\/\/www.mp-molds.com\/pl\/wp-json\/wp\/v2\/comments?post=50634"}],"wp:featuredmedia":[{"embeddable":true,"href":"https:\/\/www.mp-molds.com\/pl\/wp-json\/wp\/v2\/media\/49922"}],"wp:attachment":[{"href":"https:\/\/www.mp-molds.com\/pl\/wp-json\/wp\/v2\/media?parent=50634"}],"wp:term":[{"taxonomy":"product_brand","embeddable":true,"href":"https:\/\/www.mp-molds.com\/pl\/wp-json\/wp\/v2\/product_brand?post=50634"},{"taxonomy":"product_cat","embeddable":true,"href":"https:\/\/www.mp-molds.com\/pl\/wp-json\/wp\/v2\/product_cat?post=50634"},{"taxonomy":"product_tag","embeddable":true,"href":"https:\/\/www.mp-molds.com\/pl\/wp-json\/wp\/v2\/product_tag?post=50634"}],"curies":[{"name":"wp","href":"https:\/\/api.w.org\/{rel}","templated":true}]}}