{"id":50595,"date":"2020-01-21T11:30:55","date_gmt":"2020-01-21T10:30:55","guid":{"rendered":"https:\/\/www.mp-molds.com\/product\/mp-300-blackout-311-235-grain-solid-mold-no-lube-groove-multichoice-2\/"},"modified":"2026-04-21T10:00:35","modified_gmt":"2026-04-21T08:00:35","slug":"mp-300-blackout-311-235-grain-solid-mold-no-lubrice-groove-multichoice-2","status":"publish","type":"product","link":"https:\/\/www.mp-molds.com\/pl\/product\/mp-300-blackout-311-235-grain-solid-mold-no-lube-groove-multichoice-2\/","title":{"rendered":"MP 300 BLCK 311-235 Forma HP (wielokrotny wyb\u00f3r)"},"content":{"rendered":"<ul>\n<li>Odlewany kaliber .311 - pe\u0142ne 230 grains<\/li>\n<li>213 grain GAS CHECK Hollow point<\/li>\n<li>226 grain PLAIN BASE Hollow point<\/li>\n<li>Meplat to Crimp Groove: 0,872\u2033<\/li>\n<li>Zagniatany rowek do podstawy GC: 0,324\u2033<\/li>\n<li>Zagniatany rowek do podstawy PB: 0,383\u2033<\/li>\n<li>Mosi\u0105dz 3 wg\u0142\u0119bienia<\/li>\n<li>Stalowa p\u0142yta wlewowa<\/li>\n<li>Sworznie wyr\u00f3wnuj\u0105ce z hartowanej stali<\/li>\n<li>Klucze imbusowe w zestawie<\/li>\n<li>W zestawie stempel g\u00f3rny RCBS\/Lyman<\/li>\n<li>U\u017cyj uchwytu LEE 6 lub uchwyt\u00f3w form MP (NIE do\u0142\u0105czone)<\/li>\n<\/ul>\n<p>Zobacz zdj\u0119cia naszych produkt\u00f3w w\u00a0<a href=\"https:\/\/www.mp-molds.com\/WooCommerce\/product\/mp-hg50-hbwc-38-357\/index.php\/gallery\">galeria<\/a><\/p>","protected":false},"excerpt":{"rendered":"<ul>\n<li>Odlewany kaliber .311 - pe\u0142ne 230 grains<\/li>\n<li>213 grain GAS CHECK Hollow point<\/li>\n<li>226 grain PLAIN BASE Hollow point<\/li>\n<li>Meplat to Crimp Groove: 0,872\u2033<\/li>\n<li>Zagniatany rowek do podstawy GC: 0,324\u2033<\/li>\n<li>Zagniatany rowek do podstawy PB: 0,383\u2033<\/li>\n<li>Mosi\u0105dz 3 wg\u0142\u0119bienia<\/li>\n<li>Stalowa p\u0142yta wlewowa<\/li>\n<li>Sworznie wyr\u00f3wnuj\u0105ce z hartowanej stali<\/li>\n<li>Klucze imbusowe w zestawie<\/li>\n<li>W zestawie stempel g\u00f3rny RCBS\/Lyman<\/li>\n<li>U\u017cyj uchwytu LEE 6 lub uchwyt\u00f3w form MP (NIE do\u0142\u0105czone)<\/li>\n<\/ul>\n<p>Zobacz zdj\u0119cia naszych produkt\u00f3w w\u00a0<a href=\"https:\/\/www.mp-molds.com\/WooCommerce\/product\/mp-hg50-hbwc-38-357\/index.php\/gallery\">galeria<\/a><\/p>","protected":false},"featured_media":49963,"comment_status":"open","ping_status":"closed","template":"","meta":[],"product_brand":[],"product_cat":[42,24,56],"product_tag":[452,453],"class_list":{"0":"post-50595","1":"product","2":"type-product","3":"status-publish","4":"has-post-thumbnail","6":"product_cat-hp-hollow-points-molds","7":"product_cat-molds","8":"product_cat-rifle-hp-molds","9":"product_tag-300blackout","10":"product_tag-308win","11":"pa_brand-mp-molds","12":"pa_caliber-as-cast-406","13":"pa_dodatni_opis-brass-mold-for-hobby-hand-casting-set-contains-mold-allen-keys-metal-pins-e-clips","14":"pa_handles-included-no","15":"pa_manufacturer-mp-molds","16":"pa_material-brass","17":"pa_number-of-cavities-3-cavities","18":"pa_pb-bb-gc-hb-gas-check","19":"pa_pb-bb-gc-hb-plain-base","20":"pa_polica-11-7","21":"pa_polica-12-4","23":"first","24":"instock","25":"sale","26":"taxable","27":"shipping-taxable","28":"purchasable","29":"product-type-variable"},"_links":{"self":[{"href":"https:\/\/www.mp-molds.com\/pl\/wp-json\/wp\/v2\/product\/50595","targetHints":{"allow":["GET"]}}],"collection":[{"href":"https:\/\/www.mp-molds.com\/pl\/wp-json\/wp\/v2\/product"}],"about":[{"href":"https:\/\/www.mp-molds.com\/pl\/wp-json\/wp\/v2\/types\/product"}],"replies":[{"embeddable":true,"href":"https:\/\/www.mp-molds.com\/pl\/wp-json\/wp\/v2\/comments?post=50595"}],"wp:featuredmedia":[{"embeddable":true,"href":"https:\/\/www.mp-molds.com\/pl\/wp-json\/wp\/v2\/media\/49963"}],"wp:attachment":[{"href":"https:\/\/www.mp-molds.com\/pl\/wp-json\/wp\/v2\/media?parent=50595"}],"wp:term":[{"taxonomy":"product_brand","embeddable":true,"href":"https:\/\/www.mp-molds.com\/pl\/wp-json\/wp\/v2\/product_brand?post=50595"},{"taxonomy":"product_cat","embeddable":true,"href":"https:\/\/www.mp-molds.com\/pl\/wp-json\/wp\/v2\/product_cat?post=50595"},{"taxonomy":"product_tag","embeddable":true,"href":"https:\/\/www.mp-molds.com\/pl\/wp-json\/wp\/v2\/product_tag?post=50595"}],"curies":[{"name":"wp","href":"https:\/\/api.w.org\/{rel}","templated":true}]}}