{"id":50522,"date":"2019-10-15T10:37:01","date_gmt":"2019-10-15T08:37:01","guid":{"rendered":"https:\/\/www.mp-molds.com\/product\/357-359-125-flat-round-nose-flat-base-8-cavity-aluminum-no-lube-groove-mold\/"},"modified":"2026-04-28T03:53:58","modified_gmt":"2026-04-28T01:53:58","slug":"357-359-125-plaski-okragly-nosek-plaska-podstawa-8-wglebien-aluminium-bez-smarowania-forma-do-rowkow","status":"publish","type":"product","link":"https:\/\/www.mp-molds.com\/pl\/product\/357-359-125-flat-round-nose-flat-base-8-cavity-aluminum-no-lube-groove-mold\/","title":{"rendered":"356\/359-125 P\u0142aski okr\u0105g\u0142y nosek, p\u0142aska podstawa, 8-komorowa forma do rowk\u00f3w AL bez smarowania"},"content":{"rendered":"<ul>\n<li>odlew o \u015brednicy od .356 do .359 z obci\u0105\u017cnikami k\u00f3\u0142 ze stopu (mog\u0105 si\u0119 r\u00f3\u017cni\u0107 - w zale\u017cno\u015bci od stopu)<\/li>\n<li>125 grains substancji sta\u0142ych<\/li>\n<li>r\u00f3wnie\u017c do u\u017cytku w 9 mm.<\/li>\n<li>Stalowa p\u0142yta wlewowa<\/li>\n<li>Sworznie wyr\u00f3wnuj\u0105ce z hartowanej stali<\/li>\n<li>Klucze imbusowe w zestawie<\/li>\n<li>W zestawie stempel g\u00f3rny RCBS\/Lyman<\/li>\n<li>U\u017cyj uchwytu LEE 6 lub uchwyt\u00f3w form MP (NIE do\u0142\u0105czone)<\/li>\n<\/ul>\n<p>Zobacz zdj\u0119cia naszych produkt\u00f3w w\u00a0<a href=\"https:\/\/www.mp-molds.com\/WooCommerce\/product\/9mm-38cal-swc-hg275-clone\/index.php\/gallery\">galeria<\/a><\/p>","protected":false},"excerpt":{"rendered":"<ul>\n<li>odlew o \u015brednicy od .356 do .359 z obci\u0105\u017cnikami k\u00f3\u0142 ze stopu (mog\u0105 si\u0119 r\u00f3\u017cni\u0107 - w zale\u017cno\u015bci od stopu)<\/li>\n<li>125 grains substancji sta\u0142ych<\/li>\n<li>r\u00f3wnie\u017c do u\u017cytku w 9 mm.<\/li>\n<li>Stalowa p\u0142yta wlewowa<\/li>\n<li>Sworznie wyr\u00f3wnuj\u0105ce z hartowanej stali<\/li>\n<li>Klucze imbusowe w zestawie<\/li>\n<li>W zestawie stempel g\u00f3rny RCBS\/Lyman<\/li>\n<li>U\u017cyj uchwytu LEE 6 lub uchwyt\u00f3w form MP (NIE do\u0142\u0105czone)<\/li>\n<\/ul>\n<p>Zobacz zdj\u0119cia naszych produkt\u00f3w w\u00a0<a href=\"https:\/\/www.mp-molds.com\/WooCommerce\/product\/9mm-38cal-swc-hg275-clone\/index.php\/gallery\">galeria<\/a><\/p>","protected":false},"featured_media":50523,"comment_status":"open","ping_status":"closed","template":"","meta":[],"product_brand":[],"product_cat":[107,24,33],"product_tag":[47,434,435,185,443,186,48,444],"class_list":{"0":"post-50522","1":"product","2":"type-product","3":"status-publish","4":"has-post-thumbnail","6":"product_cat-alternative-coating-molds","7":"product_cat-molds","8":"product_cat-solid-molds","9":"product_tag-380-acp","10":"product_tag-357magnum","11":"product_tag-357sig","12":"product_tag-38-spl","13":"product_tag-38super","14":"product_tag-9mm","15":"product_tag-9x17","16":"product_tag-9x21","17":"pa_brand-mp-molds","18":"pa_caliber-as-cast-415","19":"pa_caliber-as-cast-397","20":"pa_caliber-as-cast-391","21":"pa_caliber-as-cast-370","22":"pa_dodatni_opis-aluminum-mold-for-hobby-hand-casting-set-contains-mold-allen-keys-metal-pin-sprue-lever-handle","23":"pa_handles-included-no","24":"pa_manufacturer-mp-molds","25":"pa_material-aluminum","26":"pa_number-of-cavities-8-cavities","27":"pa_pb-bb-gc-hb-plain-base","28":"pa_polica-1-5","30":"first","31":"instock","32":"sale","33":"taxable","34":"shipping-taxable","35":"purchasable","36":"product-type-variable"},"_links":{"self":[{"href":"https:\/\/www.mp-molds.com\/pl\/wp-json\/wp\/v2\/product\/50522","targetHints":{"allow":["GET"]}}],"collection":[{"href":"https:\/\/www.mp-molds.com\/pl\/wp-json\/wp\/v2\/product"}],"about":[{"href":"https:\/\/www.mp-molds.com\/pl\/wp-json\/wp\/v2\/types\/product"}],"replies":[{"embeddable":true,"href":"https:\/\/www.mp-molds.com\/pl\/wp-json\/wp\/v2\/comments?post=50522"}],"wp:featuredmedia":[{"embeddable":true,"href":"https:\/\/www.mp-molds.com\/pl\/wp-json\/wp\/v2\/media\/50523"}],"wp:attachment":[{"href":"https:\/\/www.mp-molds.com\/pl\/wp-json\/wp\/v2\/media?parent=50522"}],"wp:term":[{"taxonomy":"product_brand","embeddable":true,"href":"https:\/\/www.mp-molds.com\/pl\/wp-json\/wp\/v2\/product_brand?post=50522"},{"taxonomy":"product_cat","embeddable":true,"href":"https:\/\/www.mp-molds.com\/pl\/wp-json\/wp\/v2\/product_cat?post=50522"},{"taxonomy":"product_tag","embeddable":true,"href":"https:\/\/www.mp-molds.com\/pl\/wp-json\/wp\/v2\/product_tag?post=50522"}],"curies":[{"name":"wp","href":"https:\/\/api.w.org\/{rel}","templated":true}]}}