{"id":50317,"date":"2019-09-26T08:20:55","date_gmt":"2019-09-26T06:20:55","guid":{"rendered":"https:\/\/www.mp-molds.com\/product\/502-385-hollow-point-gas-check-2-cavity-mold\/"},"modified":"2026-04-07T22:06:20","modified_gmt":"2026-04-07T20:06:20","slug":"502-385-pusta-kulka-gas-check-2-cavity-mold","status":"publish","type":"product","link":"https:\/\/www.mp-molds.com\/pl\/product\/502-385-hollow-point-gas-check-2-cavity-mold\/","title":{"rendered":"502-385 HP, kontrola gazu lub zwyk\u0142a forma 3-komorowa (do wyboru)"},"content":{"rendered":"<ul>\n<li>Odlewany kaliber .502.<\/li>\n<li>383 grain Hollow point<\/li>\n<li>400 grains sta\u0142e<\/li>\n<li>\u015bwietny dla Smitha i Beowulfa<\/li>\n<li>Stalowa p\u0142yta wlewowa<\/li>\n<li>Sworznie wyr\u00f3wnuj\u0105ce z hartowanej stali<\/li>\n<li>Klucze imbusowe w zestawie<\/li>\n<li>W zestawie stempel g\u00f3rny RCBS\/Lyman<\/li>\n<li>U\u017cyj uchwytu LEE 6 lub uchwyt\u00f3w form MP (NIE do\u0142\u0105czone)<\/li>\n<\/ul>\n<p>Zobacz zdj\u0119cia naszych produkt\u00f3w w\u00a0<a href=\"https:\/\/www.mp-molds.com\/WooCommerce\/product\/mp-432-hb-wc-2-cav\/index.php\/gallery\">galeria<\/a><\/p>","protected":false},"excerpt":{"rendered":"<ul>\n<li>Odlewany kaliber .502.<\/li>\n<li>383 grain Hollow point<\/li>\n<li>400 grains sta\u0142e<\/li>\n<li>\u015bwietny dla Smitha i Beowulfa<\/li>\n<li>Stalowa p\u0142yta wlewowa<\/li>\n<li>Sworznie wyr\u00f3wnuj\u0105ce z hartowanej stali<\/li>\n<li>Klucze imbusowe w zestawie<\/li>\n<li>W zestawie stempel g\u00f3rny RCBS\/Lyman<\/li>\n<li>U\u017cyj uchwytu LEE 6 lub uchwyt\u00f3w form MP (NIE do\u0142\u0105czone)<\/li>\n<\/ul>\n<p>Zobacz zdj\u0119cia naszych produkt\u00f3w w\u00a0<a href=\"https:\/\/www.mp-molds.com\/WooCommerce\/product\/mp-432-hb-wc-2-cav\/index.php\/gallery\">galeria<\/a><\/p>","protected":false},"featured_media":50318,"comment_status":"open","ping_status":"closed","template":"","meta":[],"product_brand":[],"product_cat":[42,24],"product_tag":[188],"class_list":{"0":"post-50317","1":"product","2":"type-product","3":"status-publish","4":"has-post-thumbnail","6":"product_cat-hp-hollow-points-molds","7":"product_cat-molds","8":"product_tag-500-sw","9":"pa_brand-mp-molds","10":"pa_caliber-as-cast-404","11":"pa_dodatni_opis-brass-mold-for-hobby-hand-casting-set-contains-mold-allen-keys-metal-pins-e-clips","12":"pa_handles-included-no","13":"pa_manufacturer-mp-molds","14":"pa_material-brass","15":"pa_number-of-cavities-3-cavities","16":"pa_pb-bb-gc-hb-gas-check","17":"pa_pb-bb-gc-hb-plain-base","18":"pa_polica-11-0","20":"first","21":"instock","22":"sale","23":"taxable","24":"shipping-taxable","25":"purchasable","26":"product-type-variable"},"_links":{"self":[{"href":"https:\/\/www.mp-molds.com\/pl\/wp-json\/wp\/v2\/product\/50317","targetHints":{"allow":["GET"]}}],"collection":[{"href":"https:\/\/www.mp-molds.com\/pl\/wp-json\/wp\/v2\/product"}],"about":[{"href":"https:\/\/www.mp-molds.com\/pl\/wp-json\/wp\/v2\/types\/product"}],"replies":[{"embeddable":true,"href":"https:\/\/www.mp-molds.com\/pl\/wp-json\/wp\/v2\/comments?post=50317"}],"wp:featuredmedia":[{"embeddable":true,"href":"https:\/\/www.mp-molds.com\/pl\/wp-json\/wp\/v2\/media\/50318"}],"wp:attachment":[{"href":"https:\/\/www.mp-molds.com\/pl\/wp-json\/wp\/v2\/media?parent=50317"}],"wp:term":[{"taxonomy":"product_brand","embeddable":true,"href":"https:\/\/www.mp-molds.com\/pl\/wp-json\/wp\/v2\/product_brand?post=50317"},{"taxonomy":"product_cat","embeddable":true,"href":"https:\/\/www.mp-molds.com\/pl\/wp-json\/wp\/v2\/product_cat?post=50317"},{"taxonomy":"product_tag","embeddable":true,"href":"https:\/\/www.mp-molds.com\/pl\/wp-json\/wp\/v2\/product_tag?post=50317"}],"curies":[{"name":"wp","href":"https:\/\/api.w.org\/{rel}","templated":true}]}}