{"id":50252,"date":"2019-09-25T08:47:45","date_gmt":"2019-09-25T06:47:45","guid":{"rendered":"https:\/\/www.mp-molds.com\/product\/359-135-swc-round-nose-6-cavity-mold\/"},"modified":"2026-03-06T10:15:38","modified_gmt":"2026-03-06T09:15:38","slug":"359-135-swc-okragly-nosek-6-wglebien","status":"publish","type":"product","link":"https:\/\/www.mp-molds.com\/pl\/product\/359-135-swc-round-nose-6-cavity-mold\/","title":{"rendered":"359-135 SWC Okr\u0105g\u0142y nos, (wielokrotny wyb\u00f3r)"},"content":{"rendered":"<ul>\n<li>Kaliber .359 lub .358, grains 135 (do wyboru)<\/li>\n<li>Stalowa p\u0142yta wlewowa<\/li>\n<li>Sworznie wyr\u00f3wnuj\u0105ce z hartowanej stali<\/li>\n<li>Klucze imbusowe w zestawie<\/li>\n<li>W zestawie stempel g\u00f3rny RCBS\/Lyman<\/li>\n<li>U\u017cyj uchwytu LEE 6 lub uchwyt\u00f3w form MP (NIE do\u0142\u0105czone)<\/li>\n<\/ul>\n<p>Zobacz zdj\u0119cia naszych produkt\u00f3w w\u00a0<a href=\"https:\/\/www.mp-molds.com\/WooCommerce\/product\/mp-45-ruger-only-gc-hp-4-cav\/index.php\/gallery\">galeria<\/a><\/p>","protected":false},"excerpt":{"rendered":"<ul>\n<li>Kaliber .359 lub .358, grains 135 (do wyboru)<\/li>\n<li>Stalowa p\u0142yta wlewowa<\/li>\n<li>Sworznie wyr\u00f3wnuj\u0105ce z hartowanej stali<\/li>\n<li>Klucze imbusowe w zestawie<\/li>\n<li>W zestawie stempel g\u00f3rny RCBS\/Lyman<\/li>\n<li>U\u017cyj uchwytu LEE 6 lub uchwyt\u00f3w form MP (NIE do\u0142\u0105czone)<\/li>\n<\/ul>\n<p>Zobacz zdj\u0119cia naszych produkt\u00f3w w\u00a0<a href=\"https:\/\/www.mp-molds.com\/WooCommerce\/product\/mp-45-ruger-only-gc-hp-4-cav\/index.php\/gallery\">galeria<\/a><\/p>","protected":false},"featured_media":50253,"comment_status":"open","ping_status":"open","template":"","meta":[],"product_brand":[],"product_cat":[107,24,33],"product_tag":[47,434,435,185,443,186,48,444],"class_list":{"0":"post-50252","1":"product","2":"type-product","3":"status-publish","4":"has-post-thumbnail","6":"product_cat-alternative-coating-molds","7":"product_cat-molds","8":"product_cat-solid-molds","9":"product_tag-380-acp","10":"product_tag-357magnum","11":"product_tag-357sig","12":"product_tag-38-spl","13":"product_tag-38super","14":"product_tag-9mm","15":"product_tag-9x17","16":"product_tag-9x21","17":"pa_brand-mp-molds","18":"pa_caliber-as-cast-391","19":"pa_caliber-as-cast-370","20":"pa_dodatni_opis-brass-mold-for-hobby-hand-casting-set-contains-mold-allen-keys-metal-pin","21":"pa_handles-included-no","22":"pa_manufacturer-mp-molds","23":"pa_material-aluminum","24":"pa_material-brass","25":"pa_number-of-cavities-6-cavities","26":"pa_number-of-cavities-8-cavities","27":"pa_pb-bb-gc-hb-bevel-base","28":"pa_polica-8-3","30":"first","31":"instock","32":"sale","33":"taxable","34":"shipping-taxable","35":"purchasable","36":"product-type-variable"},"_links":{"self":[{"href":"https:\/\/www.mp-molds.com\/pl\/wp-json\/wp\/v2\/product\/50252","targetHints":{"allow":["GET"]}}],"collection":[{"href":"https:\/\/www.mp-molds.com\/pl\/wp-json\/wp\/v2\/product"}],"about":[{"href":"https:\/\/www.mp-molds.com\/pl\/wp-json\/wp\/v2\/types\/product"}],"replies":[{"embeddable":true,"href":"https:\/\/www.mp-molds.com\/pl\/wp-json\/wp\/v2\/comments?post=50252"}],"wp:featuredmedia":[{"embeddable":true,"href":"https:\/\/www.mp-molds.com\/pl\/wp-json\/wp\/v2\/media\/50253"}],"wp:attachment":[{"href":"https:\/\/www.mp-molds.com\/pl\/wp-json\/wp\/v2\/media?parent=50252"}],"wp:term":[{"taxonomy":"product_brand","embeddable":true,"href":"https:\/\/www.mp-molds.com\/pl\/wp-json\/wp\/v2\/product_brand?post=50252"},{"taxonomy":"product_cat","embeddable":true,"href":"https:\/\/www.mp-molds.com\/pl\/wp-json\/wp\/v2\/product_cat?post=50252"},{"taxonomy":"product_tag","embeddable":true,"href":"https:\/\/www.mp-molds.com\/pl\/wp-json\/wp\/v2\/product_tag?post=50252"}],"curies":[{"name":"wp","href":"https:\/\/api.w.org\/{rel}","templated":true}]}}