{"id":50241,"date":"2019-09-24T12:35:00","date_gmt":"2019-09-24T10:35:00","guid":{"rendered":"https:\/\/www.mp-molds.com\/product\/hg-50-38-357-hollow-base-wadcutter-2-cavity-mold\/"},"modified":"2026-03-24T23:51:03","modified_gmt":"2026-03-24T22:51:03","slug":"hg-50-38-357-wata-z-wydrazona-podstawa-2-wglebienia","status":"publish","type":"product","link":"https:\/\/www.mp-molds.com\/pl\/product\/hg-50-38-357-hollow-base-wadcutter-2-cavity-mold\/","title":{"rendered":"HG#50 38 &amp; 357 HB Wadcutter, 2 Cavity Mold"},"content":{"rendered":"<ul>\n<li>Odlewany kaliber .359 - 128 pusta podstawa lub 146 grain pe\u0142na<\/li>\n<li>Wydr\u0105\u017cona podstawa\/modyfikacja popularnego wadcuttera Hensley &amp; Gibbs #50 dla 38 special<\/li>\n<li>Wydr\u0105\u017cona podstawa (2 r\u00f3\u017cne zestawy) i puste ko\u0142ki<\/li>\n<li><strong>Wersja z wydr\u0105\u017con\u0105 podstaw\u0105 jest przeznaczona wy\u0142\u0105cznie do \u0142adunk\u00f3w galeryjnych \/ docelowych<\/strong><\/li>\n<li>Stalowa p\u0142yta wlewowa<\/li>\n<li>Sworznie wyr\u00f3wnuj\u0105ce z hartowanej stali<\/li>\n<li>Klucze imbusowe w zestawie<\/li>\n<li>W zestawie stempel g\u00f3rny RCBS\/Lyman<\/li>\n<li>U\u017cyj uchwytu LEE 6 lub uchwyt\u00f3w form MP (NIE do\u0142\u0105czone)<\/li>\n<\/ul>\n<p>Zobacz zdj\u0119cia naszych produkt\u00f3w w <a href=\"index.php\/gallery\">galeria<\/a><\/p>","protected":false},"excerpt":{"rendered":"<ul>\n<li>Odlewany kaliber .359 - 128 pusta podstawa lub 146 grain pe\u0142na<\/li>\n<li>Wydr\u0105\u017cona podstawa\/modyfikacja popularnego wadcuttera Hensley &amp; Gibbs #50 dla 38 special<\/li>\n<li>Wydr\u0105\u017cona podstawa (2 r\u00f3\u017cne zestawy) i puste ko\u0142ki<\/li>\n<li><strong>Wersja z wydr\u0105\u017con\u0105 podstaw\u0105 jest przeznaczona wy\u0142\u0105cznie do \u0142adunk\u00f3w galeryjnych \/ docelowych<\/strong><\/li>\n<li>Stalowa p\u0142yta wlewowa<\/li>\n<li>Sworznie wyr\u00f3wnuj\u0105ce z hartowanej stali<\/li>\n<li>Klucze imbusowe w zestawie<\/li>\n<li>W zestawie stempel g\u00f3rny RCBS\/Lyman<\/li>\n<li>U\u017cyj uchwytu LEE 6 lub uchwyt\u00f3w form MP (NIE do\u0142\u0105czone)<\/li>\n<\/ul>\n<p>Zobacz zdj\u0119cia naszych produkt\u00f3w w <a href=\"index.php\/gallery\">galeria<\/a><\/p>","protected":false},"featured_media":50045,"comment_status":"open","ping_status":"closed","template":"","meta":[],"product_brand":[],"product_cat":[25,24],"product_tag":[434,185],"class_list":{"0":"post-50241","1":"product","2":"type-product","3":"status-publish","4":"has-post-thumbnail","6":"product_cat-hb-hollow-base-molds","7":"product_cat-molds","8":"product_tag-357magnum","9":"product_tag-38-spl","10":"pa_brand-mp-molds","11":"pa_caliber-as-cast-370","12":"pa_dodatni_opis-brass-mold-for-hobby-hand-casting-set-contains-mold-allen-keys-metal-pins-e-clips","13":"pa_handles-included-no","14":"pa_manufacturer-mp-molds","15":"pa_material-brass","16":"pa_number-of-cavities-2-cavites","17":"pa_pb-bb-gc-hb-hollow-base","18":"pa_polica-13-1","20":"first","21":"instock","22":"sale","23":"taxable","24":"shipping-taxable","25":"purchasable","26":"product-type-simple"},"_links":{"self":[{"href":"https:\/\/www.mp-molds.com\/pl\/wp-json\/wp\/v2\/product\/50241","targetHints":{"allow":["GET"]}}],"collection":[{"href":"https:\/\/www.mp-molds.com\/pl\/wp-json\/wp\/v2\/product"}],"about":[{"href":"https:\/\/www.mp-molds.com\/pl\/wp-json\/wp\/v2\/types\/product"}],"replies":[{"embeddable":true,"href":"https:\/\/www.mp-molds.com\/pl\/wp-json\/wp\/v2\/comments?post=50241"}],"wp:featuredmedia":[{"embeddable":true,"href":"https:\/\/www.mp-molds.com\/pl\/wp-json\/wp\/v2\/media\/50045"}],"wp:attachment":[{"href":"https:\/\/www.mp-molds.com\/pl\/wp-json\/wp\/v2\/media?parent=50241"}],"wp:term":[{"taxonomy":"product_brand","embeddable":true,"href":"https:\/\/www.mp-molds.com\/pl\/wp-json\/wp\/v2\/product_brand?post=50241"},{"taxonomy":"product_cat","embeddable":true,"href":"https:\/\/www.mp-molds.com\/pl\/wp-json\/wp\/v2\/product_cat?post=50241"},{"taxonomy":"product_tag","embeddable":true,"href":"https:\/\/www.mp-molds.com\/pl\/wp-json\/wp\/v2\/product_tag?post=50241"}],"curies":[{"name":"wp","href":"https:\/\/api.w.org\/{rel}","templated":true}]}}