{"id":50215,"date":"2019-09-24T12:58:39","date_gmt":"2019-09-24T10:58:39","guid":{"rendered":"https:\/\/www.mp-molds.com\/product\/c-360-180-rf-gas-check-solid-8-cavity-aluminum-mold\/"},"modified":"2026-03-12T14:42:39","modified_gmt":"2026-03-12T13:42:39","slug":"c-360-180-rf-gas-check-solid-8-cavity-aluminium-mold","status":"publish","type":"product","link":"https:\/\/www.mp-molds.com\/pl\/product\/c-360-180-rf-gas-check-solid-8-cavity-aluminum-mold\/","title":{"rendered":"C 360-180 RF, Solid (wielokrotny wyb\u00f3r)"},"content":{"rendered":"<ul>\n<li>Odlewane kaliber .360 - pe\u0142ne 180 grains<\/li>\n<li>Stalowa p\u0142yta wlewowa<\/li>\n<li>Sworznie wyr\u00f3wnuj\u0105ce z hartowanej stali<\/li>\n<li>Klucze imbusowe w zestawie<\/li>\n<li>W zestawie stempel g\u00f3rny RCBS\/Lyman<\/li>\n<li>U\u017cyj uchwytu LEE 6 lub uchwyt\u00f3w form MP (NIE do\u0142\u0105czone)<\/li>\n<li>W zestawie pr\u00f3bka smaru do wlew\u00f3w (15 ml)<\/li>\n<\/ul>\n<p>Zobacz zdj\u0119cia naszych produkt\u00f3w w\u00a0<a href=\"https:\/\/www.mp-molds.com\/WooCommerce\/product\/mp-hg50-hbwc-38-357\/index.php\/gallery\">galeria<\/a><\/p>","protected":false},"excerpt":{"rendered":"<ul>\n<li>Odlewane kaliber .360 - pe\u0142ne 180 grains<\/li>\n<li>Stalowa p\u0142yta wlewowa<\/li>\n<li>Sworznie wyr\u00f3wnuj\u0105ce z hartowanej stali<\/li>\n<li>Klucze imbusowe w zestawie<\/li>\n<li>W zestawie stempel g\u00f3rny RCBS\/Lyman<\/li>\n<li>U\u017cyj uchwytu LEE 6 lub uchwyt\u00f3w form MP (NIE do\u0142\u0105czone)<\/li>\n<li>W zestawie pr\u00f3bka smaru do wlew\u00f3w (15 ml)<\/li>\n<\/ul>\n<p>Zobacz zdj\u0119cia naszych produkt\u00f3w w\u00a0<a href=\"https:\/\/www.mp-molds.com\/WooCommerce\/product\/mp-hg50-hbwc-38-357\/index.php\/gallery\">galeria<\/a><\/p>","protected":false},"featured_media":50216,"comment_status":"open","ping_status":"open","template":"","meta":[],"product_brand":[],"product_cat":[24,33],"product_tag":[434,185],"class_list":{"0":"post-50215","1":"product","2":"type-product","3":"status-publish","4":"has-post-thumbnail","6":"product_cat-molds","7":"product_cat-solid-molds","8":"product_tag-357magnum","9":"product_tag-38-spl","10":"pa_brand-mp-molds","11":"pa_caliber-as-cast-388","12":"pa_dodatni_opis-aluminum-mold-for-hobby-hand-casting-set-contains-mold-allen-keys-metal-pin-sprue-lever-handle","13":"pa_dodatni_opis-brass-mold-for-hobby-hand-casting-set-contains-mold-allen-keys-metal-pin","14":"pa_handles-included-no","15":"pa_manufacturer-mp-molds","16":"pa_material-aluminum","17":"pa_material-brass","18":"pa_number-of-cavities-6-cavities","19":"pa_number-of-cavities-8-cavities","20":"pa_pb-bb-gc-hb-gas-check","21":"pa_pb-bb-gc-hb-plain-base","22":"pa_polica-11-5","23":"pa_polica-3-3","25":"first","26":"instock","27":"sale","28":"taxable","29":"shipping-taxable","30":"purchasable","31":"product-type-variable"},"_links":{"self":[{"href":"https:\/\/www.mp-molds.com\/pl\/wp-json\/wp\/v2\/product\/50215","targetHints":{"allow":["GET"]}}],"collection":[{"href":"https:\/\/www.mp-molds.com\/pl\/wp-json\/wp\/v2\/product"}],"about":[{"href":"https:\/\/www.mp-molds.com\/pl\/wp-json\/wp\/v2\/types\/product"}],"replies":[{"embeddable":true,"href":"https:\/\/www.mp-molds.com\/pl\/wp-json\/wp\/v2\/comments?post=50215"}],"wp:featuredmedia":[{"embeddable":true,"href":"https:\/\/www.mp-molds.com\/pl\/wp-json\/wp\/v2\/media\/50216"}],"wp:attachment":[{"href":"https:\/\/www.mp-molds.com\/pl\/wp-json\/wp\/v2\/media?parent=50215"}],"wp:term":[{"taxonomy":"product_brand","embeddable":true,"href":"https:\/\/www.mp-molds.com\/pl\/wp-json\/wp\/v2\/product_brand?post=50215"},{"taxonomy":"product_cat","embeddable":true,"href":"https:\/\/www.mp-molds.com\/pl\/wp-json\/wp\/v2\/product_cat?post=50215"},{"taxonomy":"product_tag","embeddable":true,"href":"https:\/\/www.mp-molds.com\/pl\/wp-json\/wp\/v2\/product_tag?post=50215"}],"curies":[{"name":"wp","href":"https:\/\/api.w.org\/{rel}","templated":true}]}}