{"id":50209,"date":"2019-09-24T10:36:09","date_gmt":"2019-09-24T08:36:09","guid":{"rendered":"https:\/\/www.mp-molds.com\/product\/358-640-hollow-point-gas-check-4-cavity-mold\/"},"modified":"2026-03-06T10:15:14","modified_gmt":"2026-03-06T09:15:14","slug":"358-640-hollow-point-gas-check-4-cavity-mold","status":"publish","type":"product","link":"https:\/\/www.mp-molds.com\/pl\/product\/358-640-hollow-point-gas-check-4-cavity-mold\/","title":{"rendered":"358-640 HP Kontrola gazu, forma 4-komorowa"},"content":{"rendered":"<ul>\n<li>Odlewany kaliber .358.<\/li>\n<li>Solid = 96 gr, large\/penta hp = 87 gr<\/li>\n<li>Du\u017cy HP, penta HP, \u015blepy trzpie\u0144 do p\u0142askiego noska<\/li>\n<li>Stalowa p\u0142yta wlewowa<\/li>\n<li>Sworznie wyr\u00f3wnuj\u0105ce z hartowanej stali<\/li>\n<li>Klucze imbusowe w zestawie<\/li>\n<li>W zestawie stempel g\u00f3rny RCBS\/Lyman<\/li>\n<li>U\u017cyj uchwytu LEE 6 lub uchwyt\u00f3w form MP (NIE do\u0142\u0105czone)<\/li>\n<\/ul>\n<p>Zobacz zdj\u0119cia naszych produkt\u00f3w w\u00a0<a href=\"https:\/\/www.mp-molds.com\/WooCommerce\/product\/mp-45-ruger-only-gc-hp-4-cav\/index.php\/gallery\">galeria<\/a><\/p>","protected":false},"excerpt":{"rendered":"<ul>\n<li>Odlewany kaliber .358.<\/li>\n<li>Solid = 96 gr, large\/penta hp = 87 gr<\/li>\n<li>Du\u017cy HP, penta HP, \u015blepy trzpie\u0144 do p\u0142askiego noska<\/li>\n<li>Stalowa p\u0142yta wlewowa<\/li>\n<li>Sworznie wyr\u00f3wnuj\u0105ce z hartowanej stali<\/li>\n<li>Klucze imbusowe w zestawie<\/li>\n<li>W zestawie stempel g\u00f3rny RCBS\/Lyman<\/li>\n<li>U\u017cyj uchwytu LEE 6 lub uchwyt\u00f3w form MP (NIE do\u0142\u0105czone)<\/li>\n<\/ul>\n<p>Zobacz zdj\u0119cia naszych produkt\u00f3w w\u00a0<a href=\"https:\/\/www.mp-molds.com\/WooCommerce\/product\/mp-45-ruger-only-gc-hp-4-cav\/index.php\/gallery\">galeria<\/a><\/p>","protected":false},"featured_media":50210,"comment_status":"open","ping_status":"open","template":"","meta":[],"product_brand":[],"product_cat":[42,24,43],"product_tag":[434,185],"class_list":{"0":"post-50209","1":"product","2":"type-product","3":"status-publish","4":"has-post-thumbnail","6":"product_cat-hp-hollow-points-molds","7":"product_cat-molds","8":"product_cat-pistol-hp-molds","9":"product_tag-357magnum","10":"product_tag-38-spl","11":"pa_brand-mp-molds","12":"pa_caliber-as-cast-391","13":"pa_dodatni_opis-brass-mold-for-hobby-hand-casting-set-contains-mold-allen-keys-metal-pins-e-clips","14":"pa_handles-included-no","15":"pa_manufacturer-mp-molds","16":"pa_material-brass","17":"pa_number-of-cavities-4-cavities","18":"pa_pb-bb-gc-hb-gas-check","19":"pa_polica-10-1","21":"first","22":"instock","23":"sale","24":"taxable","25":"shipping-taxable","26":"purchasable","27":"product-type-simple"},"_links":{"self":[{"href":"https:\/\/www.mp-molds.com\/pl\/wp-json\/wp\/v2\/product\/50209","targetHints":{"allow":["GET"]}}],"collection":[{"href":"https:\/\/www.mp-molds.com\/pl\/wp-json\/wp\/v2\/product"}],"about":[{"href":"https:\/\/www.mp-molds.com\/pl\/wp-json\/wp\/v2\/types\/product"}],"replies":[{"embeddable":true,"href":"https:\/\/www.mp-molds.com\/pl\/wp-json\/wp\/v2\/comments?post=50209"}],"wp:featuredmedia":[{"embeddable":true,"href":"https:\/\/www.mp-molds.com\/pl\/wp-json\/wp\/v2\/media\/50210"}],"wp:attachment":[{"href":"https:\/\/www.mp-molds.com\/pl\/wp-json\/wp\/v2\/media?parent=50209"}],"wp:term":[{"taxonomy":"product_brand","embeddable":true,"href":"https:\/\/www.mp-molds.com\/pl\/wp-json\/wp\/v2\/product_brand?post=50209"},{"taxonomy":"product_cat","embeddable":true,"href":"https:\/\/www.mp-molds.com\/pl\/wp-json\/wp\/v2\/product_cat?post=50209"},{"taxonomy":"product_tag","embeddable":true,"href":"https:\/\/www.mp-molds.com\/pl\/wp-json\/wp\/v2\/product_tag?post=50209"}],"curies":[{"name":"wp","href":"https:\/\/api.w.org\/{rel}","templated":true}]}}