{"id":50190,"date":"2019-09-23T11:55:02","date_gmt":"2019-09-23T09:55:02","guid":{"rendered":"https:\/\/www.mp-molds.com\/product\/477-640-hollow-point-gas-check-2-cavity-mold\/"},"modified":"2026-03-06T10:14:57","modified_gmt":"2026-03-06T09:14:57","slug":"477-640-pusta-kulka-gas-check-2-cavity-mold","status":"publish","type":"product","link":"https:\/\/www.mp-molds.com\/pl\/product\/477-640-hollow-point-gas-check-2-cavity-mold\/","title":{"rendered":"477-640 HP Kontrola gazu, forma 2-komorowa"},"content":{"rendered":"<ul>\n<li>410 grains jako solid i 385 jako HP<\/li>\n<li>o \u015brednicy .478\u2033.<\/li>\n<li>\u00a0Rowki zaciskaj\u0105ce znajduj\u0105 si\u0119 w odleg\u0142o\u015bci .365 dla pistolet\u00f3w FA i .420 dla niestandardowych pistolet\u00f3w z d\u0142ugim cylindrem.<\/li>\n<li>Stalowa p\u0142yta wlewowa<\/li>\n<li>Sworznie wyr\u00f3wnuj\u0105ce z hartowanej stali<\/li>\n<li>Klucze imbusowe s\u0105 do\u0142\u0105czone<\/li>\n<li>W zestawie znajduje si\u0119 stempel RCBS\/Lyman<\/li>\n<li>U\u017cyj uchwytu wn\u0119kowego LEE 6 lub\u00a0<a href=\"https:\/\/mp-molds.com\/index.php\/e-shop\/mp-handles\">Uchwyty formy MP<\/a>\u00a0(brak w zestawie)<\/li>\n<li>szpilki okr\u0105g\u0142e, penta i puste, szpilki pe\u0142ne z okr\u0105g\u0142ym noskiem<\/li>\n<\/ul>\n<p>Zobacz zdj\u0119cia naszych produkt\u00f3w w\u00a0<a href=\"https:\/\/mp-molds.com\/index.php\/gallery\">galeria<\/a><\/p>","protected":false},"excerpt":{"rendered":"<ul>\n<li>410 grains jako solid i 385 jako HP<\/li>\n<li>o \u015brednicy .478\u2033.<\/li>\n<li>\u00a0Rowki zaciskaj\u0105ce znajduj\u0105 si\u0119 w odleg\u0142o\u015bci .365 dla pistolet\u00f3w FA i .420 dla niestandardowych pistolet\u00f3w z d\u0142ugim cylindrem.<\/li>\n<li>Stalowa p\u0142yta wlewowa<\/li>\n<li>Sworznie wyr\u00f3wnuj\u0105ce z hartowanej stali<\/li>\n<li>Klucze imbusowe s\u0105 do\u0142\u0105czone<\/li>\n<li>W zestawie znajduje si\u0119 stempel RCBS\/Lyman<\/li>\n<li>U\u017cyj uchwytu wn\u0119kowego LEE 6 lub\u00a0<a href=\"https:\/\/mp-molds.com\/index.php\/e-shop\/mp-handles\">Uchwyty formy MP<\/a>\u00a0(brak w zestawie)<\/li>\n<li>szpilki okr\u0105g\u0142e, penta i puste, szpilki pe\u0142ne z okr\u0105g\u0142ym noskiem<\/li>\n<\/ul>\n<p>Zobacz zdj\u0119cia naszych produkt\u00f3w w\u00a0<a href=\"https:\/\/mp-molds.com\/index.php\/gallery\">galeria<\/a><\/p>","protected":false},"featured_media":50191,"comment_status":"open","ping_status":"open","template":"","meta":[],"product_brand":[],"product_cat":[42,24],"product_tag":[],"class_list":{"0":"post-50190","1":"product","2":"type-product","3":"status-publish","4":"has-post-thumbnail","6":"product_cat-hp-hollow-points-molds","7":"product_cat-molds","8":"pa_handles-included-no","9":"pa_manufacturer-mp-molds","10":"pa_material-brass","11":"pa_number-of-cavities-2-cavites","12":"pa_pb-bb-gc-hb-gas-check","13":"pa_polica-11-6","15":"first","16":"instock","17":"sale","18":"taxable","19":"shipping-taxable","20":"purchasable","21":"product-type-simple"},"_links":{"self":[{"href":"https:\/\/www.mp-molds.com\/pl\/wp-json\/wp\/v2\/product\/50190","targetHints":{"allow":["GET"]}}],"collection":[{"href":"https:\/\/www.mp-molds.com\/pl\/wp-json\/wp\/v2\/product"}],"about":[{"href":"https:\/\/www.mp-molds.com\/pl\/wp-json\/wp\/v2\/types\/product"}],"replies":[{"embeddable":true,"href":"https:\/\/www.mp-molds.com\/pl\/wp-json\/wp\/v2\/comments?post=50190"}],"wp:featuredmedia":[{"embeddable":true,"href":"https:\/\/www.mp-molds.com\/pl\/wp-json\/wp\/v2\/media\/50191"}],"wp:attachment":[{"href":"https:\/\/www.mp-molds.com\/pl\/wp-json\/wp\/v2\/media?parent=50190"}],"wp:term":[{"taxonomy":"product_brand","embeddable":true,"href":"https:\/\/www.mp-molds.com\/pl\/wp-json\/wp\/v2\/product_brand?post=50190"},{"taxonomy":"product_cat","embeddable":true,"href":"https:\/\/www.mp-molds.com\/pl\/wp-json\/wp\/v2\/product_cat?post=50190"},{"taxonomy":"product_tag","embeddable":true,"href":"https:\/\/www.mp-molds.com\/pl\/wp-json\/wp\/v2\/product_tag?post=50190"}],"curies":[{"name":"wp","href":"https:\/\/api.w.org\/{rel}","templated":true}]}}