{"id":50155,"date":"2019-09-22T08:20:52","date_gmt":"2019-09-22T06:20:52","guid":{"rendered":"https:\/\/www.mp-molds.com\/product\/502-600-hollow-point-2cavity-gas-check-mold\/"},"modified":"2026-04-05T17:03:41","modified_gmt":"2026-04-05T15:03:41","slug":"502-600-pusta-kulka-2-gniazdowa-forma-kontrolna-gazu","status":"publish","type":"product","link":"https:\/\/www.mp-molds.com\/pl\/product\/502-600-hollow-point-2cavity-gas-check-mold\/","title":{"rendered":"502-600 HP, 2-komorowa gazowa forma kontrolna"},"content":{"rendered":"<ul>\n<li>\u015arednica odlewu .502 z obci\u0105\u017cnikami k\u00f3\u0142 ze stopu (mo\u017ce si\u0119 r\u00f3\u017cni\u0107 - zale\u017cy od stopu)<\/li>\n<li>600 grain hollow point<\/li>\n<li>P\u0142aski nosek, okr\u0105g\u0142y wydr\u0105\u017cony czubek, pi\u0119ciostronny wydr\u0105\u017cony czubek<\/li>\n<li>Stalowa p\u0142yta wlewowa<\/li>\n<li>Sworznie wyr\u00f3wnuj\u0105ce z hartowanej stali<\/li>\n<li>Klucze imbusowe w zestawie<\/li>\n<li>W zestawie stempel g\u00f3rny RCBS\/Lyman<\/li>\n<li>U\u017cyj uchwytu LEE 6 lub uchwyt\u00f3w form MP (NIE do\u0142\u0105czone)<\/li>\n<\/ul>\n<p>Zobacz zdj\u0119cia naszych produkt\u00f3w w\u00a0<a href=\"https:\/\/www.mp-molds.com\/WooCommerce\/product\/9mm-38cal-swc-hg275-clone\/index.php\/gallery\">galeria<\/a><\/p>","protected":false},"excerpt":{"rendered":"<ul>\n<li>\u015arednica odlewu .502 z obci\u0105\u017cnikami k\u00f3\u0142 ze stopu (mo\u017ce si\u0119 r\u00f3\u017cni\u0107 - zale\u017cy od stopu)<\/li>\n<li>600 grain hollow point<\/li>\n<li>P\u0142aski nosek, okr\u0105g\u0142y wydr\u0105\u017cony czubek, pi\u0119ciostronny wydr\u0105\u017cony czubek<\/li>\n<li>Stalowa p\u0142yta wlewowa<\/li>\n<li>Sworznie wyr\u00f3wnuj\u0105ce z hartowanej stali<\/li>\n<li>Klucze imbusowe w zestawie<\/li>\n<li>W zestawie stempel g\u00f3rny RCBS\/Lyman<\/li>\n<li>U\u017cyj uchwytu LEE 6 lub uchwyt\u00f3w form MP (NIE do\u0142\u0105czone)<\/li>\n<\/ul>\n<p>Zobacz zdj\u0119cia naszych produkt\u00f3w w\u00a0<a href=\"https:\/\/www.mp-molds.com\/WooCommerce\/product\/9mm-38cal-swc-hg275-clone\/index.php\/gallery\">galeria<\/a><\/p>","protected":false},"featured_media":50156,"comment_status":"open","ping_status":"open","template":"","meta":[],"product_brand":[],"product_cat":[42,24],"product_tag":[188],"class_list":{"0":"post-50155","1":"product","2":"type-product","3":"status-publish","4":"has-post-thumbnail","6":"product_cat-hp-hollow-points-molds","7":"product_cat-molds","8":"product_tag-500-sw","9":"pa_brand-mp-molds","10":"pa_caliber-as-cast-404","11":"pa_dodatni_opis-brass-mold-for-hobby-hand-casting-set-contains-mold-allen-keys-metal-pins-e-clips","12":"pa_handles-included-no","13":"pa_manufacturer-mp-molds","14":"pa_material-brass","15":"pa_number-of-cavities-2-cavites","16":"pa_pb-bb-gc-hb-gas-check","17":"pa_polica-10-3","19":"first","20":"instock","21":"sale","22":"taxable","23":"shipping-taxable","24":"purchasable","25":"product-type-simple"},"_links":{"self":[{"href":"https:\/\/www.mp-molds.com\/pl\/wp-json\/wp\/v2\/product\/50155","targetHints":{"allow":["GET"]}}],"collection":[{"href":"https:\/\/www.mp-molds.com\/pl\/wp-json\/wp\/v2\/product"}],"about":[{"href":"https:\/\/www.mp-molds.com\/pl\/wp-json\/wp\/v2\/types\/product"}],"replies":[{"embeddable":true,"href":"https:\/\/www.mp-molds.com\/pl\/wp-json\/wp\/v2\/comments?post=50155"}],"wp:featuredmedia":[{"embeddable":true,"href":"https:\/\/www.mp-molds.com\/pl\/wp-json\/wp\/v2\/media\/50156"}],"wp:attachment":[{"href":"https:\/\/www.mp-molds.com\/pl\/wp-json\/wp\/v2\/media?parent=50155"}],"wp:term":[{"taxonomy":"product_brand","embeddable":true,"href":"https:\/\/www.mp-molds.com\/pl\/wp-json\/wp\/v2\/product_brand?post=50155"},{"taxonomy":"product_cat","embeddable":true,"href":"https:\/\/www.mp-molds.com\/pl\/wp-json\/wp\/v2\/product_cat?post=50155"},{"taxonomy":"product_tag","embeddable":true,"href":"https:\/\/www.mp-molds.com\/pl\/wp-json\/wp\/v2\/product_tag?post=50155"}],"curies":[{"name":"wp","href":"https:\/\/api.w.org\/{rel}","templated":true}]}}