{"id":50126,"date":"2019-09-16T17:59:09","date_gmt":"2019-09-16T15:59:09","guid":{"rendered":"https:\/\/www.mp-molds.com\/product\/guide-rod-for-hp-pins-4-mm-diam-pack-of-10-pcs\/"},"modified":"2026-04-14T08:49:39","modified_gmt":"2026-04-14T06:49:39","slug":"pret-prowadzacy-do-sworzni-hp-o-srednicy-4-mm-opakowanie-10-szt","status":"publish","type":"product","link":"https:\/\/www.mp-molds.com\/pl\/product\/guide-rod-for-hp-pins-4-mm-diam-pack-of-10-pcs\/","title":{"rendered":"Prowadnica do pin\u00f3w HP (\u015brednica 4 mm) - opakowanie 10 szt."},"content":{"rendered":"<ul>\n<li>Dr\u0105\u017cek prowadz\u0105cy dla sworzni HP (\u015brednica 4 mm)<\/li>\n<li>W\u0105tek M3<\/li>\n<li>U\u017cyj klucza imbusowego $2 mm<\/li>\n<\/ul>","protected":false},"excerpt":{"rendered":"<ul>\n<li>Dr\u0105\u017cek prowadz\u0105cy dla sworzni HP (\u015brednica 4 mm)<\/li>\n<li>W\u0105tek M3<\/li>\n<li>U\u017cyj klucza imbusowego $2 mm<\/li>\n<\/ul>","protected":false},"featured_media":50127,"comment_status":"open","ping_status":"open","template":"","meta":[],"product_brand":[],"product_cat":[139],"product_tag":[],"class_list":{"0":"post-50126","1":"product","2":"type-product","3":"status-publish","4":"has-post-thumbnail","6":"product_cat-spare-parts","7":"pa_brand-mp-molds","8":"pa_dodatni_opis-metal-pins","9":"pa_manufacturer-mp-molds","10":"pa_material-c45-steel-blued","12":"first","13":"instock","14":"sale","15":"taxable","16":"shipping-taxable","17":"purchasable","18":"product-type-simple"},"_links":{"self":[{"href":"https:\/\/www.mp-molds.com\/pl\/wp-json\/wp\/v2\/product\/50126","targetHints":{"allow":["GET"]}}],"collection":[{"href":"https:\/\/www.mp-molds.com\/pl\/wp-json\/wp\/v2\/product"}],"about":[{"href":"https:\/\/www.mp-molds.com\/pl\/wp-json\/wp\/v2\/types\/product"}],"replies":[{"embeddable":true,"href":"https:\/\/www.mp-molds.com\/pl\/wp-json\/wp\/v2\/comments?post=50126"}],"wp:featuredmedia":[{"embeddable":true,"href":"https:\/\/www.mp-molds.com\/pl\/wp-json\/wp\/v2\/media\/50127"}],"wp:attachment":[{"href":"https:\/\/www.mp-molds.com\/pl\/wp-json\/wp\/v2\/media?parent=50126"}],"wp:term":[{"taxonomy":"product_brand","embeddable":true,"href":"https:\/\/www.mp-molds.com\/pl\/wp-json\/wp\/v2\/product_brand?post=50126"},{"taxonomy":"product_cat","embeddable":true,"href":"https:\/\/www.mp-molds.com\/pl\/wp-json\/wp\/v2\/product_cat?post=50126"},{"taxonomy":"product_tag","embeddable":true,"href":"https:\/\/www.mp-molds.com\/pl\/wp-json\/wp\/v2\/product_tag?post=50126"}],"curies":[{"name":"wp","href":"https:\/\/api.w.org\/{rel}","templated":true}]}}