{"id":50116,"date":"2019-09-16T17:33:52","date_gmt":"2019-09-16T15:33:52","guid":{"rendered":"https:\/\/www.mp-molds.com\/product\/sprue-plate-6-cavity-lenght-130-mm-replacment-set\/"},"modified":"2026-03-06T10:14:26","modified_gmt":"2026-03-06T09:14:26","slug":"plytka-wlewowa-6-dlugosc-130-mm-zestaw-wymienny","status":"publish","type":"product","link":"https:\/\/www.mp-molds.com\/pl\/product\/sprue-plate-6-cavity-lenght-130-mm-replacment-set\/","title":{"rendered":"P\u0142ytka wlewowa - 6 wn\u0119k (d\u0142ugo\u015b\u0107 130 mm) Zestaw wymienny"},"content":{"rendered":"<ul>\n<li>Stalowa p\u0142yta wlewowa<\/li>\n<li>Niebieski<\/li>\n<li>\u015arednica otwor\u00f3w wlewowych 4 mm<\/li>\n<li>W zestawie \u015bruba, tuleja i podk\u0142adka falista<\/li>\n<\/ul>","protected":false},"excerpt":{"rendered":"<ul>\n<li>Stalowa p\u0142yta wlewowa<\/li>\n<li>Niebieski<\/li>\n<li>\u015arednica otwor\u00f3w wlewowych 4 mm<\/li>\n<li>W zestawie \u015bruba, tuleja i podk\u0142adka falista<\/li>\n<\/ul>","protected":false},"featured_media":50117,"comment_status":"open","ping_status":"closed","template":"","meta":[],"product_brand":[],"product_cat":[139],"product_tag":[490],"class_list":{"0":"post-50116","1":"product","2":"type-product","3":"status-publish","4":"has-post-thumbnail","6":"product_cat-spare-parts","7":"product_tag-sprue","8":"pa_brand-mp-molds","9":"pa_dodatni_opis-spare-sprue-plate-set-of-metal-plate-and-screws","10":"pa_manufacturer-mp-molds","11":"pa_material-c45-steel-blued","13":"first","14":"instock","15":"sale","16":"taxable","17":"shipping-taxable","18":"purchasable","19":"product-type-simple"},"_links":{"self":[{"href":"https:\/\/www.mp-molds.com\/pl\/wp-json\/wp\/v2\/product\/50116","targetHints":{"allow":["GET"]}}],"collection":[{"href":"https:\/\/www.mp-molds.com\/pl\/wp-json\/wp\/v2\/product"}],"about":[{"href":"https:\/\/www.mp-molds.com\/pl\/wp-json\/wp\/v2\/types\/product"}],"replies":[{"embeddable":true,"href":"https:\/\/www.mp-molds.com\/pl\/wp-json\/wp\/v2\/comments?post=50116"}],"wp:featuredmedia":[{"embeddable":true,"href":"https:\/\/www.mp-molds.com\/pl\/wp-json\/wp\/v2\/media\/50117"}],"wp:attachment":[{"href":"https:\/\/www.mp-molds.com\/pl\/wp-json\/wp\/v2\/media?parent=50116"}],"wp:term":[{"taxonomy":"product_brand","embeddable":true,"href":"https:\/\/www.mp-molds.com\/pl\/wp-json\/wp\/v2\/product_brand?post=50116"},{"taxonomy":"product_cat","embeddable":true,"href":"https:\/\/www.mp-molds.com\/pl\/wp-json\/wp\/v2\/product_cat?post=50116"},{"taxonomy":"product_tag","embeddable":true,"href":"https:\/\/www.mp-molds.com\/pl\/wp-json\/wp\/v2\/product_tag?post=50116"}],"curies":[{"name":"wp","href":"https:\/\/api.w.org\/{rel}","templated":true}]}}