{"id":50092,"date":"2019-09-16T11:39:00","date_gmt":"2019-09-16T09:39:00","guid":{"rendered":"https:\/\/www.mp-molds.com\/product\/round-ball-320-8-cavity-aluminum-mold\/"},"modified":"2026-04-06T21:45:33","modified_gmt":"2026-04-06T19:45:33","slug":"okragla-kula-320-8-wnekowa-forma-aluminiowa","status":"publish","type":"product","link":"https:\/\/www.mp-molds.com\/pl\/product\/round-ball-320-8-cavity-aluminum-mold\/","title":{"rendered":"Okr\u0105g\u0142a kulka .320, 8 wg\u0142\u0119bie\u0144 formy AL"},"content":{"rendered":"<ul>\n<li>Forma b\u0119dzie odlewa\u0107 ko\u0142a o \u015brednicy .320 z ci\u0119\u017carkami ze stopu (mo\u017ce si\u0119 r\u00f3\u017cni\u0107 - zale\u017cy od stopu).<\/li>\n<li>8 ubytk\u00f3w<\/li>\n<li>Stalowa p\u0142yta wlewowa<\/li>\n<li>Sworznie wyr\u00f3wnuj\u0105ce z hartowanej stali<\/li>\n<li>Klucze imbusowe w zestawie<\/li>\n<li>U\u017cyj uchwytu LEE 6 lub uchwyt\u00f3w form MP (NIE do\u0142\u0105czone)<\/li>\n<\/ul>\n<p>Zobacz zdj\u0119cia naszych produkt\u00f3w w\u00a0<a href=\"https:\/\/www.mp-molds.com\/WooCommerce\/product\/552-mm-air-rifle-pellet-8-cav-mold\/index.php\/gallery\">galeria<\/a><\/p>","protected":false},"excerpt":{"rendered":"<ul>\n<li>Forma b\u0119dzie odlewa\u0107 ko\u0142a o \u015brednicy .320 z ci\u0119\u017carkami ze stopu (mo\u017ce si\u0119 r\u00f3\u017cni\u0107 - zale\u017cy od stopu).<\/li>\n<li>8 ubytk\u00f3w<\/li>\n<li>Stalowa p\u0142yta wlewowa<\/li>\n<li>Sworznie wyr\u00f3wnuj\u0105ce z hartowanej stali<\/li>\n<li>Klucze imbusowe w zestawie<\/li>\n<li>U\u017cyj uchwytu LEE 6 lub uchwyt\u00f3w form MP (NIE do\u0142\u0105czone)<\/li>\n<\/ul>\n<p>Zobacz zdj\u0119cia naszych produkt\u00f3w w\u00a0<a href=\"https:\/\/www.mp-molds.com\/WooCommerce\/product\/552-mm-air-rifle-pellet-8-cav-mold\/index.php\/gallery\">galeria<\/a><\/p>","protected":false},"featured_media":50093,"comment_status":"open","ping_status":"open","template":"","meta":[],"product_brand":[],"product_cat":[24,134,69],"product_tag":[485],"class_list":{"0":"post-50092","1":"product","2":"type-product","3":"status-publish","4":"has-post-thumbnail","6":"product_cat-molds","7":"product_cat-round-ball-molds","8":"product_cat-shot-gun-molds","9":"product_tag-ball","10":"pa_brand-mp-molds","11":"pa_caliber-as-cast-399","12":"pa_caliber-as-cast-12-ga","13":"pa_dodatni_opis-aluminum-mold-for-hobby-hand-casting-set-contains-mold-allen-keys-metal-pin-sprue-lever-handle","14":"pa_handles-included-no","15":"pa_manufacturer-mp-molds","16":"pa_material-aluminum","17":"pa_number-of-cavities-8-cavities","18":"pa_polica-3-2","20":"first","21":"instock","22":"sale","23":"taxable","24":"shipping-taxable","25":"purchasable","26":"product-type-simple"},"_links":{"self":[{"href":"https:\/\/www.mp-molds.com\/pl\/wp-json\/wp\/v2\/product\/50092","targetHints":{"allow":["GET"]}}],"collection":[{"href":"https:\/\/www.mp-molds.com\/pl\/wp-json\/wp\/v2\/product"}],"about":[{"href":"https:\/\/www.mp-molds.com\/pl\/wp-json\/wp\/v2\/types\/product"}],"replies":[{"embeddable":true,"href":"https:\/\/www.mp-molds.com\/pl\/wp-json\/wp\/v2\/comments?post=50092"}],"wp:featuredmedia":[{"embeddable":true,"href":"https:\/\/www.mp-molds.com\/pl\/wp-json\/wp\/v2\/media\/50093"}],"wp:attachment":[{"href":"https:\/\/www.mp-molds.com\/pl\/wp-json\/wp\/v2\/media?parent=50092"}],"wp:term":[{"taxonomy":"product_brand","embeddable":true,"href":"https:\/\/www.mp-molds.com\/pl\/wp-json\/wp\/v2\/product_brand?post=50092"},{"taxonomy":"product_cat","embeddable":true,"href":"https:\/\/www.mp-molds.com\/pl\/wp-json\/wp\/v2\/product_cat?post=50092"},{"taxonomy":"product_tag","embeddable":true,"href":"https:\/\/www.mp-molds.com\/pl\/wp-json\/wp\/v2\/product_tag?post=50092"}],"curies":[{"name":"wp","href":"https:\/\/api.w.org\/{rel}","templated":true}]}}