{"id":50089,"date":"2019-09-16T09:28:46","date_gmt":"2019-09-16T07:28:46","guid":{"rendered":"https:\/\/www.mp-molds.com\/product\/10379\/"},"modified":"2026-03-06T10:14:11","modified_gmt":"2026-03-06T09:14:11","slug":"10379","status":"publish","type":"product","link":"https:\/\/www.mp-molds.com\/pl\/product\/10379\/","title":{"rendered":"G\u0142owica narz\u0119dziowa Dillon do maszyny prze\u0142adunkowej XL650"},"content":{"rendered":"<ul>\n<li>G\u0142owica narz\u0119dziowa Dillon do maszyny prze\u0142adunkowej XL650<\/li>\n<li>Wykonane z aluminium 7075 T6<\/li>\n<li>Anodowana na czerwono<\/li>\n<li>Wykonane z zachowaniem w\u0105skich tolerancji<\/li>\n<\/ul>","protected":false},"excerpt":{"rendered":"<ul>\n<li>G\u0142owica narz\u0119dziowa Dillon do maszyny prze\u0142adunkowej XL650<\/li>\n<li>Wykonane z aluminium 7075 T6<\/li>\n<li>Anodowana na czerwono<\/li>\n<li>Wykonane z zachowaniem w\u0105skich tolerancji<\/li>\n<\/ul>","protected":false},"featured_media":50090,"comment_status":"open","ping_status":"open","template":"","meta":[],"product_brand":[],"product_cat":[132],"product_tag":[],"class_list":{"0":"post-50089","1":"product","2":"type-product","3":"status-publish","4":"has-post-thumbnail","6":"product_cat-accessories","7":"pa_brand-mp-molds","8":"pa_manufacturer-mp-molds","9":"pa_material-aluminum","11":"first","12":"outofstock","13":"sale","14":"taxable","15":"shipping-taxable","16":"purchasable","17":"product-type-simple"},"_links":{"self":[{"href":"https:\/\/www.mp-molds.com\/pl\/wp-json\/wp\/v2\/product\/50089","targetHints":{"allow":["GET"]}}],"collection":[{"href":"https:\/\/www.mp-molds.com\/pl\/wp-json\/wp\/v2\/product"}],"about":[{"href":"https:\/\/www.mp-molds.com\/pl\/wp-json\/wp\/v2\/types\/product"}],"replies":[{"embeddable":true,"href":"https:\/\/www.mp-molds.com\/pl\/wp-json\/wp\/v2\/comments?post=50089"}],"wp:featuredmedia":[{"embeddable":true,"href":"https:\/\/www.mp-molds.com\/pl\/wp-json\/wp\/v2\/media\/50090"}],"wp:attachment":[{"href":"https:\/\/www.mp-molds.com\/pl\/wp-json\/wp\/v2\/media?parent=50089"}],"wp:term":[{"taxonomy":"product_brand","embeddable":true,"href":"https:\/\/www.mp-molds.com\/pl\/wp-json\/wp\/v2\/product_brand?post=50089"},{"taxonomy":"product_cat","embeddable":true,"href":"https:\/\/www.mp-molds.com\/pl\/wp-json\/wp\/v2\/product_cat?post=50089"},{"taxonomy":"product_tag","embeddable":true,"href":"https:\/\/www.mp-molds.com\/pl\/wp-json\/wp\/v2\/product_tag?post=50089"}],"curies":[{"name":"wp","href":"https:\/\/api.w.org\/{rel}","templated":true}]}}