{"id":50079,"date":"2019-06-04T16:42:34","date_gmt":"2019-06-04T14:42:34","guid":{"rendered":"https:\/\/www.mp-molds.com\/product\/mp-356-125-2r-8-cav-flat-base\/"},"modified":"2026-03-06T10:14:11","modified_gmt":"2026-03-06T09:14:11","slug":"mp-356-125-2r-8-cav-plaska-podstawa","status":"publish","type":"product","link":"https:\/\/www.mp-molds.com\/pl\/product\/mp-356-125-2r-8-cav-flat-base\/","title":{"rendered":"MP 356-125 (359 kal.) 2R 8 wg\u0142\u0119bie\u0144 Forma z p\u0142ask\u0105 podstaw\u0105"},"content":{"rendered":"<ul>\n<li>Odlew kaliber .359 - 125 pe\u0142ny<\/li>\n<li>Aluminiowa forma 8-komorowa<\/li>\n<li>Do u\u017cytku r\u00f3wnie\u017c w kalibrze 9 mm. \u0141atwe rozmiary do \u015brednicy .356.<\/li>\n<li>Stalowa p\u0142yta wlewowa<\/li>\n<li>Sworznie wyr\u00f3wnuj\u0105ce z hartowanej stali<\/li>\n<li>Klucze imbusowe w zestawie<\/li>\n<li>W zestawie stempel g\u00f3rny RCBS\/Lyman<\/li>\n<li>U\u017cyj uchwytu LEE 6 lub uchwyt\u00f3w form MP (NIE do\u0142\u0105czone)<\/li>\n<\/ul>\n<p>Zobacz zdj\u0119cia naszych produkt\u00f3w w <a href=\"index.php\/gallery\">galeria<\/a><\/p>","protected":false},"excerpt":{"rendered":"<ul>\n<li>Odlew kaliber .359 - 125 pe\u0142ny<\/li>\n<li>Aluminiowa forma 8-komorowa<\/li>\n<li>Do u\u017cytku r\u00f3wnie\u017c w kalibrze 9 mm. \u0141atwe rozmiary do \u015brednicy .356.<\/li>\n<li>Stalowa p\u0142yta wlewowa<\/li>\n<li>Sworznie wyr\u00f3wnuj\u0105ce z hartowanej stali<\/li>\n<li>Klucze imbusowe w zestawie<\/li>\n<li>W zestawie stempel g\u00f3rny RCBS\/Lyman<\/li>\n<li>U\u017cyj uchwytu LEE 6 lub uchwyt\u00f3w form MP (NIE do\u0142\u0105czone)<\/li>\n<\/ul>\n<p>Zobacz zdj\u0119cia naszych produkt\u00f3w w <a href=\"index.php\/gallery\">galeria<\/a><\/p>","protected":false},"featured_media":50080,"comment_status":"open","ping_status":"closed","template":"","meta":[],"product_brand":[],"product_cat":[24,33],"product_tag":[443,186,48,444],"class_list":{"0":"post-50079","1":"product","2":"type-product","3":"status-publish","4":"has-post-thumbnail","6":"product_cat-molds","7":"product_cat-solid-molds","8":"product_tag-38super","9":"product_tag-9mm","10":"product_tag-9x17","11":"product_tag-9x21","12":"pa_brand-mp-molds","13":"pa_caliber-as-cast-391","14":"pa_dodatni_opis-aluminum-mold-for-hobby-hand-casting-set-contains-mold-allen-keys-metal-pin-sprue-lever-handle","15":"pa_handles-included-no","16":"pa_manufacturer-mp-molds","17":"pa_material-aluminum","18":"pa_number-of-cavities-8-cavities","19":"pa_pb-bb-gc-hb-plain-base","20":"pa_polica-13-5","22":"first","23":"instock","24":"sale","25":"taxable","26":"shipping-taxable","27":"purchasable","28":"product-type-simple"},"_links":{"self":[{"href":"https:\/\/www.mp-molds.com\/pl\/wp-json\/wp\/v2\/product\/50079","targetHints":{"allow":["GET"]}}],"collection":[{"href":"https:\/\/www.mp-molds.com\/pl\/wp-json\/wp\/v2\/product"}],"about":[{"href":"https:\/\/www.mp-molds.com\/pl\/wp-json\/wp\/v2\/types\/product"}],"replies":[{"embeddable":true,"href":"https:\/\/www.mp-molds.com\/pl\/wp-json\/wp\/v2\/comments?post=50079"}],"wp:featuredmedia":[{"embeddable":true,"href":"https:\/\/www.mp-molds.com\/pl\/wp-json\/wp\/v2\/media\/50080"}],"wp:attachment":[{"href":"https:\/\/www.mp-molds.com\/pl\/wp-json\/wp\/v2\/media?parent=50079"}],"wp:term":[{"taxonomy":"product_brand","embeddable":true,"href":"https:\/\/www.mp-molds.com\/pl\/wp-json\/wp\/v2\/product_brand?post=50079"},{"taxonomy":"product_cat","embeddable":true,"href":"https:\/\/www.mp-molds.com\/pl\/wp-json\/wp\/v2\/product_cat?post=50079"},{"taxonomy":"product_tag","embeddable":true,"href":"https:\/\/www.mp-molds.com\/pl\/wp-json\/wp\/v2\/product_tag?post=50079"}],"curies":[{"name":"wp","href":"https:\/\/api.w.org\/{rel}","templated":true}]}}