{"id":50075,"date":"2019-06-04T14:42:34","date_gmt":"2019-06-04T12:42:34","guid":{"rendered":"https:\/\/www.mp-molds.com\/product\/mp-357-125-hp-pb-4-cav-no-lube-groove\/"},"modified":"2026-04-15T10:45:53","modified_gmt":"2026-04-15T08:45:53","slug":"mp-357-125-hp-pb-4-cav-bez-rowka-smarowego","status":"publish","type":"product","link":"https:\/\/www.mp-molds.com\/pl\/product\/mp-357-125-hp-pb-4-cav-no-lube-groove\/","title":{"rendered":"MP 357-125 HP PB 4 Cavity NO LUBE GROOVE mold"},"content":{"rendered":"<ul>\n<li>Cast .357 cal. - 130 Hollow point lub 135 grain solid<\/li>\n<li>Do u\u017cytku r\u00f3wnie\u017c w kalibrze 9 mm. \u0141atwe rozmiary do \u015brednicy .356.<\/li>\n<li>Stalowa p\u0142yta wlewowa<\/li>\n<li>Sworznie wyr\u00f3wnuj\u0105ce z hartowanej stali<\/li>\n<li>Klucze imbusowe w zestawie<\/li>\n<li>W zestawie stempel g\u00f3rny RCBS\/Lyman<\/li>\n<li>U\u017cyj uchwytu LEE 6 lub uchwyt\u00f3w form MP (NIE do\u0142\u0105czone)<\/li>\n<li>Szpilki z wydr\u0105\u017conym otworem i \u015blepe<\/li>\n<\/ul>\n<p>Zobacz zdj\u0119cia naszych produkt\u00f3w w <a href=\"index.php\/gallery\">galeria<\/a><\/p>","protected":false},"excerpt":{"rendered":"<ul>\n<li>Odlewane kaliber .357 - 130 punkt\u00f3w lub 135 grains pe\u0142nych<\/li>\n<li>Do u\u017cytku r\u00f3wnie\u017c w kalibrze 9 mm. \u0141atwe rozmiary do \u015brednicy .356.<\/li>\n<li>Stalowa p\u0142yta wlewowa<\/li>\n<li>Sworznie wyr\u00f3wnuj\u0105ce z hartowanej stali<\/li>\n<li>Klucze imbusowe w zestawie<\/li>\n<li>W zestawie stempel g\u00f3rny RCBS\/Lyman<\/li>\n<li>U\u017cyj uchwytu LEE 6 lub uchwyt\u00f3w form MP (NIE do\u0142\u0105czone)<\/li>\n<li>Szpilki z wydr\u0105\u017conym otworem i \u015blepe<\/li>\n<\/ul>\n<p>Zobacz zdj\u0119cia naszych produkt\u00f3w w <a href=\"index.php\/gallery\">galeria<\/a><\/p>","protected":false},"featured_media":50032,"comment_status":"open","ping_status":"closed","template":"","meta":[],"product_brand":[],"product_cat":[107,42,24,43],"product_tag":[443,186,48,444],"class_list":{"0":"post-50075","1":"product","2":"type-product","3":"status-publish","4":"has-post-thumbnail","6":"product_cat-alternative-coating-molds","7":"product_cat-hp-hollow-points-molds","8":"product_cat-molds","9":"product_cat-pistol-hp-molds","10":"product_tag-38super","11":"product_tag-9mm","12":"product_tag-9x17","13":"product_tag-9x21","14":"pa_caliber-as-cast-397","15":"pa_dodatni_opis-brass-mold-for-hobby-hand-casting-set-contains-mold-allen-keys-metal-pin","16":"pa_dodatni_opis-brass-mold-for-hobby-hand-casting-set-contains-mold-allen-keys-metal-pins-e-clips","17":"pa_handles-included-no","18":"pa_manufacturer-mp-molds","19":"pa_material-brass","20":"pa_number-of-cavities-4-cavities","21":"pa_pb-bb-gc-hb-plain-base","22":"pa_polica-3-4","24":"first","25":"instock","26":"sale","27":"taxable","28":"shipping-taxable","29":"purchasable","30":"product-type-simple"},"_links":{"self":[{"href":"https:\/\/www.mp-molds.com\/pl\/wp-json\/wp\/v2\/product\/50075","targetHints":{"allow":["GET"]}}],"collection":[{"href":"https:\/\/www.mp-molds.com\/pl\/wp-json\/wp\/v2\/product"}],"about":[{"href":"https:\/\/www.mp-molds.com\/pl\/wp-json\/wp\/v2\/types\/product"}],"replies":[{"embeddable":true,"href":"https:\/\/www.mp-molds.com\/pl\/wp-json\/wp\/v2\/comments?post=50075"}],"wp:featuredmedia":[{"embeddable":true,"href":"https:\/\/www.mp-molds.com\/pl\/wp-json\/wp\/v2\/media\/50032"}],"wp:attachment":[{"href":"https:\/\/www.mp-molds.com\/pl\/wp-json\/wp\/v2\/media?parent=50075"}],"wp:term":[{"taxonomy":"product_brand","embeddable":true,"href":"https:\/\/www.mp-molds.com\/pl\/wp-json\/wp\/v2\/product_brand?post=50075"},{"taxonomy":"product_cat","embeddable":true,"href":"https:\/\/www.mp-molds.com\/pl\/wp-json\/wp\/v2\/product_cat?post=50075"},{"taxonomy":"product_tag","embeddable":true,"href":"https:\/\/www.mp-molds.com\/pl\/wp-json\/wp\/v2\/product_tag?post=50075"}],"curies":[{"name":"wp","href":"https:\/\/api.w.org\/{rel}","templated":true}]}}