{"id":50067,"date":"2019-06-04T14:42:33","date_gmt":"2019-06-04T12:42:33","guid":{"rendered":"https:\/\/www.mp-molds.com\/product\/635-mm-air-rifle-pellet-8-cav-mold\/"},"modified":"2026-04-17T10:08:04","modified_gmt":"2026-04-17T08:08:04","slug":"635-mm-srut-do-karabinu-pneumatycznego-8-cav-mold","status":"publish","type":"product","link":"https:\/\/www.mp-molds.com\/pl\/product\/635-mm-air-rifle-pellet-8-cav-mold\/","title":{"rendered":"Granulat powietrzny 6,35 mm - 8-gniazdowa forma AL"},"content":{"rendered":"<ul>\n<li>Forma b\u0119dzie odlewa\u0107 ko\u0142a o \u015brednicy 6,35 mm z ci\u0119\u017carkami ze stopu (mo\u017ce si\u0119 r\u00f3\u017cni\u0107 - zale\u017cy od stopu).<\/li>\n<li>47 grains (mo\u017ce si\u0119 r\u00f3\u017cni\u0107 - zale\u017cy od stopu)<\/li>\n<li>D\u0142ugo\u015b\u0107 peletu wynosi 10,8 mm<\/li>\n<li>8 ubytk\u00f3w<\/li>\n<li>Stalowa p\u0142yta wlewowa<\/li>\n<li>Sworznie wyr\u00f3wnuj\u0105ce z hartowanej stali<\/li>\n<li>Klucze imbusowe w zestawie<\/li>\n<li>U\u017cyj uchwytu LEE 6 lub uchwyt\u00f3w form MP (NIE do\u0142\u0105czone)<\/li>\n<\/ul>\n<p>Zobacz zdj\u0119cia naszych produkt\u00f3w w <a href=\"index.php\/gallery\">galeria<\/a><\/p>","protected":false},"excerpt":{"rendered":"<ul>\n<li>Forma b\u0119dzie odlewa\u0107 ko\u0142a o \u015brednicy 6,35 mm z ci\u0119\u017carkami ze stopu (mo\u017ce si\u0119 r\u00f3\u017cni\u0107 - zale\u017cy od stopu).<\/li>\n<li>47 grains (mo\u017ce si\u0119 r\u00f3\u017cni\u0107 - zale\u017cy od stopu)<\/li>\n<li>D\u0142ugo\u015b\u0107 peletu wynosi 10,8 mm<\/li>\n<li>8 ubytk\u00f3w<\/li>\n<li>Stalowa p\u0142yta wlewowa<\/li>\n<li>Sworznie wyr\u00f3wnuj\u0105ce z hartowanej stali<\/li>\n<li>Klucze imbusowe w zestawie<\/li>\n<li>U\u017cyj uchwytu LEE 6 lub uchwyt\u00f3w form MP (NIE do\u0142\u0105czone)<\/li>\n<\/ul>\n<p>Zobacz zdj\u0119cia naszych produkt\u00f3w w <a href=\"index.php\/gallery\">galeria<\/a><\/p>","protected":false},"featured_media":50068,"comment_status":"open","ping_status":"closed","template":"","meta":[],"product_brand":[],"product_cat":[114,24,33],"product_tag":[],"class_list":{"0":"post-50067","1":"product","2":"type-product","3":"status-publish","4":"has-post-thumbnail","6":"product_cat-air-rifle-molds","7":"product_cat-molds","8":"product_cat-solid-molds","9":"pa_brand-mp-molds","10":"pa_caliber-as-cast-6-35-mm","11":"pa_dodatni_opis-aluminum-mold-for-hobby-hand-casting-set-contains-mold-allen-keys-metal-pin-sprue-lever-handle","12":"pa_handles-included-no","13":"pa_manufacturer-mp-molds","14":"pa_material-aluminum","15":"pa_number-of-cavities-8-cavities","16":"pa_pb-bb-gc-hb-bevel-base","17":"pa_polica-3-0","19":"first","20":"instock","21":"sale","22":"taxable","23":"shipping-taxable","24":"purchasable","25":"product-type-simple"},"_links":{"self":[{"href":"https:\/\/www.mp-molds.com\/pl\/wp-json\/wp\/v2\/product\/50067","targetHints":{"allow":["GET"]}}],"collection":[{"href":"https:\/\/www.mp-molds.com\/pl\/wp-json\/wp\/v2\/product"}],"about":[{"href":"https:\/\/www.mp-molds.com\/pl\/wp-json\/wp\/v2\/types\/product"}],"replies":[{"embeddable":true,"href":"https:\/\/www.mp-molds.com\/pl\/wp-json\/wp\/v2\/comments?post=50067"}],"wp:featuredmedia":[{"embeddable":true,"href":"https:\/\/www.mp-molds.com\/pl\/wp-json\/wp\/v2\/media\/50068"}],"wp:attachment":[{"href":"https:\/\/www.mp-molds.com\/pl\/wp-json\/wp\/v2\/media?parent=50067"}],"wp:term":[{"taxonomy":"product_brand","embeddable":true,"href":"https:\/\/www.mp-molds.com\/pl\/wp-json\/wp\/v2\/product_brand?post=50067"},{"taxonomy":"product_cat","embeddable":true,"href":"https:\/\/www.mp-molds.com\/pl\/wp-json\/wp\/v2\/product_cat?post=50067"},{"taxonomy":"product_tag","embeddable":true,"href":"https:\/\/www.mp-molds.com\/pl\/wp-json\/wp\/v2\/product_tag?post=50067"}],"curies":[{"name":"wp","href":"https:\/\/api.w.org\/{rel}","templated":true}]}}