{"id":50064,"date":"2019-06-04T14:42:33","date_gmt":"2019-06-04T12:42:33","guid":{"rendered":"https:\/\/www.mp-molds.com\/product\/9mm-38-147-rn-bb-6-cav-brass-mold\/"},"modified":"2026-03-06T10:13:57","modified_gmt":"2026-03-06T09:13:57","slug":"9mm-38-147-rn-bb-6-cav-brass-mold","status":"publish","type":"product","link":"https:\/\/www.mp-molds.com\/pl\/product\/9mm-38-147-rn-bb-6-cav-brass-mold\/","title":{"rendered":"9 lub 38-147 RN BB 6 wn\u0119kowa forma BR"},"content":{"rendered":"<ul>\n<li>odlew .358 z obci\u0105\u017cnikami k\u00f3\u0142 ze stopu (mog\u0105 si\u0119 r\u00f3\u017cni\u0107 - w zale\u017cno\u015bci od stopu)<\/li>\n<li>147 grains (w zale\u017cno\u015bci od stopu)<\/li>\n<li>6 ubytk\u00f3w<\/li>\n<li>Forma mosi\u0119\u017cna<\/li>\n<li>Stalowa p\u0142yta wlewowa<\/li>\n<li>Sworznie wyr\u00f3wnuj\u0105ce z hartowanej stali<\/li>\n<li>Klucze imbusowe w zestawie<\/li>\n<li>W zestawie stempel g\u00f3rny RCBS\/Lyman<\/li>\n<li>U\u017cyj uchwytu LEE 6 lub uchwyt\u00f3w form MP (NIE do\u0142\u0105czone)<\/li>\n<\/ul>\n<p>Zobacz zdj\u0119cia naszych produkt\u00f3w w <a href=\"index.php\/gallery\">galeria<\/a><\/p>","protected":false},"excerpt":{"rendered":"<ul>\n<li>odlew .358 z obci\u0105\u017cnikami k\u00f3\u0142 ze stopu (mog\u0105 si\u0119 r\u00f3\u017cni\u0107 - w zale\u017cno\u015bci od stopu)<\/li>\n<li>147 grains (w zale\u017cno\u015bci od stopu)<\/li>\n<li>6 ubytk\u00f3w<\/li>\n<li>Forma mosi\u0119\u017cna<\/li>\n<li>Stalowa p\u0142yta wlewowa<\/li>\n<li>Sworznie wyr\u00f3wnuj\u0105ce z hartowanej stali<\/li>\n<li>Klucze imbusowe w zestawie<\/li>\n<li>W zestawie stempel g\u00f3rny RCBS\/Lyman<\/li>\n<li>U\u017cyj uchwytu LEE 6 lub uchwyt\u00f3w form MP (NIE do\u0142\u0105czone)<\/li>\n<\/ul>\n<p>Zobacz zdj\u0119cia naszych produkt\u00f3w w <a href=\"index.php\/gallery\">galeria<\/a><\/p>","protected":false},"featured_media":50060,"comment_status":"open","ping_status":"open","template":"","meta":[],"product_brand":[],"product_cat":[24,33],"product_tag":[47,434,435,185,443,186,48,444],"class_list":{"0":"post-50064","1":"product","2":"type-product","3":"status-publish","4":"has-post-thumbnail","6":"product_cat-molds","7":"product_cat-solid-molds","8":"product_tag-380-acp","9":"product_tag-357magnum","10":"product_tag-357sig","11":"product_tag-38-spl","12":"product_tag-38super","13":"product_tag-9mm","14":"product_tag-9x17","15":"product_tag-9x21","16":"pa_brand-mp-molds","17":"pa_caliber-as-cast-370","18":"pa_dodatni_opis-brass-mold-for-hobby-hand-casting-set-contains-mold-allen-keys-metal-pin","19":"pa_handles-included-no","20":"pa_manufacturer-mp-molds","21":"pa_material-brass","22":"pa_number-of-cavities-6-cavities","23":"pa_pb-bb-gc-hb-bevel-base","24":"pa_polica-9-3","26":"first","27":"instock","28":"sale","29":"taxable","30":"shipping-taxable","31":"purchasable","32":"product-type-simple"},"_links":{"self":[{"href":"https:\/\/www.mp-molds.com\/pl\/wp-json\/wp\/v2\/product\/50064","targetHints":{"allow":["GET"]}}],"collection":[{"href":"https:\/\/www.mp-molds.com\/pl\/wp-json\/wp\/v2\/product"}],"about":[{"href":"https:\/\/www.mp-molds.com\/pl\/wp-json\/wp\/v2\/types\/product"}],"replies":[{"embeddable":true,"href":"https:\/\/www.mp-molds.com\/pl\/wp-json\/wp\/v2\/comments?post=50064"}],"wp:featuredmedia":[{"embeddable":true,"href":"https:\/\/www.mp-molds.com\/pl\/wp-json\/wp\/v2\/media\/50060"}],"wp:attachment":[{"href":"https:\/\/www.mp-molds.com\/pl\/wp-json\/wp\/v2\/media?parent=50064"}],"wp:term":[{"taxonomy":"product_brand","embeddable":true,"href":"https:\/\/www.mp-molds.com\/pl\/wp-json\/wp\/v2\/product_brand?post=50064"},{"taxonomy":"product_cat","embeddable":true,"href":"https:\/\/www.mp-molds.com\/pl\/wp-json\/wp\/v2\/product_cat?post=50064"},{"taxonomy":"product_tag","embeddable":true,"href":"https:\/\/www.mp-molds.com\/pl\/wp-json\/wp\/v2\/product_tag?post=50064"}],"curies":[{"name":"wp","href":"https:\/\/api.w.org\/{rel}","templated":true}]}}