{"id":50021,"date":"2019-06-04T14:42:24","date_gmt":"2019-06-04T12:42:24","guid":{"rendered":"https:\/\/www.mp-molds.com\/product\/mp-359-125-hp-pb-4-cav\/"},"modified":"2026-04-13T08:55:31","modified_gmt":"2026-04-13T06:55:31","slug":"mp-359-125-hp-pb-4-cav","status":"publish","type":"product","link":"https:\/\/www.mp-molds.com\/pl\/product\/mp-359-125-hp-pb-4-cav\/","title":{"rendered":"MP 359-125 HP PB 4 Forma wn\u0119kowa"},"content":{"rendered":"<ul>\n<li>Odlewane kaliber .359 - 125 punkt\u00f3w lub 130 grains pe\u0142ne<\/li>\n<li>Do u\u017cytku r\u00f3wnie\u017c w kalibrze 9 mm. \u0141atwe rozmiary do \u015brednicy .356.<\/li>\n<li>Ko\u0142ki okr\u0105g\u0142e, penta i puste<\/li>\n<li>Stalowa p\u0142yta wlewowa<\/li>\n<li>Sworznie wyr\u00f3wnuj\u0105ce z hartowanej stali<\/li>\n<li>Klucze imbusowe w zestawie<\/li>\n<li>W zestawie stempel g\u00f3rny RCBS\/Lyman<\/li>\n<li>U\u017cyj uchwytu LEE 6 lub uchwyt\u00f3w form MP (NIE do\u0142\u0105czone)<\/li>\n<\/ul>\n<p>Zobacz zdj\u0119cia naszych produkt\u00f3w w <a href=\"index.php\/gallery\">galeria<\/a><\/p>","protected":false},"excerpt":{"rendered":"<ul>\n<li>Odlewane kaliber .359 - 125 punkt\u00f3w lub 130 grains pe\u0142ne<\/li>\n<li>Do u\u017cytku r\u00f3wnie\u017c w kalibrze 9 mm. \u0141atwe rozmiary do \u015brednicy .356.<\/li>\n<li>Ko\u0142ki okr\u0105g\u0142e, penta i puste<\/li>\n<li>Stalowa p\u0142yta wlewowa<\/li>\n<li>Sworznie wyr\u00f3wnuj\u0105ce z hartowanej stali<\/li>\n<li>Klucze imbusowe w zestawie<\/li>\n<li>W zestawie stempel g\u00f3rny RCBS\/Lyman<\/li>\n<li>U\u017cyj uchwytu LEE 6 lub uchwyt\u00f3w form MP (NIE do\u0142\u0105czone)<\/li>\n<\/ul>\n<p>Zobacz zdj\u0119cia naszych produkt\u00f3w w <a href=\"index.php\/gallery\">galeria<\/a><\/p>","protected":false},"featured_media":50022,"comment_status":"open","ping_status":"closed","template":"","meta":[],"product_brand":[],"product_cat":[42,24,43],"product_tag":[443,186,48,444],"class_list":{"0":"post-50021","1":"product","2":"type-product","3":"status-publish","4":"has-post-thumbnail","6":"product_cat-hp-hollow-points-molds","7":"product_cat-molds","8":"product_cat-pistol-hp-molds","9":"product_tag-38super","10":"product_tag-9mm","11":"product_tag-9x17","12":"product_tag-9x21","13":"pa_caliber-as-cast-391","14":"pa_dodatni_opis-brass-mold-for-hobby-hand-casting-set-contains-mold-allen-keys-metal-pins-e-clips","15":"pa_handles-included-no","16":"pa_manufacturer-mp-molds","17":"pa_material-brass","18":"pa_number-of-cavities-4-cavities","19":"pa_pb-bb-gc-hb-plain-base","20":"pa_polica-6-2","22":"first","23":"instock","24":"sale","25":"taxable","26":"shipping-taxable","27":"purchasable","28":"product-type-simple"},"_links":{"self":[{"href":"https:\/\/www.mp-molds.com\/pl\/wp-json\/wp\/v2\/product\/50021","targetHints":{"allow":["GET"]}}],"collection":[{"href":"https:\/\/www.mp-molds.com\/pl\/wp-json\/wp\/v2\/product"}],"about":[{"href":"https:\/\/www.mp-molds.com\/pl\/wp-json\/wp\/v2\/types\/product"}],"replies":[{"embeddable":true,"href":"https:\/\/www.mp-molds.com\/pl\/wp-json\/wp\/v2\/comments?post=50021"}],"wp:featuredmedia":[{"embeddable":true,"href":"https:\/\/www.mp-molds.com\/pl\/wp-json\/wp\/v2\/media\/50022"}],"wp:attachment":[{"href":"https:\/\/www.mp-molds.com\/pl\/wp-json\/wp\/v2\/media?parent=50021"}],"wp:term":[{"taxonomy":"product_brand","embeddable":true,"href":"https:\/\/www.mp-molds.com\/pl\/wp-json\/wp\/v2\/product_brand?post=50021"},{"taxonomy":"product_cat","embeddable":true,"href":"https:\/\/www.mp-molds.com\/pl\/wp-json\/wp\/v2\/product_cat?post=50021"},{"taxonomy":"product_tag","embeddable":true,"href":"https:\/\/www.mp-molds.com\/pl\/wp-json\/wp\/v2\/product_tag?post=50021"}],"curies":[{"name":"wp","href":"https:\/\/api.w.org\/{rel}","templated":true}]}}