{"id":50019,"date":"2019-06-04T14:42:24","date_gmt":"2019-06-04T12:42:24","guid":{"rendered":"https:\/\/www.mp-molds.com\/product\/mp-512-525-hp-pb-2-cav\/"},"modified":"2026-03-06T10:13:35","modified_gmt":"2026-03-06T09:13:35","slug":"mp-512-525-hp-pb-2-cav","status":"publish","type":"product","link":"https:\/\/www.mp-molds.com\/pl\/product\/mp-512-525-hp-pb-2-cav\/","title":{"rendered":"MP 512-525 HP PB 2 formy wn\u0119kowe"},"content":{"rendered":"<ul>\n<li>Odlewany kaliber .512.<\/li>\n<li>525 gn. cia\u0142 sta\u0142ych ze stopem WW (497 KM)<\/li>\n<li>Listwa do zagniatania rowka 0,400 cala<\/li>\n<li>W zestawie du\u017ce okr\u0105g\u0142e, ma\u0142e okr\u0105g\u0142e i puste szpilki<\/li>\n<li>Stalowa p\u0142yta wlewowa<\/li>\n<li>Sworznie wyr\u00f3wnuj\u0105ce z hartowanej stali<\/li>\n<li>Klucze imbusowe w zestawie<\/li>\n<li>W zestawie stempel g\u00f3rny RCBS\/Lyman<\/li>\n<li>U\u017cyj uchwytu LEE 6 lub uchwyt\u00f3w form MP (NIE do\u0142\u0105czone)<\/li>\n<\/ul>\n<p>Zobacz zdj\u0119cia naszych produkt\u00f3w w <a href=\"index.php\/gallery\">galeria<\/a><\/p>\n<p>&nbsp;<\/p>","protected":false},"excerpt":{"rendered":"<ul>\n<li>\n<ul>\n<li>Odlewany kaliber .512.<\/li>\n<li>525 gn. cia\u0142 sta\u0142ych ze stopem WW (497 KM)<\/li>\n<li>Listwa do zagniatania rowka 0,400 cala<\/li>\n<li>W zestawie du\u017ce okr\u0105g\u0142e, ma\u0142e okr\u0105g\u0142e i puste szpilki<\/li>\n<li>Stalowa p\u0142yta wlewowa<\/li>\n<li>Sworznie wyr\u00f3wnuj\u0105ce z hartowanej stali<\/li>\n<li>Klucze imbusowe w zestawie<\/li>\n<li>W zestawie stempel g\u00f3rny RCBS\/Lyman<\/li>\n<li>U\u017cyj uchwytu LEE 6 lub uchwyt\u00f3w form MP (NIE do\u0142\u0105czone)<\/li>\n<\/ul>\n<p>Zobacz zdj\u0119cia naszych produkt\u00f3w w <a href=\"index.php\/gallery\">galeria<\/a><\/li>\n<\/ul>","protected":false},"featured_media":50018,"comment_status":"open","ping_status":"closed","template":"","meta":[],"product_brand":[],"product_cat":[42,24,56],"product_tag":[],"class_list":{"0":"post-50019","1":"product","2":"type-product","3":"status-publish","4":"has-post-thumbnail","6":"product_cat-hp-hollow-points-molds","7":"product_cat-molds","8":"product_cat-rifle-hp-molds","9":"pa_brand-mp-molds","10":"pa_caliber-as-cast-390","11":"pa_dodatni_opis-brass-mold-for-hobby-hand-casting-set-contains-mold-allen-keys-metal-pins-e-clips","12":"pa_handles-included-no","13":"pa_manufacturer-mp-molds","14":"pa_material-brass","15":"pa_number-of-cavities-2-cavites","16":"pa_pb-bb-gc-hb-plain-base","17":"pa_polica-7-4","19":"first","20":"instock","21":"sale","22":"taxable","23":"shipping-taxable","24":"purchasable","25":"product-type-simple"},"_links":{"self":[{"href":"https:\/\/www.mp-molds.com\/pl\/wp-json\/wp\/v2\/product\/50019","targetHints":{"allow":["GET"]}}],"collection":[{"href":"https:\/\/www.mp-molds.com\/pl\/wp-json\/wp\/v2\/product"}],"about":[{"href":"https:\/\/www.mp-molds.com\/pl\/wp-json\/wp\/v2\/types\/product"}],"replies":[{"embeddable":true,"href":"https:\/\/www.mp-molds.com\/pl\/wp-json\/wp\/v2\/comments?post=50019"}],"wp:featuredmedia":[{"embeddable":true,"href":"https:\/\/www.mp-molds.com\/pl\/wp-json\/wp\/v2\/media\/50018"}],"wp:attachment":[{"href":"https:\/\/www.mp-molds.com\/pl\/wp-json\/wp\/v2\/media?parent=50019"}],"wp:term":[{"taxonomy":"product_brand","embeddable":true,"href":"https:\/\/www.mp-molds.com\/pl\/wp-json\/wp\/v2\/product_brand?post=50019"},{"taxonomy":"product_cat","embeddable":true,"href":"https:\/\/www.mp-molds.com\/pl\/wp-json\/wp\/v2\/product_cat?post=50019"},{"taxonomy":"product_tag","embeddable":true,"href":"https:\/\/www.mp-molds.com\/pl\/wp-json\/wp\/v2\/product_tag?post=50019"}],"curies":[{"name":"wp","href":"https:\/\/api.w.org\/{rel}","templated":true}]}}