{"id":50017,"date":"2019-06-04T16:42:24","date_gmt":"2019-06-04T14:42:24","guid":{"rendered":"https:\/\/www.mp-molds.com\/product\/mp-512-525-solid-gc-2-cav\/"},"modified":"2026-03-07T23:19:40","modified_gmt":"2026-03-07T22:19:40","slug":"mp-512-525-solid-gc-2-cav","status":"publish","type":"product","link":"https:\/\/www.mp-molds.com\/pl\/product\/mp-512-525-solid-gc-2-cav\/","title":{"rendered":"MP 512-525 SOLID Zwyk\u0142a forma 2-komorowa"},"content":{"rendered":"<ul>\n<li>Odlewany kaliber .512.<\/li>\n<li>525 gn. cia\u0142 sta\u0142ych ze stopu WW<\/li>\n<li>Listwa do zagniatania rowka 0,400 cala<\/li>\n<li>Stalowa p\u0142yta wlewowa<\/li>\n<li>Sworznie wyr\u00f3wnuj\u0105ce z hartowanej stali<\/li>\n<li>Klucze imbusowe s\u0105 do\u0142\u0105czone<\/li>\n<li>W zestawie znajduje si\u0119 stempel RCBS\/Lyman<\/li>\n<li>U\u017cyj uchwytu wn\u0119kowego LEE 6 lub <a href=\"index.php\/e-shop\/mp-handles\">Uchwyty formy MP<\/a> (brak w zestawie)<\/li>\n<\/ul>\n<p>Zobacz zdj\u0119cia naszych produkt\u00f3w w <a href=\"index.php\/gallery\">galeria<\/a><\/p>\n<p>&nbsp;<\/p>","protected":false},"excerpt":{"rendered":"<ul>\n<li>Odlewany kaliber .512.<\/li>\n<li>525 gn. cia\u0142 sta\u0142ych ze stopu WW<\/li>\n<li>Listwa do zagniatania rowka 0,400 cala<\/li>\n<li>Stalowa p\u0142yta wlewowa<\/li>\n<li>Sworznie wyr\u00f3wnuj\u0105ce z hartowanej stali<\/li>\n<li>Klucze imbusowe s\u0105 do\u0142\u0105czone<\/li>\n<li>W zestawie znajduje si\u0119 stempel RCBS\/Lyman<\/li>\n<li>U\u017cyj uchwytu wn\u0119kowego LEE 6 lub <a href=\"index.php\/e-shop\/mp-handles\">Uchwyty formy MP<\/a> (brak w zestawie)<\/li>\n<\/ul>\n<p>Zobacz zdj\u0119cia naszych produkt\u00f3w w <a href=\"index.php\/gallery\">galeria<\/a><\/p>\n<p>&nbsp;<\/p>","protected":false},"featured_media":50018,"comment_status":"open","ping_status":"open","template":"","meta":[],"product_brand":[],"product_cat":[24,33],"product_tag":[],"class_list":{"0":"post-50017","1":"product","2":"type-product","3":"status-publish","4":"has-post-thumbnail","6":"product_cat-molds","7":"product_cat-solid-molds","8":"pa_brand-mp-molds","9":"pa_caliber-as-cast-390","10":"pa_dodatni_opis-brass-mold-for-hobby-hand-casting-set-contains-mold-allen-keys-metal-pin","11":"pa_handles-included-no","12":"pa_manufacturer-mp-molds","13":"pa_material-brass","14":"pa_number-of-cavities-2-cavites","15":"pa_pb-bb-gc-hb-gas-check","16":"pa_polica-10-1","18":"first","19":"instock","20":"sale","21":"taxable","22":"shipping-taxable","23":"purchasable","24":"product-type-simple"},"_links":{"self":[{"href":"https:\/\/www.mp-molds.com\/pl\/wp-json\/wp\/v2\/product\/50017","targetHints":{"allow":["GET"]}}],"collection":[{"href":"https:\/\/www.mp-molds.com\/pl\/wp-json\/wp\/v2\/product"}],"about":[{"href":"https:\/\/www.mp-molds.com\/pl\/wp-json\/wp\/v2\/types\/product"}],"replies":[{"embeddable":true,"href":"https:\/\/www.mp-molds.com\/pl\/wp-json\/wp\/v2\/comments?post=50017"}],"wp:featuredmedia":[{"embeddable":true,"href":"https:\/\/www.mp-molds.com\/pl\/wp-json\/wp\/v2\/media\/50018"}],"wp:attachment":[{"href":"https:\/\/www.mp-molds.com\/pl\/wp-json\/wp\/v2\/media?parent=50017"}],"wp:term":[{"taxonomy":"product_brand","embeddable":true,"href":"https:\/\/www.mp-molds.com\/pl\/wp-json\/wp\/v2\/product_brand?post=50017"},{"taxonomy":"product_cat","embeddable":true,"href":"https:\/\/www.mp-molds.com\/pl\/wp-json\/wp\/v2\/product_cat?post=50017"},{"taxonomy":"product_tag","embeddable":true,"href":"https:\/\/www.mp-molds.com\/pl\/wp-json\/wp\/v2\/product_tag?post=50017"}],"curies":[{"name":"wp","href":"https:\/\/api.w.org\/{rel}","templated":true}]}}