{"id":50004,"date":"2019-06-04T14:42:19","date_gmt":"2019-06-04T12:42:19","guid":{"rendered":"https:\/\/www.mp-molds.com\/product\/mp-434-256-pb-hp-2-cav\/"},"modified":"2026-03-06T10:13:28","modified_gmt":"2026-03-06T09:13:28","slug":"mp-434-256-pb-hp-2-cav","status":"publish","type":"product","link":"https:\/\/www.mp-molds.com\/pl\/product\/mp-434-256-pb-hp-2-cav\/","title":{"rendered":"MP 434-256 PB HP 2 formy wn\u0119kowe"},"content":{"rendered":"<ul>\n<li>Odlewane pociski kalibru .434<\/li>\n<li>S\u0142ynny klon HG#503<\/li>\n<li>lite 260gn., 238gn penta, 245gn big round ze stopu WW<\/li>\n<li>W zestawie du\u017ce okr\u0105g\u0142e, ma\u0142e okr\u0105g\u0142e, penat i puste szpilki<\/li>\n<li>Stalowa p\u0142yta wlewowa<\/li>\n<li>Sworznie wyr\u00f3wnuj\u0105ce z hartowanej stali<\/li>\n<li>Klucze imbusowe w zestawie<\/li>\n<li>W zestawie stempel g\u00f3rny RCBS\/Lyman<\/li>\n<li>U\u017cyj uchwytu LEE 6 lub uchwyt\u00f3w form MP (NIE do\u0142\u0105czone)<\/li>\n<\/ul>\n<p>Zobacz zdj\u0119cia naszych produkt\u00f3w w <a href=\"index.php\/gallery\">galeria<\/a><\/p>","protected":false},"excerpt":{"rendered":"<ul>\n<li>\n<ul>\n<li>Odlewane pociski kalibru .434<\/li>\n<li>S\u0142ynny klon HG#503<\/li>\n<li>lite 260gn., 238gn penta, 245gn big round ze stopu WW<\/li>\n<li>W zestawie du\u017ce okr\u0105g\u0142e, ma\u0142e okr\u0105g\u0142e, penat i puste szpilki<\/li>\n<li>Stalowa p\u0142yta wlewowa<\/li>\n<li>Sworznie wyr\u00f3wnuj\u0105ce z hartowanej stali<\/li>\n<li>Klucze imbusowe w zestawie<\/li>\n<li>W zestawie stempel g\u00f3rny RCBS\/Lyman<\/li>\n<li>U\u017cyj uchwytu LEE 6 lub uchwyt\u00f3w form MP (NIE do\u0142\u0105czone)<\/li>\n<\/ul>\n<p>Zobacz zdj\u0119cia naszych produkt\u00f3w w <a href=\"index.php\/gallery\">galeria<\/a><\/li>\n<\/ul>","protected":false},"featured_media":50000,"comment_status":"open","ping_status":"open","template":"","meta":[],"product_brand":[],"product_cat":[42,24],"product_tag":[478,437],"class_list":{"0":"post-50004","1":"product","2":"type-product","3":"status-publish","4":"has-post-thumbnail","6":"product_cat-hp-hollow-points-molds","7":"product_cat-molds","8":"product_tag-44-spl","9":"product_tag-44magnum","10":"pa_brand-mp-molds","11":"pa_caliber-as-cast-386","12":"pa_dodatni_opis-brass-mold-for-hobby-hand-casting-set-contains-mold-allen-keys-metal-pins-e-clips","13":"pa_handles-included-no","14":"pa_manufacturer-mp-molds","15":"pa_material-brass","16":"pa_number-of-cavities-2-cavites","17":"pa_pb-bb-gc-hb-plain-base","18":"pa_polica-0-0","20":"first","21":"instock","22":"sale","23":"taxable","24":"shipping-taxable","25":"purchasable","26":"product-type-simple"},"_links":{"self":[{"href":"https:\/\/www.mp-molds.com\/pl\/wp-json\/wp\/v2\/product\/50004","targetHints":{"allow":["GET"]}}],"collection":[{"href":"https:\/\/www.mp-molds.com\/pl\/wp-json\/wp\/v2\/product"}],"about":[{"href":"https:\/\/www.mp-molds.com\/pl\/wp-json\/wp\/v2\/types\/product"}],"replies":[{"embeddable":true,"href":"https:\/\/www.mp-molds.com\/pl\/wp-json\/wp\/v2\/comments?post=50004"}],"wp:featuredmedia":[{"embeddable":true,"href":"https:\/\/www.mp-molds.com\/pl\/wp-json\/wp\/v2\/media\/50000"}],"wp:attachment":[{"href":"https:\/\/www.mp-molds.com\/pl\/wp-json\/wp\/v2\/media?parent=50004"}],"wp:term":[{"taxonomy":"product_brand","embeddable":true,"href":"https:\/\/www.mp-molds.com\/pl\/wp-json\/wp\/v2\/product_brand?post=50004"},{"taxonomy":"product_cat","embeddable":true,"href":"https:\/\/www.mp-molds.com\/pl\/wp-json\/wp\/v2\/product_cat?post=50004"},{"taxonomy":"product_tag","embeddable":true,"href":"https:\/\/www.mp-molds.com\/pl\/wp-json\/wp\/v2\/product_tag?post=50004"}],"curies":[{"name":"wp","href":"https:\/\/api.w.org\/{rel}","templated":true}]}}