{"id":50889,"date":"2024-10-04T14:10:46","date_gmt":"2024-10-04T12:10:46","guid":{"rendered":"https:\/\/www.mp-molds.com\/?page_id=50889"},"modified":"2025-09-05T11:42:03","modified_gmt":"2025-09-05T09:42:03","slug":"mp-molds-review-innowacje-i-spostrzezenia-ujawnione","status":"publish","type":"page","link":"https:\/\/www.mp-molds.com\/pl\/mp-molds-review-innovations-and-insights-unveiled\/","title":{"rendered":"Prasa"},"content":{"rendered":"<div data-elementor-type=\"wp-page\" data-elementor-id=\"50889\" class=\"elementor elementor-50889\" data-elementor-post-type=\"page\">\n\t\t\t\t<div class=\"elementor-element elementor-element-9aae661 e-flex e-con-boxed wpr-particle-no wpr-jarallax-no wpr-parallax-no wpr-sticky-section-no wpr-equal-height-no e-con e-parent\" data-id=\"9aae661\" data-element_type=\"container\" data-e-type=\"container\">\n\t\t\t\t\t<div class=\"e-con-inner\">\n\t\t\t\t<div class=\"elementor-element elementor-element-48837ae elementor-widget elementor-widget-text-editor\" data-id=\"48837ae\" data-element_type=\"widget\" data-e-type=\"widget\" data-widget_type=\"text-editor.default\">\n\t\t\t\t<div class=\"elementor-widget-container\">\n\t\t\t\t\t\t\t\t\t<p data-start=\"170\" data-end=\"197\"><strong data-start=\"170\" data-end=\"195\">Formy MP w prasie<\/strong><\/p><p data-start=\"199\" data-end=\"491\">Przy <strong data-start=\"202\" data-end=\"214\">Formy MP<\/strong>Jeste\u015bmy dumni, \u017ce mo\u017cemy dzieli\u0107 si\u0119 nasz\u0105 podr\u00f3\u017c\u0105, innowacjami i spostrze\u017ceniami bran\u017cowymi w wiod\u0105cych publikacjach. Nasze zaanga\u017cowanie w doskona\u0142o\u015b\u0107 w projektowaniu i produkcji form przyci\u0105gn\u0119\u0142o uwag\u0119 renomowanych magazyn\u00f3w, prezentuj\u0105c nasz\u0105 wiedz\u0119 i zaanga\u017cowanie w jako\u015b\u0107.<\/p><p data-start=\"1015\" data-end=\"1306\">Nasza strona prasowa jest \u015bwiadectwem zaufania, jakim bran\u017ca darzy <strong data-start=\"1088\" data-end=\"1100\">Formy MP<\/strong>odzwierciedlaj\u0105c nasze ci\u0105g\u0142e zaanga\u017cowanie w innowacje, jako\u015b\u0107 i zadowolenie klient\u00f3w. B\u0105d\u017a na bie\u017c\u0105co z najnowszymi doniesieniami medialnymi i zobacz, jak MP-Molds nadal wyznacza standardy w produkcji form kulowych.<\/p>\t\t\t\t\t\t\t\t<\/div>\n\t\t\t\t<\/div>\n\t\t\t\t\t<\/div>\n\t\t\t\t<\/div>\n\t\t<div class=\"elementor-element elementor-element-2ce1499 e-flex e-con-boxed wpr-particle-no wpr-jarallax-no wpr-parallax-no wpr-sticky-section-no wpr-equal-height-no e-con e-parent\" data-id=\"2ce1499\" data-element_type=\"container\" data-e-type=\"container\">\n\t\t\t\t\t<div class=\"e-con-inner\">\n\t\t\t\t<div class=\"elementor-element elementor-element-5145785 e-n-tabs-mobile elementor-widget elementor-widget-n-tabs\" data-id=\"5145785\" data-element_type=\"widget\" data-e-type=\"widget\" data-settings=\"{&quot;horizontal_scroll&quot;:&quot;disable&quot;}\" data-widget_type=\"nested-tabs.default\">\n\t\t\t\t<div class=\"elementor-widget-container\">\n\t\t\t\t\t\t\t<div class=\"e-n-tabs\" data-widget-number=\"85219205\" aria-label=\"Schede. Apri gli elementi con Invio o Spazio, chiudili con Esc e naviga con i tasti freccia.\" data-no-translation-aria-label=\"\">\n\t\t\t<div class=\"e-n-tabs-heading\" role=\"tablist\">\n\t\t\t\t\t<button id=\"e-n-tab-title-852192051\" data-tab-title-id=\"e-n-tab-title-852192051\" class=\"e-n-tab-title\" aria-selected=\"true\" data-tab-index=\"1\" role=\"tab\" tabindex=\"0\" aria-controls=\"e-n-tab-content-852192051\" style=\"--n-tabs-title-order: 1;\">\n\t\t\t\t\t\t<span class=\"e-n-tab-title-text\">\n\t\t\t\tAmerican Handgunner\t\t\t<\/span>\n\t\t<\/button>\n\t\t\t\t<button id=\"e-n-tab-title-852192052\" data-tab-title-id=\"e-n-tab-title-852192052\" class=\"e-n-tab-title\" aria-selected=\"false\" data-tab-index=\"2\" role=\"tab\" tabindex=\"-1\" aria-controls=\"e-n-tab-content-852192052\" style=\"--n-tabs-title-order: 2;\">\n\t\t\t\t\t\t<span class=\"e-n-tab-title-text\">\n\t\t\t\tMagazyn Guns\t\t\t<\/span>\n\t\t<\/button>\n\t\t\t\t<button id=\"e-n-tab-title-852192053\" data-tab-title-id=\"e-n-tab-title-852192053\" class=\"e-n-tab-title\" aria-selected=\"false\" data-tab-index=\"3\" role=\"tab\" tabindex=\"-1\" aria-controls=\"e-n-tab-content-852192053\" style=\"--n-tabs-title-order: 3;\">\n\t\t\t\t\t\t<span class=\"e-n-tab-title-text\">\n\t\t\t\tMagazyn Handloader\t\t\t<\/span>\n\t\t<\/button>\n\t\t\t\t\t<\/div>\n\t\t\t<div class=\"e-n-tabs-content\">\n\t\t\t\t<div id=\"e-n-tab-content-852192051\" role=\"tabpanel\" aria-labelledby=\"e-n-tab-title-852192051\" data-tab-index=\"1\" style=\"--n-tabs-title-order: 1;\" class=\"e-active elementor-element elementor-element-1e37dce e-con-full e-flex wpr-particle-no wpr-jarallax-no wpr-parallax-no wpr-sticky-section-no wpr-equal-height-no e-con e-child\" data-id=\"1e37dce\" data-element_type=\"container\" data-e-type=\"container\">\n\t\t<div class=\"elementor-element elementor-element-faf77e9 e-flex e-con-boxed wpr-particle-no wpr-jarallax-no wpr-parallax-no wpr-sticky-section-no wpr-equal-height-no e-con e-child\" data-id=\"faf77e9\" data-element_type=\"container\" data-e-type=\"container\">\n\t\t\t\t\t<div class=\"e-con-inner\">\n\t\t\t\t<div class=\"elementor-element elementor-element-517c73f elementor-widget elementor-widget-embedpres_elementor\" data-id=\"517c73f\" data-element_type=\"widget\" data-e-type=\"widget\" data-widget_type=\"embedpres_elementor.default\">\n\t\t\t\t<div class=\"elementor-widget-container\">\n\t\t\t\t\t\n\t\t<div class=\"embedpress-elements-wrapper\" id=\"ep-elements-id-517c73f\">\n\n\t\t\t\t\t\t\t<div id=\"ep-elementor-content-517c73f\"\n\t\t\t\t\tclass=\"ep-elementor-content\t\t\t\t\t\t\t\t\t\t  ep-content-protection-disabled\t\t\t\t\tsource-default\">\n\n\t\t\t\t\t<div id=\"517c73f\"\n\t\t\t\t\t\tclass=\"ep-embed-content-wrapper\t\t\t\t\t\t\t\t\t\t\t\t\t\t\t\t\t\tep-google-photos-\t\t\t\t\t\tdata-show-title=\"yes\"\t\t\t\t\t\t\"\n\t\t\t\t\t\t\t\t\t\t\t\t\t\t\t\t\t\t\t\t\t\t\t\t>\n\n\t\t\t\t\t\t<div id=\"ep-elementor-content-517c73f\"\n\t\t\t\t\t\t\tclass=\"ep-elementor-content\t\t\t\t\t\t\t\t\t\t\t\t\t\t  ep-content-protection-disabled\t\t\t\t\t\t\tsource-default\">\n\n\t\t\t\t\t\t\t<div >\n\t\t\t\t\t\t\t\t<div id=\"517c73f\"\n\t\t\t\t\t\t\t\t\tclass=\"ep-embed-content-wraper\"\n\t\t\t\t\t\t\t\t\t\t\t\t\t\t\t\t\t\t>\n\n\t\t\t\t\t\t\t\t\t<div class=\"ose-wrapper ose-uid-6c889a97931220764e5f09a8b7ef7277 ose-embedpress-responsive\" style=\"width:800px; height:800px; max-height:800px; max-width:100%; display:inline-block;\" data-embed-type=\"SelfHosted\"><iframe allowfullscreen=\"true\" width=\"800\" height=\"800\" src=\"https:\/\/americanhandgunner.com\/gear\/mp-molds\/\" > <\/iframe><\/div>\t\t\t\t\t\t\t\t<\/div>\n\n\t\t\t\t\t\t\t\t\n\t\t\t\t\t\t\t<\/div>\n\t\t\t\t\t\t<\/div>\n\t\t\t\t\t<\/div>\n\t\t\t\t<\/div>\n\n\t\t\t\n\t\t<\/div>\n\n\n\t\t\n\t\t\t\t<\/div>\n\t\t\t\t<\/div>\n\t\t\t\t\t<\/div>\n\t\t\t\t<\/div>\n\t\t\t\t<\/div>\n\t\t<div id=\"e-n-tab-content-852192052\" role=\"tabpanel\" aria-labelledby=\"e-n-tab-title-852192052\" data-tab-index=\"2\" style=\"--n-tabs-title-order: 2;\" class=\"elementor-element elementor-element-e3d071a e-con-full e-flex wpr-particle-no wpr-jarallax-no wpr-parallax-no wpr-sticky-section-no wpr-equal-height-no e-con e-child\" data-id=\"e3d071a\" data-element_type=\"container\" data-e-type=\"container\">\n\t\t\t\t<div class=\"elementor-element elementor-element-e634020 elementor-widget elementor-widget-embedpres_elementor\" data-id=\"e634020\" data-element_type=\"widget\" data-e-type=\"widget\" data-widget_type=\"embedpres_elementor.default\">\n\t\t\t\t<div class=\"elementor-widget-container\">\n\t\t\t\t\t\n\t\t<div class=\"embedpress-elements-wrapper\" id=\"ep-elements-id-e634020\">\n\n\t\t\t\t\t\t\t<div id=\"ep-elementor-content-e634020\"\n\t\t\t\t\tclass=\"ep-elementor-content\t\t\t\t\t\t\t\t\t\t  ep-content-protection-disabled\t\t\t\t\tsource-default\">\n\n\t\t\t\t\t<div id=\"e634020\"\n\t\t\t\t\t\tclass=\"ep-embed-content-wrapper\t\t\t\t\t\t\t\t\t\t\t\t\t\t\t\t\t\tep-google-photos-\t\t\t\t\t\tdata-show-title=\"yes\"\t\t\t\t\t\t\"\n\t\t\t\t\t\t\t\t\t\t\t\t\t\t\t\t\t\t\t\t\t\t\t\t>\n\n\t\t\t\t\t\t<div id=\"ep-elementor-content-e634020\"\n\t\t\t\t\t\t\tclass=\"ep-elementor-content\t\t\t\t\t\t\t\t\t\t\t\t\t\t  ep-content-protection-disabled\t\t\t\t\t\t\tsource-default\">\n\n\t\t\t\t\t\t\t<div >\n\t\t\t\t\t\t\t\t<div id=\"e634020\"\n\t\t\t\t\t\t\t\t\tclass=\"ep-embed-content-wraper\"\n\t\t\t\t\t\t\t\t\t\t\t\t\t\t\t\t\t\t>\n\n\t\t\t\t\t\t\t\t\t<div class=\"ose-wrapper ose-uid-b6dbfcf4e3854b28124db5cfa31d95ff ose-embedpress-responsive\" style=\"width:800px; height:800px; max-height:800px; max-width:100%; display:inline-block;\" data-embed-type=\"SelfHosted\"><iframe allowfullscreen=\"true\" width=\"800\" height=\"800\" src=\"https:\/\/gunsmagazine.com\/our-experts\/perfect-bullet-casting\/\" > <\/iframe><\/div>\t\t\t\t\t\t\t\t<\/div>\n\n\t\t\t\t\t\t\t\t\n\t\t\t\t\t\t\t<\/div>\n\t\t\t\t\t\t<\/div>\n\t\t\t\t\t<\/div>\n\t\t\t\t<\/div>\n\n\t\t\t\n\t\t<\/div>\n\n\n\t\t\n\t\t\t\t<\/div>\n\t\t\t\t<\/div>\n\t\t\t\t<\/div>\n\t\t<div id=\"e-n-tab-content-852192053\" role=\"tabpanel\" aria-labelledby=\"e-n-tab-title-852192053\" data-tab-index=\"3\" style=\"--n-tabs-title-order: 3;\" class=\"elementor-element elementor-element-7d101c1 e-con-full e-flex wpr-particle-no wpr-jarallax-no wpr-parallax-no wpr-sticky-section-no wpr-equal-height-no e-con e-child\" data-id=\"7d101c1\" data-element_type=\"container\" data-e-type=\"container\">\n\t\t\t\t<div class=\"elementor-element elementor-element-4112b3a elementor-widget elementor-widget-embedpres_elementor\" data-id=\"4112b3a\" data-element_type=\"widget\" data-e-type=\"widget\" data-widget_type=\"embedpres_elementor.default\">\n\t\t\t\t<div class=\"elementor-widget-container\">\n\t\t\t\t\t\n\t\t<div class=\"embedpress-elements-wrapper\" id=\"ep-elements-id-4112b3a\">\n\n\t\t\t\t\t\t\t<div id=\"ep-elementor-content-4112b3a\"\n\t\t\t\t\tclass=\"ep-elementor-content\t\t\t\t\t\t\t\t\t\t  ep-content-protection-disabled\t\t\t\t\tsource-default\">\n\n\t\t\t\t\t<div id=\"4112b3a\"\n\t\t\t\t\t\tclass=\"ep-embed-content-wrapper\t\t\t\t\t\t\t\t\t\t\t\t\t\t\t\t\t\tep-google-photos-\t\t\t\t\t\tdata-show-title=\"yes\"\t\t\t\t\t\t\"\n\t\t\t\t\t\t\t\t\t\t\t\t\t\t\t\t\t\t\t\t\t\t\t\t>\n\n\t\t\t\t\t\t<div id=\"ep-elementor-content-4112b3a\"\n\t\t\t\t\t\t\tclass=\"ep-elementor-content\t\t\t\t\t\t\t\t\t\t\t\t\t\t  ep-content-protection-disabled\t\t\t\t\t\t\tsource-default\">\n\n\t\t\t\t\t\t\t<div >\n\t\t\t\t\t\t\t\t<div id=\"4112b3a\"\n\t\t\t\t\t\t\t\t\tclass=\"ep-embed-content-wraper\"\n\t\t\t\t\t\t\t\t\t\t\t\t\t\t\t\t\t\t>\n\n\t\t\t\t\t\t\t\t\t<div class=\"ose-wrapper ose-uid-0572e43dd516abd1a97651ce254f424d ose-embedpress-responsive\" style=\"width:800px; height:800px; max-height:800px; max-width:100%; display:inline-block;\" data-embed-type=\"SelfHosted\"><iframe allowfullscreen=\"true\" width=\"800\" height=\"800\" src=\"https:\/\/www.handloadermagazine.com\/mp-bullet-moulds\" > <\/iframe><\/div>\t\t\t\t\t\t\t\t<\/div>\n\n\t\t\t\t\t\t\t\t\n\t\t\t\t\t\t\t<\/div>\n\t\t\t\t\t\t<\/div>\n\t\t\t\t\t<\/div>\n\t\t\t\t<\/div>\n\n\t\t\t\n\t\t<\/div>\n\n\n\t\t\n\t\t\t\t<\/div>\n\t\t\t\t<\/div>\n\t\t\t\t<\/div>\n\t\t\t\t\t<\/div>\n\t\t<\/div>\n\t\t\t\t\t\t<\/div>\n\t\t\t\t<\/div>\n\t\t\t\t\t<\/div>\n\t\t\t\t<\/div>\n\t\t\t\t<\/div>","protected":false},"excerpt":{"rendered":"<p>MP-Molds w prasie W MP-Molds z dum\u0105 dzielimy si\u0119 nasz\u0105 podr\u00f3\u017c\u0105, innowacjami i spostrze\u017ceniami bran\u017cowymi w wiod\u0105cych publikacjach. Nasze zaanga\u017cowanie w doskona\u0142o\u015b\u0107 w projektowaniu i produkcji form przyci\u0105gn\u0119\u0142o uwag\u0119 renomowanych czasopism, pokazuj\u0105c nasz\u0105 wiedz\u0119 i zaanga\u017cowanie w jako\u015b\u0107. Nasza strona prasowa s\u0142u\u017cy jako \u015bwiadectwo zaufania, jakim bran\u017ca darzy MP-Molds, odzwierciedlaj\u0105c nasze ci\u0105g\u0142e zaanga\u017cowanie w innowacje, jako\u015b\u0107 i zadowolenie klient\u00f3w. B\u0105d\u017a na bie\u017c\u0105co z najnowszymi doniesieniami medialnymi i zobacz, jak MP-Molds nadal wyznacza standardy w produkcji form do pocisk\u00f3w. Magazyn American Handgunner Guns Magazyn Handloader<\/p>","protected":false},"author":1,"featured_media":0,"parent":0,"menu_order":0,"comment_status":"closed","ping_status":"closed","template":"template-fullwidth.php","meta":{"footnotes":""},"class_list":["post-50889","page","type-page","status-publish","hentry"],"_links":{"self":[{"href":"https:\/\/www.mp-molds.com\/pl\/wp-json\/wp\/v2\/pages\/50889","targetHints":{"allow":["GET"]}}],"collection":[{"href":"https:\/\/www.mp-molds.com\/pl\/wp-json\/wp\/v2\/pages"}],"about":[{"href":"https:\/\/www.mp-molds.com\/pl\/wp-json\/wp\/v2\/types\/page"}],"author":[{"embeddable":true,"href":"https:\/\/www.mp-molds.com\/pl\/wp-json\/wp\/v2\/users\/1"}],"replies":[{"embeddable":true,"href":"https:\/\/www.mp-molds.com\/pl\/wp-json\/wp\/v2\/comments?post=50889"}],"version-history":[{"count":11,"href":"https:\/\/www.mp-molds.com\/pl\/wp-json\/wp\/v2\/pages\/50889\/revisions"}],"predecessor-version":[{"id":56141,"href":"https:\/\/www.mp-molds.com\/pl\/wp-json\/wp\/v2\/pages\/50889\/revisions\/56141"}],"wp:attachment":[{"href":"https:\/\/www.mp-molds.com\/pl\/wp-json\/wp\/v2\/media?parent=50889"}],"curies":[{"name":"wp","href":"https:\/\/api.w.org\/{rel}","templated":true}]}}