{"id":49338,"date":"2020-10-09T13:39:05","date_gmt":"2020-10-09T13:39:05","guid":{"rendered":"http:\/\/shoptimizer.local\/?page_id=848"},"modified":"2025-09-05T10:51:23","modified_gmt":"2025-09-05T08:51:23","slug":"o","status":"publish","type":"page","link":"https:\/\/www.mp-molds.com\/pl\/about\/","title":{"rendered":"O nas"},"content":{"rendered":"<div data-elementor-type=\"wp-post\" data-elementor-id=\"49338\" class=\"elementor elementor-49338\" data-elementor-post-type=\"page\">\n\t\t\t\t<div class=\"elementor-element elementor-element-9bbb600 e-flex e-con-boxed wpr-particle-no wpr-jarallax-no wpr-parallax-no wpr-sticky-section-no wpr-equal-height-no e-con e-parent\" data-id=\"9bbb600\" data-element_type=\"container\" data-e-type=\"container\">\n\t\t\t\t\t<div class=\"e-con-inner\">\n\t\t\t\t\t<\/div>\n\t\t\t\t<\/div>\n\t\t<div class=\"elementor-element elementor-element-7946eeb e-flex e-con-boxed wpr-particle-no wpr-jarallax-no wpr-parallax-no wpr-sticky-section-no wpr-equal-height-no e-con e-parent\" data-id=\"7946eeb\" data-element_type=\"container\" data-e-type=\"container\">\n\t\t\t\t\t<div class=\"e-con-inner\">\n\t\t\t\t<div class=\"elementor-element elementor-element-cee1fb8 elementor-view-default elementor-widget elementor-widget-icon\" data-id=\"cee1fb8\" data-element_type=\"widget\" data-e-type=\"widget\" data-widget_type=\"icon.default\">\n\t\t\t\t<div class=\"elementor-widget-container\">\n\t\t\t\t\t\t\t<div class=\"elementor-icon-wrapper\">\n\t\t\t<div class=\"elementor-icon\">\n\t\t\t<svg aria-hidden=\"true\" class=\"e-font-icon-svg e-fas-info-circle\" viewbox=\"0 0 512 512\" xmlns=\"http:\/\/www.w3.org\/2000\/svg\"><path d=\"M256 8C119.043 8 8 119.083 8 256c0 136.997 111.043 248 248 248s248-111.003 248-248C504 119.083 392.957 8 256 8zm0 110c23.196 0 42 18.804 42 42s-18.804 42-42 42-42-18.804-42-42 18.804-42 42-42zm56 254c0 6.627-5.373 12-12 12h-88c-6.627 0-12-5.373-12-12v-24c0-6.627 5.373-12 12-12h12v-64h-12c-6.627 0-12-5.373-12-12v-24c0-6.627 5.373-12 12-12h64c6.627 0 12 5.373 12 12v100h12c6.627 0 12 5.373 12 12v24z\"><\/path><\/svg>\t\t\t<\/div>\n\t\t<\/div>\n\t\t\t\t\t\t<\/div>\n\t\t\t\t<\/div>\n\t\t\t\t<div class=\"elementor-element elementor-element-24d24a9 elementor-widget elementor-widget-heading\" data-id=\"24d24a9\" data-element_type=\"widget\" data-e-type=\"widget\" data-widget_type=\"heading.default\">\n\t\t\t\t<div class=\"elementor-widget-container\">\n\t\t\t\t\t<h2 class=\"elementor-heading-title elementor-size-default\">O nas<\/h2>\t\t\t\t<\/div>\n\t\t\t\t<\/div>\n\t\t\t\t<div class=\"elementor-element elementor-element-3f90a93 elementor-widget elementor-widget-text-editor\" data-id=\"3f90a93\" data-element_type=\"widget\" data-e-type=\"widget\" data-widget_type=\"text-editor.default\">\n\t\t\t\t<div class=\"elementor-widget-container\">\n\t\t\t\t\t\t\t\t\t<p data-start=\"104\" data-end=\"479\">\u00a0<\/p><p data-start=\"104\" data-end=\"479\">Za\u0142o\u017cy\u0142em <strong data-start=\"114\" data-end=\"130\">MP-Molds.com<\/strong> w S\u0142owenii z jasn\u0105 misj\u0105: dostarcza\u0107 wysokiej jako\u015bci formy do pocisk\u00f3w dla handloader\u00f3w i strzelc\u00f3w, kt\u00f3rzy ceni\u0105 sobie precyzj\u0119 i kunszt. Moj\u0105 specjalno\u015bci\u0105 jest produkcja form do odlewania pocisk\u00f3w dr\u0105\u017conych, cho\u0107 projektuj\u0119 r\u00f3wnie\u017c szerok\u0105 gam\u0119 opcji zar\u00f3wno dla pistolet\u00f3w, jak i naboj\u00f3w karabinowych, w tym pociski z okr\u0105g\u0142ym nosem, p\u0142askie i \u015bci\u0119te.<\/p><p data-start=\"481\" data-end=\"712\">Ka\u017cda forma zosta\u0142a zaprojektowana z my\u015bl\u0105 o dok\u0142adno\u015bci, \u0142atwo\u015bci u\u017cytkowania i d\u0142ugotrwa\u0142ej wydajno\u015bci. Pracuj\u0119 g\u0142\u00f3wnie z mosi\u0105dzem i aluminium, stosuj\u0105c wymienne systemy sworzni, kt\u00f3re zapewniaj\u0105 u\u017cytkownikom elastyczno\u015b\u0107 w dostosowywaniu projekt\u00f3w pocisk\u00f3w.<\/p><p data-start=\"714\" data-end=\"1159\">To, co zacz\u0119\u0142o si\u0119 jako projekt w niepe\u0142nym wymiarze godzin, przerodzi\u0142o si\u0119 w pe\u0142noetatowy biznes, nap\u0119dzany du\u017cym popytem i pozytywnymi opiniami strzelc\u00f3w na ca\u0142ym \u015bwiecie. Dzi\u015b z dum\u0105 oferuj\u0119 szeroki wyb\u00f3r form dost\u0119pnych do natychmiastowego zam\u00f3wienia za po\u015brednictwem mojego sklepu internetowego. Moje produkty s\u0105 konsekwentnie doceniane za ich trwa\u0142o\u015b\u0107, zatrzymywanie ciep\u0142a i najwy\u017csz\u0105 jako\u015b\u0107 produkowanych pocisk\u00f3w - cechy, kt\u00f3re odr\u00f3\u017cniaj\u0105 MP Molds od innych producent\u00f3w.<\/p><p data-start=\"1161\" data-end=\"1258\"><strong data-start=\"1161\" data-end=\"1173\">Formy MP<\/strong><br data-start=\"1173\" data-end=\"1176\" \/>MP Kalupi d.o.o<br data-start=\"1191\" data-end=\"1194\" \/>Podpe\u010d 3<br data-start=\"1202\" data-end=\"1205\" \/>1225 Lukovica, S\u0142owenia, UE<br data-start=\"1232\" data-end=\"1235\" \/>sales(at)mp-molds.com<\/p><p data-start=\"1260\" data-end=\"1316\">Z powa\u017caniem,<br data-start=\"1270\" data-end=\"1273\" \/><em data-start=\"1273\" data-end=\"1286\">Miha Prevec<\/em><br data-start=\"1286\" data-end=\"1289\" \/>Za\u0142o\u017cyciel i w\u0142a\u015bciciel, MP Molds<a href=\"https:\/\/www.mp-molds.com\/wp-content\/uploads\/2021\/04\/podpis_miha_fedex.png\"><img decoding=\"async\" class=\"alignnone wp-image-30729\" src=\"https:\/\/www.mp-molds.com\/wp-content\/uploads\/2021\/04\/podpis_miha_fedex.png\" alt=\"\" width=\"172\" height=\"40\" title=\"\" srcset=\"https:\/\/www.mp-molds.com\/wp-content\/uploads\/2021\/04\/podpis_miha_fedex.png 107w, https:\/\/www.mp-molds.com\/wp-content\/uploads\/2021\/04\/podpis_miha_fedex-64x15.png 64w\" sizes=\"(max-width: 172px) 100vw, 172px\" \/><\/a><\/p>\t\t\t\t\t\t\t\t<\/div>\n\t\t\t\t<\/div>\n\t\t\t\t\t<\/div>\n\t\t\t\t<\/div>\n\t\t<div class=\"elementor-element elementor-element-ab8bc6f e-flex e-con-boxed wpr-particle-no wpr-jarallax-no wpr-parallax-no wpr-sticky-section-no wpr-equal-height-no e-con e-parent\" data-id=\"ab8bc6f\" data-element_type=\"container\" data-e-type=\"container\">\n\t\t\t\t\t<div class=\"e-con-inner\">\n\t\t\t\t<div class=\"elementor-element elementor-element-2f03e0c elementor-widget elementor-widget-spacer\" data-id=\"2f03e0c\" data-element_type=\"widget\" data-e-type=\"widget\" data-widget_type=\"spacer.default\">\n\t\t\t\t<div class=\"elementor-widget-container\">\n\t\t\t\t\t\t\t<div class=\"elementor-spacer\">\n\t\t\t<div class=\"elementor-spacer-inner\"><\/div>\n\t\t<\/div>\n\t\t\t\t\t\t<\/div>\n\t\t\t\t<\/div>\n\t\t\t\t\t<\/div>\n\t\t\t\t<\/div>\n\t\t<div class=\"elementor-element elementor-element-e67bc88 e-flex e-con-boxed wpr-particle-no wpr-jarallax-no wpr-parallax-no wpr-sticky-section-no wpr-equal-height-no e-con e-parent\" data-id=\"e67bc88\" data-element_type=\"container\" data-e-type=\"container\">\n\t\t\t\t\t<div class=\"e-con-inner\">\n\t\t\t\t<div class=\"elementor-element elementor-element-7aa447e elementor-widget elementor-widget-image\" data-id=\"7aa447e\" data-element_type=\"widget\" data-e-type=\"widget\" data-widget_type=\"image.default\">\n\t\t\t\t<div class=\"elementor-widget-container\">\n\t\t\t\t\t\t\t\t\t\t\t\t\t\t\t<img fetchpriority=\"high\" decoding=\"async\" width=\"1024\" height=\"770\" src=\"https:\/\/www.mp-molds.com\/wp-content\/uploads\/2024\/10\/IMG_0097-e1728485453456-1024x770.jpeg\" class=\"attachment-large size-large wp-image-51122\" alt=\"Zesp\u00f3\u0142 MP-molds\" srcset=\"https:\/\/www.mp-molds.com\/wp-content\/uploads\/2024\/10\/IMG_0097-e1728485453456-1024x770.jpeg.webp 1024w, https:\/\/www.mp-molds.com\/wp-content\/uploads\/2024\/10\/IMG_0097-e1728485453456-150x113.jpeg.webp 150w, https:\/\/www.mp-molds.com\/wp-content\/uploads\/2024\/10\/IMG_0097-e1728485453456-600x451.jpeg.webp 600w, https:\/\/www.mp-molds.com\/wp-content\/uploads\/2024\/10\/IMG_0097-e1728485453456-64x48.jpeg.webp 64w, https:\/\/www.mp-molds.com\/wp-content\/uploads\/2024\/10\/IMG_0097-e1728485453456-300x226.jpeg.webp 300w, https:\/\/www.mp-molds.com\/wp-content\/uploads\/2024\/10\/IMG_0097-e1728485453456-768x578.jpeg.webp 768w, https:\/\/www.mp-molds.com\/wp-content\/uploads\/2024\/10\/IMG_0097-e1728485453456-16x12.jpeg.webp 16w, https:\/\/www.mp-molds.com\/wp-content\/uploads\/2024\/10\/IMG_0097-e1728485453456-990x744.jpeg.webp 990w, https:\/\/www.mp-molds.com\/wp-content\/uploads\/2024\/10\/IMG_0097-e1728485453456-441x332.jpeg.webp 441w, https:\/\/www.mp-molds.com\/wp-content\/uploads\/2024\/10\/IMG_0097-e1728485453456.jpeg.webp 1375w\" sizes=\"(max-width: 1024px) 100vw, 1024px\" title=\"\">\t\t\t\t\t\t\t\t\t\t\t\t\t\t\t<\/div>\n\t\t\t\t<\/div>\n\t\t\t\t\t<\/div>\n\t\t\t\t<\/div>\n\t\t\t\t<\/div>","protected":false},"excerpt":{"rendered":"<p>O nas Za\u0142o\u017cy\u0142em MP-Molds.com w S\u0142owenii z jasn\u0105 misj\u0105: dostarcza\u0107 wysokiej jako\u015bci formy do pocisk\u00f3w dla handloader\u00f3w i strzelc\u00f3w, kt\u00f3rzy ceni\u0105 sobie precyzj\u0119 i kunszt. Moj\u0105 specjalno\u015bci\u0105 jest produkcja form do odlewania pocisk\u00f3w dr\u0105\u017conych, cho\u0107 projektuj\u0119 r\u00f3wnie\u017c szerok\u0105 gam\u0119 opcji zar\u00f3wno dla pistolet\u00f3w, jak i naboj\u00f3w karabinowych, w tym pociski z okr\u0105g\u0142ym nosem, p\u0142askie i \u015bci\u0119te. Ka\u017cda forma jest zaprojektowana z my\u015bl\u0105 o dok\u0142adno\u015bci, \u0142atwo\u015bci u\u017cytkowania i d\u0142ugotrwa\u0142ej wydajno\u015bci. Pracuj\u0119 g\u0142\u00f3wnie z mosi\u0105dzem i aluminium, stosuj\u0105c wymienne systemy sworzni, kt\u00f3re zapewniaj\u0105 u\u017cytkownikom elastyczno\u015b\u0107 w dostosowywaniu projekt\u00f3w pocisk\u00f3w. To, co zacz\u0119\u0142o si\u0119 jako projekt w niepe\u0142nym wymiarze godzin, przerodzi\u0142o si\u0119 w pe\u0142noetatowy biznes, nap\u0119dzany du\u017cym popytem i pozytywnymi opiniami strzelc\u00f3w na ca\u0142ym \u015bwiecie. Dzi\u015b z dum\u0105 oferuj\u0119 szeroki wyb\u00f3r form dost\u0119pnych do natychmiastowego zam\u00f3wienia za po\u015brednictwem mojego sklepu internetowego. Moje produkty s\u0105 konsekwentnie doceniane za ich trwa\u0142o\u015b\u0107, zatrzymywanie ciep\u0142a i najwy\u017csz\u0105 jako\u015b\u0107 produkowanych pocisk\u00f3w - cechy, kt\u00f3re odr\u00f3\u017cniaj\u0105 MP Molds od innych producent\u00f3w. MP MoldsMP Kalupi d.o.oPodpe\u010d 31225 Lukovica, S\u0142owenia, EUsales(at)mp-molds.com Z powa\u017caniem,Miha PrevecZa\u0142o\u017cyciel i w\u0142a\u015bciciel, MP Molds<\/p>","protected":false},"author":1,"featured_media":0,"parent":0,"menu_order":0,"comment_status":"closed","ping_status":"closed","template":"template-fullwidth-no-heading.php","meta":{"footnotes":""},"class_list":["post-49338","page","type-page","status-publish","hentry"],"_links":{"self":[{"href":"https:\/\/www.mp-molds.com\/pl\/wp-json\/wp\/v2\/pages\/49338","targetHints":{"allow":["GET"]}}],"collection":[{"href":"https:\/\/www.mp-molds.com\/pl\/wp-json\/wp\/v2\/pages"}],"about":[{"href":"https:\/\/www.mp-molds.com\/pl\/wp-json\/wp\/v2\/types\/page"}],"author":[{"embeddable":true,"href":"https:\/\/www.mp-molds.com\/pl\/wp-json\/wp\/v2\/users\/1"}],"replies":[{"embeddable":true,"href":"https:\/\/www.mp-molds.com\/pl\/wp-json\/wp\/v2\/comments?post=49338"}],"version-history":[{"count":5,"href":"https:\/\/www.mp-molds.com\/pl\/wp-json\/wp\/v2\/pages\/49338\/revisions"}],"predecessor-version":[{"id":56102,"href":"https:\/\/www.mp-molds.com\/pl\/wp-json\/wp\/v2\/pages\/49338\/revisions\/56102"}],"wp:attachment":[{"href":"https:\/\/www.mp-molds.com\/pl\/wp-json\/wp\/v2\/media?parent=49338"}],"curies":[{"name":"wp","href":"https:\/\/api.w.org\/{rel}","templated":true}]}}