{"id":51336,"date":"2025-08-23T18:08:01","date_gmt":"2025-08-23T16:08:01","guid":{"rendered":"https:\/\/www.mp-molds.com\/?page_id=51336"},"modified":"2025-09-05T11:20:54","modified_gmt":"2025-09-05T09:20:54","slug":"software-di-ricarica","status":"publish","type":"page","link":"https:\/\/www.mp-molds.com\/it\/reloading-software\/","title":{"rendered":"Software di ricarica"},"content":{"rendered":"<div data-elementor-type=\"wp-page\" data-elementor-id=\"51336\" class=\"elementor elementor-51336\" data-elementor-post-type=\"page\">\n\t\t\t\t<div class=\"elementor-element elementor-element-bb24d7e e-flex e-con-boxed wpr-particle-no wpr-jarallax-no wpr-parallax-no wpr-sticky-section-no wpr-equal-height-no e-con e-parent\" data-id=\"bb24d7e\" data-element_type=\"container\" data-e-type=\"container\">\n\t\t\t\t\t<div class=\"e-con-inner\">\n\t\t\t\t<div class=\"elementor-element elementor-element-56e6f4d elementor-widget elementor-widget-heading\" data-id=\"56e6f4d\" data-element_type=\"widget\" data-e-type=\"widget\" data-widget_type=\"heading.default\">\n\t\t\t\t<div class=\"elementor-widget-container\">\n\t\t\t\t\t<h1 class=\"elementor-heading-title elementor-size-default\">Software di ricarica<\/h1>\t\t\t\t<\/div>\n\t\t\t\t<\/div>\n\t\t\t\t<div class=\"elementor-element elementor-element-b9cadaa elementor-widget elementor-widget-spacer\" data-id=\"b9cadaa\" data-element_type=\"widget\" data-e-type=\"widget\" data-widget_type=\"spacer.default\">\n\t\t\t\t<div class=\"elementor-widget-container\">\n\t\t\t\t\t\t\t<div class=\"elementor-spacer\">\n\t\t\t<div class=\"elementor-spacer-inner\"><\/div>\n\t\t<\/div>\n\t\t\t\t\t\t<\/div>\n\t\t\t\t<\/div>\n\t\t\t\t\t<\/div>\n\t\t\t\t<\/div>\n\t\t<div class=\"elementor-element elementor-element-86a0777 e-flex e-con-boxed wpr-particle-no wpr-jarallax-no wpr-parallax-no wpr-sticky-section-no wpr-equal-height-no e-con e-parent\" data-id=\"86a0777\" data-element_type=\"container\" data-e-type=\"container\">\n\t\t\t\t\t<div class=\"e-con-inner\">\n\t\t\t\t\t<\/div>\n\t\t\t\t<\/div>\n\t\t<div class=\"elementor-element elementor-element-2691761 e-flex e-con-boxed wpr-particle-no wpr-jarallax-no wpr-parallax-no wpr-sticky-section-no wpr-equal-height-no e-con e-parent\" data-id=\"2691761\" data-element_type=\"container\" data-e-type=\"container\">\n\t\t\t\t\t<div class=\"e-con-inner\">\n\t\t<div class=\"elementor-element elementor-element-f4c31d5 e-con-full e-flex wpr-particle-no wpr-jarallax-no wpr-parallax-no wpr-sticky-section-no wpr-equal-height-no e-con e-child\" data-id=\"f4c31d5\" data-element_type=\"container\" data-e-type=\"container\">\n\t\t\t\t<div class=\"elementor-element elementor-element-e50ff15 elementor-widget elementor-widget-text-editor\" data-id=\"e50ff15\" data-element_type=\"widget\" data-e-type=\"widget\" data-widget_type=\"text-editor.default\">\n\t\t\t\t<div class=\"elementor-widget-container\">\n\t\t\t\t\t\t\t\t\t<h3 id=\"a_modern_professional_internal_ballistic_simulation_for_reloaders\" class=\"sectionedit5 page-header pb-3 mb-4 mt-5\">Una moderna simulazione balistica interna professionale per ricaricatori.<\/h3><div class=\"level3\"><ul class=\"fix-media-list-overlap\"><li class=\"level1\"><div class=\"li\"><strong>GRT \u00e8 un software libero<\/strong><\/div><\/li><li class=\"level1\"><div class=\"li\">Chatta con noi sul nostro server Discord:\u00a0<a class=\"urlextern\" title=\"https:\/\/discord.gg\/3FEYWG4\" href=\"https:\/\/discord.gg\/3FEYWG4\" rel=\"ugc nofollow noopener\" target=\"_blank\">https:\/\/discord.gg\/3FEYWG4<\/a><\/div><\/li><li class=\"level1\"><div class=\"li\">Canale di ricarica Gordons su Youtube:\u00a0<a class=\"urlextern\" title=\"https:\/\/youtube.com\/gordonsreloading\" href=\"https:\/\/youtube.com\/gordonsreloading\" rel=\"ugc nofollow noopener\" target=\"_blank\">https:\/\/youtube.com\/gordonsreloading<\/a><\/div><\/li><li><a href=\"https:\/\/www.grtools.de\/doku.php?id=grtools:start\" target=\"_blank\" rel=\"noopener\">Collegamento a GRT<\/a><\/li><\/ul><\/div><p><a href=\"https:\/\/www.grtools.de\/doku.php?id=grtools:start\" target=\"_blank\" rel=\"noopener\"><img fetchpriority=\"high\" decoding=\"async\" class=\"size-medium wp-image-51318\" src=\"https:\/\/www.mp-molds.com\/wp-content\/uploads\/2025\/08\/gordons_reloading_screen_shot-300x179.jpg\" alt=\"Strumento di ricarica Gordons\" width=\"300\" height=\"179\" title=\"\" srcset=\"https:\/\/www.mp-molds.com\/wp-content\/uploads\/2025\/08\/gordons_reloading_screen_shot-300x179.jpg 300w, https:\/\/www.mp-molds.com\/wp-content\/uploads\/2025\/08\/gordons_reloading_screen_shot-150x90.jpg 150w, https:\/\/www.mp-molds.com\/wp-content\/uploads\/2025\/08\/gordons_reloading_screen_shot-600x358.jpg 600w, https:\/\/www.mp-molds.com\/wp-content\/uploads\/2025\/08\/gordons_reloading_screen_shot-64x38.jpg 64w, https:\/\/www.mp-molds.com\/wp-content\/uploads\/2025\/08\/gordons_reloading_screen_shot-1024x612.jpg 1024w, https:\/\/www.mp-molds.com\/wp-content\/uploads\/2025\/08\/gordons_reloading_screen_shot-768x459.jpg 768w, https:\/\/www.mp-molds.com\/wp-content\/uploads\/2025\/08\/gordons_reloading_screen_shot-1536x917.jpg 1536w, https:\/\/www.mp-molds.com\/wp-content\/uploads\/2025\/08\/gordons_reloading_screen_shot-2048x1223.jpg 2048w, https:\/\/www.mp-molds.com\/wp-content\/uploads\/2025\/08\/gordons_reloading_screen_shot-18x12.jpg 18w, https:\/\/www.mp-molds.com\/wp-content\/uploads\/2025\/08\/gordons_reloading_screen_shot-990x591.jpg 990w, https:\/\/www.mp-molds.com\/wp-content\/uploads\/2025\/08\/gordons_reloading_screen_shot-441x263.jpg 441w\" sizes=\"(max-width: 300px) 100vw, 300px\" \/><\/a><\/p>\t\t\t\t\t\t\t\t<\/div>\n\t\t\t\t<\/div>\n\t\t\t\t<\/div>\n\t\t<div class=\"elementor-element elementor-element-974df52 e-con-full e-flex wpr-particle-no wpr-jarallax-no wpr-parallax-no wpr-sticky-section-no wpr-equal-height-no e-con e-child\" data-id=\"974df52\" data-element_type=\"container\" data-e-type=\"container\">\n\t\t\t\t<div class=\"elementor-element elementor-element-417588b elementor-widget elementor-widget-text-editor\" data-id=\"417588b\" data-element_type=\"widget\" data-e-type=\"widget\" data-widget_type=\"text-editor.default\">\n\t\t\t\t<div class=\"elementor-widget-container\">\n\t\t\t\t\t\t\t\t\t<h3 id=\"a_modern_professional_internal_ballistic_simulation_for_reloaders\" class=\"sectionedit5 page-header pb-3 mb-4 mt-5\">Simulazione balistica interna online per i ricaricatori.<\/h3><p>Con dati dettagliati su oltre 400 calibri, 600 proiettili e un elenco sempre pi\u00f9 ampio di polveri da sparo,<\/p><p>Precise Load \u00e8 stato progettato per rendere i calcoli balistici semplici e accessibili a tutti.<\/p><p><a href=\"https:\/\/preciseload.com\/\" target=\"_blank\" rel=\"noopener\">Collegamento a Carico preciso<\/a><\/p><p><a href=\"https:\/\/preciseload.com\/\" target=\"_blank\" rel=\"noopener\"><img decoding=\"async\" class=\"size-medium wp-image-51352\" src=\"https:\/\/www.mp-molds.com\/wp-content\/uploads\/2025\/08\/precise_load-300x170.png\" alt=\"\" width=\"300\" height=\"170\" title=\"\" srcset=\"https:\/\/www.mp-molds.com\/wp-content\/uploads\/2025\/08\/precise_load-300x170.png 300w, https:\/\/www.mp-molds.com\/wp-content\/uploads\/2025\/08\/precise_load-150x85.png 150w, https:\/\/www.mp-molds.com\/wp-content\/uploads\/2025\/08\/precise_load-600x340.png 600w, https:\/\/www.mp-molds.com\/wp-content\/uploads\/2025\/08\/precise_load-64x36.png 64w, https:\/\/www.mp-molds.com\/wp-content\/uploads\/2025\/08\/precise_load-768x435.png 768w, https:\/\/www.mp-molds.com\/wp-content\/uploads\/2025\/08\/precise_load-18x10.png 18w, https:\/\/www.mp-molds.com\/wp-content\/uploads\/2025\/08\/precise_load-441x250.png 441w, https:\/\/www.mp-molds.com\/wp-content\/uploads\/2025\/08\/precise_load.png 963w\" sizes=\"(max-width: 300px) 100vw, 300px\" \/><\/a><\/p>\t\t\t\t\t\t\t\t<\/div>\n\t\t\t\t<\/div>\n\t\t\t\t<div class=\"elementor-element elementor-element-50bfbf8 elementor-widget elementor-widget-spacer\" data-id=\"50bfbf8\" data-element_type=\"widget\" data-e-type=\"widget\" data-widget_type=\"spacer.default\">\n\t\t\t\t<div class=\"elementor-widget-container\">\n\t\t\t\t\t\t\t<div class=\"elementor-spacer\">\n\t\t\t<div class=\"elementor-spacer-inner\"><\/div>\n\t\t<\/div>\n\t\t\t\t\t\t<\/div>\n\t\t\t\t<\/div>\n\t\t\t\t<\/div>\n\t\t\t\t\t<\/div>\n\t\t\t\t<\/div>\n\t\t<div class=\"elementor-element elementor-element-5daa0ac e-flex e-con-boxed wpr-particle-no wpr-jarallax-no wpr-parallax-no wpr-sticky-section-no wpr-equal-height-no e-con e-parent\" data-id=\"5daa0ac\" data-element_type=\"container\" data-e-type=\"container\">\n\t\t\t\t\t<div class=\"e-con-inner\">\n\t\t\t\t\t<\/div>\n\t\t\t\t<\/div>\n\t\t<div class=\"elementor-element elementor-element-486af70 e-flex e-con-boxed wpr-particle-no wpr-jarallax-no wpr-parallax-no wpr-sticky-section-no wpr-equal-height-no e-con e-parent\" data-id=\"486af70\" data-element_type=\"container\" data-e-type=\"container\">\n\t\t\t\t\t<div class=\"e-con-inner\">\n\t\t\t\t<div class=\"elementor-element elementor-element-7ba57fd elementor-widget elementor-widget-heading\" data-id=\"7ba57fd\" data-element_type=\"widget\" data-e-type=\"widget\" data-widget_type=\"heading.default\">\n\t\t\t\t<div class=\"elementor-widget-container\">\n\t\t\t\t\t<h1 class=\"elementor-heading-title elementor-size-default\">Calcolatori balistici e applicazioni<\/h1>\t\t\t\t<\/div>\n\t\t\t\t<\/div>\n\t\t\t\t\t<\/div>\n\t\t\t\t<\/div>\n\t\t<div class=\"elementor-element elementor-element-57c3215 e-flex e-con-boxed wpr-particle-no wpr-jarallax-no wpr-parallax-no wpr-sticky-section-no wpr-equal-height-no e-con e-parent\" data-id=\"57c3215\" data-element_type=\"container\" data-e-type=\"container\">\n\t\t\t\t\t<div class=\"e-con-inner\">\n\t\t\t\t<div class=\"elementor-element elementor-element-3c2c682 elementor-widget elementor-widget-spacer\" data-id=\"3c2c682\" data-element_type=\"widget\" data-e-type=\"widget\" data-widget_type=\"spacer.default\">\n\t\t\t\t<div class=\"elementor-widget-container\">\n\t\t\t\t\t\t\t<div class=\"elementor-spacer\">\n\t\t\t<div class=\"elementor-spacer-inner\"><\/div>\n\t\t<\/div>\n\t\t\t\t\t\t<\/div>\n\t\t\t\t<\/div>\n\t\t\t\t<div class=\"elementor-element elementor-element-c41951a elementor-widget elementor-widget-text-editor\" data-id=\"c41951a\" data-element_type=\"widget\" data-e-type=\"widget\" data-widget_type=\"text-editor.default\">\n\t\t\t\t<div class=\"elementor-widget-container\">\n\t\t\t\t\t\t\t\t\t<ul data-start=\"179\" data-end=\"2109\"><li data-start=\"179\" data-end=\"378\"><p data-start=\"181\" data-end=\"378\"><a href=\"https:\/\/www.hornady.com\/4dof?utm_source=chatgpt.com\" target=\"_blank\" rel=\"noopener\"><strong data-start=\"181\" data-end=\"213\">Calcolatore balistico Hornady<\/strong> - Un calcolatore online completo di Hornady per l'inserimento di cartucce, proiettili e dati ambientali per il calcolo della traiettoria.<\/a><\/p><\/li><li data-start=\"380\" data-end=\"609\"><p data-start=\"382\" data-end=\"609\"><a href=\"https:\/\/www.federalpremium.com\/ballistics-calculator?utm_source=chatgpt.com\" target=\"_blank\" rel=\"noopener\"><strong data-start=\"382\" data-end=\"423\">Calcolatore balistico Federal Premium<\/strong> - Permette di determinare la traiettoria dei carichi per fucile o pistola, con la possibilit\u00e0 di salvare pi\u00f9 carichi personalizzati. Disponibile in unit\u00e0 imperiali e metriche.<\/a><\/p><\/li><li data-start=\"611\" data-end=\"807\"><p data-start=\"613\" data-end=\"807\"><a href=\"https:\/\/ballisticscalculator.winchester.com\/?utm_source=chatgpt.com\" target=\"_blank\" rel=\"noopener\"><strong data-start=\"613\" data-end=\"649\">Calcolatore balistico Winchester<\/strong> - Inserite le condizioni di caccia o di tiro per visualizzare la caduta, la deriva, la velocit\u00e0 e l'energia del proiettile tramite grafici e diagrammi.<\/a><\/p><\/li><li data-start=\"809\" data-end=\"990\"><p data-start=\"811\" data-end=\"990\"><a href=\"https:\/\/bergerbullets.com\/ballistics-calculator\/?utm_source=chatgpt.com\" target=\"_blank\" rel=\"noopener\"><strong data-start=\"811\" data-end=\"851\">Calcolatore balistico dei proiettili Berger<\/strong> - Calcola la traiettoria utilizzando i coefficienti balistici (BC) G1 o G7, tenendo conto dei fattori esterni.<\/a><\/p><\/li><li data-start=\"992\" data-end=\"1238\"><p data-start=\"994\" data-end=\"1238\"><a href=\"https:\/\/www.lapua.com\/support\/lapua-ballistics-app-2\/?utm_source=chatgpt.com\" target=\"_blank\" rel=\"noopener\"><strong data-start=\"994\" data-end=\"1018\">App balistica Lapua<\/strong> - Calcolatore balistico mobile 6DOF gratuito (il tipo pi\u00f9 preciso) che utilizza i dati Doppler. Supporta pi\u00f9 lingue e consente l'inserimento di proiettili personalizzati. Disponibile per iOS e Android.<\/a><\/p><\/li><li data-start=\"1240\" data-end=\"1480\"><p data-start=\"1242\" data-end=\"1480\"><a href=\"https:\/\/appliedballisticsllc.com\/?utm_source=chatgpt.com\" target=\"_blank\" rel=\"noopener\"><strong data-start=\"1242\" data-end=\"1287\">Balistica applicata (AB Quantum\u2122 e applicazioni)<\/strong> - Offre solutori e applicazioni altamente precisi come AB Analytics (desktop), AB Mobile, Kestrel LiNK Ballistics, SIG Sauer BDX, Bushnell Ballistics e altri ancora.<\/a><\/p><\/li><li data-start=\"1482\" data-end=\"1718\"><p data-start=\"1484\" data-end=\"1718\"><a href=\"https:\/\/www.p-max.uk\/?utm_source=chatgpt.com\" target=\"_blank\" rel=\"noopener\"><strong data-start=\"1484\" data-end=\"1523\">Simulatore balistico interno P-Max<\/strong> - Uno strumento balistico interno gratuito, basato su browser, che simula pressione, velocit\u00e0 ed energia con grafici. Si raccomanda di non sostituire i test sicuri e reali.<\/a><\/p><\/li><\/ul>\t\t\t\t\t\t\t\t<\/div>\n\t\t\t\t<\/div>\n\t\t\t\t\t<\/div>\n\t\t\t\t<\/div>\n\t\t<div class=\"elementor-element elementor-element-4c4c40a e-flex e-con-boxed wpr-particle-no wpr-jarallax-no wpr-parallax-no wpr-sticky-section-no wpr-equal-height-no e-con e-parent\" data-id=\"4c4c40a\" data-element_type=\"container\" data-e-type=\"container\">\n\t\t\t\t\t<div class=\"e-con-inner\">\n\t\t\t\t<div class=\"elementor-element elementor-element-036b54c elementor-widget elementor-widget-spacer\" data-id=\"036b54c\" data-element_type=\"widget\" data-e-type=\"widget\" data-widget_type=\"spacer.default\">\n\t\t\t\t<div class=\"elementor-widget-container\">\n\t\t\t\t\t\t\t<div class=\"elementor-spacer\">\n\t\t\t<div class=\"elementor-spacer-inner\"><\/div>\n\t\t<\/div>\n\t\t\t\t\t\t<\/div>\n\t\t\t\t<\/div>\n\t\t\t\t\t<\/div>\n\t\t\t\t<\/div>\n\t\t<div class=\"elementor-element elementor-element-0dc736f e-flex e-con-boxed wpr-particle-no wpr-jarallax-no wpr-parallax-no wpr-sticky-section-no wpr-equal-height-no e-con e-parent\" data-id=\"0dc736f\" data-element_type=\"container\" data-e-type=\"container\">\n\t\t\t\t\t<div class=\"e-con-inner\">\n\t\t\t\t<div class=\"elementor-element elementor-element-8a1e3be elementor-widget elementor-widget-heading\" data-id=\"8a1e3be\" data-element_type=\"widget\" data-e-type=\"widget\" data-widget_type=\"heading.default\">\n\t\t\t\t<div class=\"elementor-widget-container\">\n\t\t\t\t\t<h1 class=\"elementor-heading-title elementor-size-default\">Calcolatori di leghe di piombo e BHN<\/h1>\t\t\t\t<\/div>\n\t\t\t\t<\/div>\n\t\t\t\t\t<\/div>\n\t\t\t\t<\/div>\n\t\t<div class=\"elementor-element elementor-element-91dfb5f e-flex e-con-boxed wpr-particle-no wpr-jarallax-no wpr-parallax-no wpr-sticky-section-no wpr-equal-height-no e-con e-parent\" data-id=\"91dfb5f\" data-element_type=\"container\" data-e-type=\"container\">\n\t\t\t\t\t<div class=\"e-con-inner\">\n\t\t\t\t<div class=\"elementor-element elementor-element-743dbba elementor-widget elementor-widget-spacer\" data-id=\"743dbba\" data-element_type=\"widget\" data-e-type=\"widget\" data-widget_type=\"spacer.default\">\n\t\t\t\t<div class=\"elementor-widget-container\">\n\t\t\t\t\t\t\t<div class=\"elementor-spacer\">\n\t\t\t<div class=\"elementor-spacer-inner\"><\/div>\n\t\t<\/div>\n\t\t\t\t\t\t<\/div>\n\t\t\t\t<\/div>\n\t\t\t\t\t<\/div>\n\t\t\t\t<\/div>\n\t\t<div class=\"elementor-element elementor-element-0dcae96 e-flex e-con-boxed wpr-particle-no wpr-jarallax-no wpr-parallax-no wpr-sticky-section-no wpr-equal-height-no e-con e-parent\" data-id=\"0dcae96\" data-element_type=\"container\" data-e-type=\"container\">\n\t\t\t\t\t<div class=\"e-con-inner\">\n\t\t\t\t<div class=\"elementor-element elementor-element-47802ec elementor-widget elementor-widget-text-editor\" data-id=\"47802ec\" data-element_type=\"widget\" data-e-type=\"widget\" data-widget_type=\"text-editor.default\">\n\t\t\t\t<div class=\"elementor-widget-container\">\n\t\t\t\t\t\t\t\t\t<ul><li data-start=\"75\" data-end=\"282\"><p data-start=\"77\" data-end=\"282\"><strong data-start=\"77\" data-end=\"169\"><a class=\"decorated-link\" href=\"https:\/\/bulletmatch.com\/pages\/lead-alloy-calculator\" target=\"_new\" rel=\"noopener\" data-start=\"79\" data-end=\"167\">Calcolatore della lega di piombo BulletMatch<\/a><\/strong> - Uno strumento online che consente di inserire il peso e la composizione di ciascun componente della lega per determinare la miscela risultante.<\/p><\/li><li data-start=\"284\" data-end=\"499\"><p data-start=\"286\" data-end=\"499\"><strong data-start=\"286\" data-end=\"355\"><a class=\"decorated-link\" href=\"https:\/\/www.weatherby.dk\/bhn.htm\" target=\"_new\" rel=\"noopener\" data-start=\"288\" data-end=\"353\">Calcolatore BHN (weatherby.dk)<\/a><\/strong> - Un calcolatore del numero di durezza Brinell (BHN) che consente di miscelare due leghe di piombo specificando le percentuali di stagno, antimonio, piombo e il peso.<\/p><\/li><li data-start=\"501\" data-end=\"815\"><p data-start=\"503\" data-end=\"815\"><strong data-start=\"503\" data-end=\"644\"><a class=\"decorated-link\" href=\"https:\/\/forum.castbulletassoc.org\/thread\/3325-alloy-calculator-spreadsheet\/\" target=\"_new\" rel=\"noopener\" data-start=\"505\" data-end=\"642\">Foglio di calcolo delle leghe della Cast Bullet Association (CBA)<\/a><\/strong> - Uno strumento di foglio elettronico creato dall'utente (disponibile sul forum CBA) per stimare la durezza delle leghe. Sebbene non sia perfettamente preciso, \u00e8 considerato abbastanza accurato per un uso generale.<\/p><\/li><li data-start=\"817\" data-end=\"1094\"><p data-start=\"819\" data-end=\"1094\"><strong data-start=\"819\" data-end=\"954\"><a class=\"decorated-link\" href=\"https:\/\/www.reddit.com\/r\/reloading\/comments\/plrqno\/help_calculating_how_much_alloy_to_add_to_plain\/\" target=\"_new\" rel=\"noopener\" data-start=\"821\" data-end=\"952\">Foglio di calcolo condiviso su Reddit<\/a><\/strong> - Un collega ricaricatore ha condiviso un foglio di calcolo della lega (<strong data-start=\"1015\" data-end=\"1030\">Lega12.xls<\/strong>) per miscelare le leghe al fine di raggiungere la durezza o le composizioni desiderate.<\/p><\/li><\/ul>\t\t\t\t\t\t\t\t<\/div>\n\t\t\t\t<\/div>\n\t\t\t\t\t<\/div>\n\t\t\t\t<\/div>\n\t\t\t\t<\/div>","protected":false},"excerpt":{"rendered":"<p>Software di ricarica Una moderna simulazione balistica interna professionale per ricaricatori. GRT \u00e8 un software gratuito Chatta con noi sul nostro server Discord: https:\/\/discord.gg\/3FEYWG4 Gordons Reloading Channel su Youtube: https:\/\/youtube.com\/gordonsreloading Link a GRT Online simulazione balistica interna per ricaricatori. Con dati dettagliati su oltre 400 calibri, 600 proiettili e un elenco di polveri da sparo in continua crescita, Precise Load \u00e8 stato progettato per rendere i calcoli balistici semplici e accessibili a tutti. Link alle calcolatrici balistiche e alle app di Precise Load Calcolatrice balistica Hornady - Calcolatrice online completa di Hornady per l'inserimento di dati relativi a cartucce, proiettili e ambiente per calcolare la traiettoria Federal Premium Ballistics Calculator - Consente di determinare la traiettoria per carichi di fucile o pistola, con opzioni per salvare pi\u00f9 carichi personalizzati. Disponibile in unit\u00e0 imperiali e metriche. Winchester Ballistics Calculator - Inserisce le condizioni di caccia o di tiro per visualizzare la caduta, la deriva, la velocit\u00e0 e l'energia del proiettile tramite grafici e diagrammi. Berger Bullets Ballistics Calculator - Calcola la traiettoria utilizzando i coefficienti balistici (BC) G1 o G7, tenendo conto dei fattori esterni. Lapua Ballistics App - Calcolatore balistico mobile gratuito a 6DOF (il tipo pi\u00f9 accurato) che utilizza dati comprovati dal Doppler. Supporta pi\u00f9 lingue e consente di inserire proiettili personalizzati. Disponibile per iOS e Android. Applied Ballistics (AB Quantum\u2122 e Apps) - Offre solutori e applicazioni altamente precisi come AB Analytics (desktop), AB Mobile, Kestrel LiNK Ballistics, SIG Sauer BDX, Bushnell Ballistics e altri. Simulatore balistico interno P-Max - Strumento gratuito di balistica interna basato su browser che simula pressione, velocit\u00e0 ed energia con grafici. Non sostituisce i test sicuri del mondo reale. Calcolatori di leghe di piombo e BHN BulletMatch Lead Alloy Calculator - Uno strumento online che consente di inserire il peso e la composizione di ciascun componente della lega per determinare la miscela risultante. Calcolatore BHN (weatherby.dk) - Calcolatore del numero di durezza Brinell (BHN) che consente di miscelare due leghe di piombo specificando le percentuali di stagno, antimonio, piombo e il peso. Cast Bullet Association (CBA) Alloy Calculator Spreadsheet - Uno strumento creato dall'utente su un foglio di calcolo (disponibile sui forum CBA) per stimare la durezza delle leghe. Pur non essendo perfettamente preciso, \u00e8 considerato abbastanza accurato per un uso generale. Foglio di calcolo condiviso su Reddit - Un collega ricaricatore ha condiviso un foglio di calcolo della lega (Alloy12.xls) per miscelare le leghe per raggiungere la durezza o le composizioni desiderate.<\/p>","protected":false},"author":1,"featured_media":0,"parent":0,"menu_order":0,"comment_status":"closed","ping_status":"closed","template":"template-fullwidth.php","meta":{"footnotes":""},"class_list":["post-51336","page","type-page","status-publish","hentry"],"_links":{"self":[{"href":"https:\/\/www.mp-molds.com\/it\/wp-json\/wp\/v2\/pages\/51336","targetHints":{"allow":["GET"]}}],"collection":[{"href":"https:\/\/www.mp-molds.com\/it\/wp-json\/wp\/v2\/pages"}],"about":[{"href":"https:\/\/www.mp-molds.com\/it\/wp-json\/wp\/v2\/types\/page"}],"author":[{"embeddable":true,"href":"https:\/\/www.mp-molds.com\/it\/wp-json\/wp\/v2\/users\/1"}],"replies":[{"embeddable":true,"href":"https:\/\/www.mp-molds.com\/it\/wp-json\/wp\/v2\/comments?post=51336"}],"version-history":[{"count":14,"href":"https:\/\/www.mp-molds.com\/it\/wp-json\/wp\/v2\/pages\/51336\/revisions"}],"predecessor-version":[{"id":56125,"href":"https:\/\/www.mp-molds.com\/it\/wp-json\/wp\/v2\/pages\/51336\/revisions\/56125"}],"wp:attachment":[{"href":"https:\/\/www.mp-molds.com\/it\/wp-json\/wp\/v2\/media?parent=51336"}],"curies":[{"name":"wp","href":"https:\/\/api.w.org\/{rel}","templated":true}]}}