{"id":50821,"date":"2024-06-04T14:37:40","date_gmt":"2024-06-04T12:37:40","guid":{"rendered":"https:\/\/www.mp-molds.com\/product\/mp-411-429-pb-hp-4-cavity-mold-hg258clone\/"},"modified":"2026-04-12T05:02:43","modified_gmt":"2026-04-12T03:02:43","slug":"mp-411-429-pb-hp-4-cavity-mold-hg258clone","status":"publish","type":"product","link":"https:\/\/www.mp-molds.com\/fr\/product\/mp-411-429-pb-hp-4-cavity-mold-hg258clone\/","title":{"rendered":"MP 411-429 PB HP moule \u00e0 4 cavit\u00e9s (clone HG258)"},"content":{"rendered":"<ul>\n<li>Calibre .412 - 210 \u00e0 pointe creuse ou 220 grain solide<\/li>\n<li>Clone de HG#258<\/li>\n<li>\u00a0Large HP, penta HP, goupille pour nez plat<\/li>\n<li>Plaque de carotte en acier<\/li>\n<li>Goupilles d'alignement en acier tremp\u00e9<\/li>\n<li>Cl\u00e9s Allen incluses<\/li>\n<li>Poin\u00e7on RCBS\/Lyman inclus<\/li>\n<li>Utiliser la poign\u00e9e de la cavit\u00e9 LEE 6 ou les poign\u00e9es du moule MP (NON incluses)<\/li>\n<\/ul>\n<p>Voir les photos de nos produits dans <a href=\"index.php\/gallery\">galerie<\/a><\/p>\n<p><img decoding=\"async\" src=\"images\/411640-HPs.JPG\" alt=\"\" title=\"\"><\/p>","protected":false},"excerpt":{"rendered":"<ul>\n<li>Calibre .412 - 210 \u00e0 pointe creuse ou 220 grain solide<\/li>\n<li>Clone de HG#258<\/li>\n<li>\u00a0Large HP, penta HP, goupille pour nez plat<\/li>\n<li>Plaque de carotte en acier<\/li>\n<li>Goupilles d'alignement en acier tremp\u00e9<\/li>\n<li>Cl\u00e9s Allen incluses<\/li>\n<li>Poin\u00e7on RCBS\/Lyman inclus<\/li>\n<li>Utiliser la poign\u00e9e de la cavit\u00e9 LEE 6 ou les poign\u00e9es du moule MP (NON incluses)<\/li>\n<\/ul>\n<p>Voir les photos de nos produits dans <a href=\"index.php\/gallery\">galerie<\/a><\/p>","protected":false},"featured_media":50822,"comment_status":"open","ping_status":"closed","template":"","meta":[],"product_brand":[],"product_cat":[24,42],"product_tag":[475,474],"class_list":{"0":"post-50821","1":"product","2":"type-product","3":"status-publish","4":"has-post-thumbnail","6":"product_cat-molds","7":"product_cat-hp-hollow-points-molds","8":"product_tag-41-mag","9":"product_tag-41-spl","10":"pa_brand-mp-molds","11":"pa_caliber-as-cast-378","12":"pa_dodatni_opis-brass-mold-for-hobby-hand-casting-set-contains-mold-allen-keys-metal-pins-e-clips","13":"pa_handles-included-no","14":"pa_manufacturer-mp-molds","15":"pa_material-brass","16":"pa_number-of-cavities-4-cavities","17":"pa_pb-bb-gc-hb-plain-base","18":"pa_polica-1-3","20":"first","21":"instock","22":"sale","23":"taxable","24":"shipping-taxable","25":"purchasable","26":"product-type-simple"},"_links":{"self":[{"href":"https:\/\/www.mp-molds.com\/fr\/wp-json\/wp\/v2\/product\/50821","targetHints":{"allow":["GET"]}}],"collection":[{"href":"https:\/\/www.mp-molds.com\/fr\/wp-json\/wp\/v2\/product"}],"about":[{"href":"https:\/\/www.mp-molds.com\/fr\/wp-json\/wp\/v2\/types\/product"}],"replies":[{"embeddable":true,"href":"https:\/\/www.mp-molds.com\/fr\/wp-json\/wp\/v2\/comments?post=50821"}],"wp:featuredmedia":[{"embeddable":true,"href":"https:\/\/www.mp-molds.com\/fr\/wp-json\/wp\/v2\/media\/50822"}],"wp:attachment":[{"href":"https:\/\/www.mp-molds.com\/fr\/wp-json\/wp\/v2\/media?parent=50821"}],"wp:term":[{"taxonomy":"product_brand","embeddable":true,"href":"https:\/\/www.mp-molds.com\/fr\/wp-json\/wp\/v2\/product_brand?post=50821"},{"taxonomy":"product_cat","embeddable":true,"href":"https:\/\/www.mp-molds.com\/fr\/wp-json\/wp\/v2\/product_cat?post=50821"},{"taxonomy":"product_tag","embeddable":true,"href":"https:\/\/www.mp-molds.com\/fr\/wp-json\/wp\/v2\/product_tag?post=50821"}],"curies":[{"name":"wp","href":"https:\/\/api.w.org\/{rel}","templated":true}]}}