{"id":50725,"date":"2021-07-16T12:16:45","date_gmt":"2021-07-16T10:16:45","guid":{"rendered":"https:\/\/www.mp-molds.com\/product\/mp-357-125-hp-pb-2-cavity-mold\/"},"modified":"2026-03-05T10:23:49","modified_gmt":"2026-03-05T09:23:49","slug":"mp-357-125-hp-pb-2-cavity-mold","status":"publish","type":"product","link":"https:\/\/www.mp-molds.com\/fr\/product\/mp-357-125-hp-pb-2-cavity-mold\/","title":{"rendered":"MP 357-125 HP PB moule \u00e0 2 cavit\u00e9s"},"content":{"rendered":"<ul>\n<li>Calibre 357 - 125 \u00e0 pointe creuse ou 130 grain solide<\/li>\n<li>Pointes rondes, penta et vierges<\/li>\n<li>Moule \u00e0 2 cavit\u00e9s<\/li>\n<li>Utilisable \u00e9galement en 9 mm. Taille facilement jusqu'\u00e0 un diam\u00e8tre de .356<\/li>\n<li>Plaque de carotte en acier<\/li>\n<li>Goupilles d'alignement en acier tremp\u00e9<\/li>\n<li>Cl\u00e9s Allen incluses<\/li>\n<li>Poin\u00e7on RCBS\/Lyman inclus<\/li>\n<li>Utiliser la poign\u00e9e de la cavit\u00e9 LEE 6 ou les poign\u00e9es du moule MP (NON incluses)<\/li>\n<\/ul>\n<p>Voir les photos de nos produits dans <a href=\"index.php\/gallery\">galerie<\/a><\/p>","protected":false},"excerpt":{"rendered":"<ul>\n<li>Calibre 357 - 125 \u00e0 pointe creuse ou 130 grain solide<\/li>\n<li>Pointes rondes, penta et vierges<\/li>\n<li>Moule \u00e0 2 cavit\u00e9s<\/li>\n<li>Utilisable \u00e9galement en 9 mm. Taille facilement jusqu'\u00e0 un diam\u00e8tre de .356<\/li>\n<li>Plaque de carotte en acier<\/li>\n<li>Goupilles d'alignement en acier tremp\u00e9<\/li>\n<li>Cl\u00e9s Allen incluses<\/li>\n<li>Poin\u00e7on RCBS\/Lyman inclus<\/li>\n<li>Utiliser la poign\u00e9e de la cavit\u00e9 LEE 6 ou les poign\u00e9es du moule MP (NON incluses)<\/li>\n<\/ul>\n<p>Voir les photos de nos produits dans <a href=\"index.php\/gallery\">galerie<\/a><\/p>","protected":false},"featured_media":49920,"comment_status":"open","ping_status":"closed","template":"","meta":[],"product_brand":[],"product_cat":[42,24,43],"product_tag":[443,186,48,444],"class_list":{"0":"post-50725","1":"product","2":"type-product","3":"status-publish","4":"has-post-thumbnail","6":"product_cat-hp-hollow-points-molds","7":"product_cat-molds","8":"product_cat-pistol-hp-molds","9":"product_tag-38super","10":"product_tag-9mm","11":"product_tag-9x17","12":"product_tag-9x21","13":"pa_brand-mp-molds","14":"pa_caliber-as-cast-397","15":"pa_dodatni_opis-brass-mold-for-hobby-hand-casting-set-contains-mold-allen-keys-metal-pin","16":"pa_handles-included-no","17":"pa_material-brass","18":"pa_number-of-cavities-2-cavites","19":"pa_pb-bb-gc-hb-plain-base","20":"pa_polica-5-1","22":"first","23":"instock","24":"sale","25":"taxable","26":"shipping-taxable","27":"purchasable","28":"product-type-simple"},"_links":{"self":[{"href":"https:\/\/www.mp-molds.com\/fr\/wp-json\/wp\/v2\/product\/50725","targetHints":{"allow":["GET"]}}],"collection":[{"href":"https:\/\/www.mp-molds.com\/fr\/wp-json\/wp\/v2\/product"}],"about":[{"href":"https:\/\/www.mp-molds.com\/fr\/wp-json\/wp\/v2\/types\/product"}],"replies":[{"embeddable":true,"href":"https:\/\/www.mp-molds.com\/fr\/wp-json\/wp\/v2\/comments?post=50725"}],"wp:featuredmedia":[{"embeddable":true,"href":"https:\/\/www.mp-molds.com\/fr\/wp-json\/wp\/v2\/media\/49920"}],"wp:attachment":[{"href":"https:\/\/www.mp-molds.com\/fr\/wp-json\/wp\/v2\/media?parent=50725"}],"wp:term":[{"taxonomy":"product_brand","embeddable":true,"href":"https:\/\/www.mp-molds.com\/fr\/wp-json\/wp\/v2\/product_brand?post=50725"},{"taxonomy":"product_cat","embeddable":true,"href":"https:\/\/www.mp-molds.com\/fr\/wp-json\/wp\/v2\/product_cat?post=50725"},{"taxonomy":"product_tag","embeddable":true,"href":"https:\/\/www.mp-molds.com\/fr\/wp-json\/wp\/v2\/product_tag?post=50725"}],"curies":[{"name":"wp","href":"https:\/\/api.w.org\/{rel}","templated":true}]}}