{"id":50581,"date":"2019-12-04T10:43:46","date_gmt":"2019-12-04T09:43:46","guid":{"rendered":"https:\/\/www.mp-molds.com\/product\/mp-300-blackout-311-230-grain-solid-mold-multichoice\/"},"modified":"2026-03-06T10:19:38","modified_gmt":"2026-03-06T09:19:38","slug":"mp-300-blackout-311-230-grain-solid-mold-multichoice","status":"publish","type":"product","link":"https:\/\/www.mp-molds.com\/fr\/product\/mp-300-blackout-311-230-grain-solid-mold-multichoice\/","title":{"rendered":"MP 300 BLCK 311-230 Grain solid mold (multichoice)"},"content":{"rendered":"<ul>\n<li>Calibre .311 coul\u00e9 - 230 grains solides<\/li>\n<li>De la plaque \u00e0 la rainure de sertissage : 0,872\u2033.<\/li>\n<li>Rainure de sertissage \u00e0 la base GC : 0,324\u2033.<\/li>\n<li>Rainure de sertissage \u00e0 la base PB : 0,383\u2033.<\/li>\n<li>Aluminium 6 cavit\u00e9s ou laiton 4 cavit\u00e9s<\/li>\n<li>Plaque de carotte en acier<\/li>\n<li>Goupilles d'alignement en acier tremp\u00e9<\/li>\n<li>Cl\u00e9s Allen incluses<\/li>\n<li>Poin\u00e7on RCBS\/Lyman inclus<\/li>\n<li>Utiliser la poign\u00e9e de la cavit\u00e9 LEE 6 ou les poign\u00e9es du moule MP (NON incluses)<\/li>\n<\/ul>\n<p>Voir les photos de nos produits dans\u00a0<a href=\"https:\/\/www.mp-molds.com\/WooCommerce\/product\/mp-hg50-hbwc-38-357\/index.php\/gallery\">galerie<\/a><\/p>","protected":false},"excerpt":{"rendered":"<ul>\n<li>Calibre .311 coul\u00e9 - 230 grains solides<\/li>\n<li>De la plaque \u00e0 la rainure de sertissage : 0,872\u2033.<\/li>\n<li>Rainure de sertissage \u00e0 la base GC : 0,324\u2033.<\/li>\n<li>Rainure de sertissage \u00e0 la base PB : 0,383\u2033.<\/li>\n<li>Aluminium 6 cavit\u00e9s ou laiton 4 cavit\u00e9s<\/li>\n<li>Plaque de carotte en acier<\/li>\n<li>Goupilles d'alignement en acier tremp\u00e9<\/li>\n<li>Cl\u00e9s Allen incluses<\/li>\n<li>Poin\u00e7on RCBS\/Lyman inclus<\/li>\n<li>Utiliser la poign\u00e9e de la cavit\u00e9 LEE 6 ou les poign\u00e9es du moule MP (NON incluses)<\/li>\n<\/ul>\n<p>Voir les photos de nos produits dans\u00a0<a href=\"https:\/\/www.mp-molds.com\/WooCommerce\/product\/mp-hg50-hbwc-38-357\/index.php\/gallery\">galerie<\/a><\/p>","protected":false},"featured_media":50582,"comment_status":"open","ping_status":"open","template":"","meta":[],"product_brand":[],"product_cat":[24,33],"product_tag":[452,453],"class_list":{"0":"post-50581","1":"product","2":"type-product","3":"status-publish","4":"has-post-thumbnail","6":"product_cat-molds","7":"product_cat-solid-molds","8":"product_tag-300blackout","9":"product_tag-308win","10":"pa_brand-mp-molds","11":"pa_caliber-as-cast-406","12":"pa_dodatni_opis-aluminum-mold-for-hobby-hand-casting-set-contains-mold-allen-keys-metal-pin-sprue-lever-handle","13":"pa_dodatni_opis-brass-mold-for-hobby-hand-casting-set-contains-mold-allen-keys-metal-pin","14":"pa_handles-included-no","15":"pa_manufacturer-mp-molds","16":"pa_material-aluminum","17":"pa_material-brass","18":"pa_number-of-cavities-4-cavities","19":"pa_number-of-cavities-6-cavities","20":"pa_pb-bb-gc-hb-gas-check","21":"pa_pb-bb-gc-hb-plain-base","22":"pa_polica-1-4","23":"pa_polica-3-4","25":"first","26":"instock","27":"sale","28":"taxable","29":"shipping-taxable","30":"purchasable","31":"product-type-variable"},"_links":{"self":[{"href":"https:\/\/www.mp-molds.com\/fr\/wp-json\/wp\/v2\/product\/50581","targetHints":{"allow":["GET"]}}],"collection":[{"href":"https:\/\/www.mp-molds.com\/fr\/wp-json\/wp\/v2\/product"}],"about":[{"href":"https:\/\/www.mp-molds.com\/fr\/wp-json\/wp\/v2\/types\/product"}],"replies":[{"embeddable":true,"href":"https:\/\/www.mp-molds.com\/fr\/wp-json\/wp\/v2\/comments?post=50581"}],"wp:featuredmedia":[{"embeddable":true,"href":"https:\/\/www.mp-molds.com\/fr\/wp-json\/wp\/v2\/media\/50582"}],"wp:attachment":[{"href":"https:\/\/www.mp-molds.com\/fr\/wp-json\/wp\/v2\/media?parent=50581"}],"wp:term":[{"taxonomy":"product_brand","embeddable":true,"href":"https:\/\/www.mp-molds.com\/fr\/wp-json\/wp\/v2\/product_brand?post=50581"},{"taxonomy":"product_cat","embeddable":true,"href":"https:\/\/www.mp-molds.com\/fr\/wp-json\/wp\/v2\/product_cat?post=50581"},{"taxonomy":"product_tag","embeddable":true,"href":"https:\/\/www.mp-molds.com\/fr\/wp-json\/wp\/v2\/product_tag?post=50581"}],"curies":[{"name":"wp","href":"https:\/\/api.w.org\/{rel}","templated":true}]}}