{"id":50393,"date":"2019-09-30T12:50:58","date_gmt":"2019-09-30T10:50:58","guid":{"rendered":"https:\/\/www.mp-molds.com\/product\/mp-311-410-hollow-point-mold-multi-choice\/"},"modified":"2026-04-20T04:49:36","modified_gmt":"2026-04-20T02:49:36","slug":"mp-311-410-hollow-point-mold-multi-choice","status":"publish","type":"product","link":"https:\/\/www.mp-molds.com\/fr\/product\/mp-311-410-hollow-point-mold-multi-choice\/","title":{"rendered":"MP 311-410 HP moule (multi-choix)"},"content":{"rendered":"<ul>\n<li>Calibre .311 coul\u00e9<\/li>\n<li>311-410 Clone Lyman<\/li>\n<li>Grandes \u00e9pingles rondes, petites \u00e9pingles rondes et \u00e9pingles vierges incluses<\/li>\n<li>135gn. solide, 124gn grand rond, 129 petit rond avec alliage WW<\/li>\n<li>Plaque de carotte en acier<\/li>\n<li>Goupilles d'alignement en acier tremp\u00e9<\/li>\n<li>Cl\u00e9s Allen incluses<\/li>\n<li>Poin\u00e7on RCBS\/Lyman inclus<\/li>\n<li>Utiliser la poign\u00e9e de la cavit\u00e9 LEE 6 ou les poign\u00e9es du moule MP (NON incluses)<\/li>\n<\/ul>\n<p>Voir les photos de nos produits dans <a href=\"index.php\/gallery\">galerie<\/a><\/p>","protected":false},"excerpt":{"rendered":"<ul>\n<li>Calibre .311 coul\u00e9<\/li>\n<li>311-410 Clone Lyman<\/li>\n<li>Grandes \u00e9pingles rondes, petites \u00e9pingles rondes et \u00e9pingles vierges incluses<\/li>\n<li>135gn. solide, 124gn grand rond, 129 petit rond avec alliage WW<\/li>\n<li>Plaque de carotte en acier<\/li>\n<li>Goupilles d'alignement en acier tremp\u00e9<\/li>\n<li>Cl\u00e9s Allen incluses<\/li>\n<li>Poin\u00e7on RCBS\/Lyman inclus<\/li>\n<li>Utiliser la poign\u00e9e de la cavit\u00e9 LEE 6 ou les poign\u00e9es du moule MP (NON incluses)<\/li>\n<\/ul>\n<p>Voir les photos de nos produits dans <a href=\"index.php\/gallery\">galerie<\/a><\/p>","protected":false},"featured_media":50009,"comment_status":"open","ping_status":"open","template":"","meta":[],"product_brand":[],"product_cat":[42,24,56],"product_tag":[452,453],"class_list":{"0":"post-50393","1":"product","2":"type-product","3":"status-publish","4":"has-post-thumbnail","6":"product_cat-hp-hollow-points-molds","7":"product_cat-molds","8":"product_cat-rifle-hp-molds","9":"product_tag-300blackout","10":"product_tag-308win","11":"pa_brand-mp-molds","12":"pa_caliber-as-cast-406","13":"pa_dodatni_opis-brass-mold-for-hobby-hand-casting-set-contains-mold-allen-keys-metal-pins-e-clips","14":"pa_handles-included-no","15":"pa_manufacturer-mp-molds","16":"pa_material-brass","17":"pa_number-of-cavities-2-cavites","18":"pa_number-of-cavities-4-cavities","19":"pa_pb-bb-gc-hb-gas-check","20":"pa_pb-bb-gc-hb-plain-base","21":"pa_polica-3-0","23":"first","24":"instock","25":"sale","26":"taxable","27":"shipping-taxable","28":"purchasable","29":"product-type-variable"},"_links":{"self":[{"href":"https:\/\/www.mp-molds.com\/fr\/wp-json\/wp\/v2\/product\/50393","targetHints":{"allow":["GET"]}}],"collection":[{"href":"https:\/\/www.mp-molds.com\/fr\/wp-json\/wp\/v2\/product"}],"about":[{"href":"https:\/\/www.mp-molds.com\/fr\/wp-json\/wp\/v2\/types\/product"}],"replies":[{"embeddable":true,"href":"https:\/\/www.mp-molds.com\/fr\/wp-json\/wp\/v2\/comments?post=50393"}],"wp:featuredmedia":[{"embeddable":true,"href":"https:\/\/www.mp-molds.com\/fr\/wp-json\/wp\/v2\/media\/50009"}],"wp:attachment":[{"href":"https:\/\/www.mp-molds.com\/fr\/wp-json\/wp\/v2\/media?parent=50393"}],"wp:term":[{"taxonomy":"product_brand","embeddable":true,"href":"https:\/\/www.mp-molds.com\/fr\/wp-json\/wp\/v2\/product_brand?post=50393"},{"taxonomy":"product_cat","embeddable":true,"href":"https:\/\/www.mp-molds.com\/fr\/wp-json\/wp\/v2\/product_cat?post=50393"},{"taxonomy":"product_tag","embeddable":true,"href":"https:\/\/www.mp-molds.com\/fr\/wp-json\/wp\/v2\/product_tag?post=50393"}],"curies":[{"name":"wp","href":"https:\/\/api.w.org\/{rel}","templated":true}]}}