{"id":50385,"date":"2019-09-30T09:16:49","date_gmt":"2019-09-30T07:16:49","guid":{"rendered":"https:\/\/www.mp-molds.com\/product\/mp-360-640-light-hollow-point-mold-multi-choice\/"},"modified":"2026-03-06T10:17:13","modified_gmt":"2026-03-06T09:17:13","slug":"mp-360-640-light-hollow-point-mold-multi-choice","status":"publish","type":"product","link":"https:\/\/www.mp-molds.com\/fr\/product\/mp-360-640-light-hollow-point-mold-multi-choice\/","title":{"rendered":"MP 360-640 Moule l\u00e9ger \u00e0 HP 4 cavit\u00e9s (multi-choix)"},"content":{"rendered":"<ul>\n<li>Calibre 360 coul\u00e9<\/li>\n<li>Corps solides coul\u00e9s de 135 gn., pointes creuses de 125 ou 131 gn. avec alliage WW<\/li>\n<li>Plaque de carotte en acier<\/li>\n<li>Goupilles d'alignement en acier tremp\u00e9<\/li>\n<li>Les cl\u00e9s Allen sont incluses<\/li>\n<li>Le poin\u00e7on RCBS\/Lyman est inclus<\/li>\n<li>Utiliser la poign\u00e9e de la cavit\u00e9 LEE 6 ou\u00a0<a href=\"https:\/\/mp-molds.com\/index.php\/e-shop\/mp-handles\">Poign\u00e9es de moules MP<\/a>\u00a0(NON inclus)<\/li>\n<li>Pointes vierges, coupelles, rondes et penta incluses<\/li>\n<\/ul>\n<p>Voir les photos de nos produits dans\u00a0<a href=\"https:\/\/mp-molds.com\/index.php\/gallery\">galerie<\/a><\/p>","protected":false},"excerpt":{"rendered":"<ul>\n<li>Calibre 360 coul\u00e9<\/li>\n<li>Corps solides coul\u00e9s de 135 gn., pointes creuses de 125 ou 131 gn. avec alliage WW<\/li>\n<li>Plaque de carotte en acier<\/li>\n<li>Goupilles d'alignement en acier tremp\u00e9<\/li>\n<li>Les cl\u00e9s Allen sont incluses<\/li>\n<li>Le poin\u00e7on RCBS\/Lyman est inclus<\/li>\n<li>Utiliser la poign\u00e9e de la cavit\u00e9 LEE 6 ou\u00a0<a href=\"https:\/\/mp-molds.com\/index.php\/e-shop\/mp-handles\">Poign\u00e9es de moules MP<\/a>\u00a0(NON inclus)<\/li>\n<li>Pointes vierges, coupelles, rondes et penta incluses<\/li>\n<\/ul>\n<p>Voir les photos de nos produits dans\u00a0<a href=\"https:\/\/mp-molds.com\/index.php\/gallery\">galerie<\/a><\/p>","protected":false},"featured_media":50007,"comment_status":"open","ping_status":"open","template":"","meta":[],"product_brand":[],"product_cat":[42,24],"product_tag":[434,185,186],"class_list":{"0":"post-50385","1":"product","2":"type-product","3":"status-publish","4":"has-post-thumbnail","6":"product_cat-hp-hollow-points-molds","7":"product_cat-molds","8":"product_tag-357magnum","9":"product_tag-38-spl","10":"product_tag-9mm","11":"pa_brand-mp-molds","12":"pa_caliber-as-cast-388","13":"pa_dodatni_opis-brass-mold-for-hobby-hand-casting-set-contains-mold-allen-keys-metal-pins-e-clips","14":"pa_handles-included-no","15":"pa_manufacturer-mp-molds","16":"pa_material-brass","17":"pa_number-of-cavities-4-cavities","18":"pa_pb-bb-gc-hb-gas-check","19":"pa_pb-bb-gc-hb-plain-base","20":"pa_polica-1-1","22":"first","23":"instock","24":"sale","25":"taxable","26":"shipping-taxable","27":"purchasable","28":"product-type-variable"},"_links":{"self":[{"href":"https:\/\/www.mp-molds.com\/fr\/wp-json\/wp\/v2\/product\/50385","targetHints":{"allow":["GET"]}}],"collection":[{"href":"https:\/\/www.mp-molds.com\/fr\/wp-json\/wp\/v2\/product"}],"about":[{"href":"https:\/\/www.mp-molds.com\/fr\/wp-json\/wp\/v2\/types\/product"}],"replies":[{"embeddable":true,"href":"https:\/\/www.mp-molds.com\/fr\/wp-json\/wp\/v2\/comments?post=50385"}],"wp:featuredmedia":[{"embeddable":true,"href":"https:\/\/www.mp-molds.com\/fr\/wp-json\/wp\/v2\/media\/50007"}],"wp:attachment":[{"href":"https:\/\/www.mp-molds.com\/fr\/wp-json\/wp\/v2\/media?parent=50385"}],"wp:term":[{"taxonomy":"product_brand","embeddable":true,"href":"https:\/\/www.mp-molds.com\/fr\/wp-json\/wp\/v2\/product_brand?post=50385"},{"taxonomy":"product_cat","embeddable":true,"href":"https:\/\/www.mp-molds.com\/fr\/wp-json\/wp\/v2\/product_cat?post=50385"},{"taxonomy":"product_tag","embeddable":true,"href":"https:\/\/www.mp-molds.com\/fr\/wp-json\/wp\/v2\/product_tag?post=50385"}],"curies":[{"name":"wp","href":"https:\/\/api.w.org\/{rel}","templated":true}]}}