{"id":50360,"date":"2019-09-27T09:36:51","date_gmt":"2019-09-27T07:36:51","guid":{"rendered":"https:\/\/www.mp-molds.com\/product\/mp-308-hunting-solid-8-cavity-pb-or-gc\/"},"modified":"2026-03-06T10:16:51","modified_gmt":"2026-03-06T09:16:51","slug":"mp-308-hunting-solid-8-cavity-pb-ou-gc","status":"publish","type":"product","link":"https:\/\/www.mp-molds.com\/fr\/product\/mp-308-hunting-solid-8-cavity-pb-or-gc\/","title":{"rendered":"MP 308 Hnt Solid 8 Cavity (PB ou GC)"},"content":{"rendered":"<ul>\n<li>Calibre 312 coul\u00e9<\/li>\n<li>159 grain solide<\/li>\n<li>Plaque de carotte en acier<\/li>\n<li>Goupilles d'alignement en acier tremp\u00e9<\/li>\n<li>Cl\u00e9s Allen incluses<\/li>\n<li>Poin\u00e7on RCBS\/Lyman inclus<\/li>\n<li>Utiliser la poign\u00e9e de la cavit\u00e9 LEE 6 ou les poign\u00e9es du moule MP (NON incluses)<\/li>\n<\/ul>\n<p>Voir les photos de nos produits dans\u00a0<a href=\"https:\/\/www.mp-molds.com\/WooCommerce\/product\/mp-308-hunting-hp-gc-4-cav\/index.php\/gallery\">galerie<\/a><\/p>","protected":false},"excerpt":{"rendered":"<ul>\n<li>Calibre 312 coul\u00e9<\/li>\n<li>159 grain solide<\/li>\n<li>Plaque de carotte en acier<\/li>\n<li>Goupilles d'alignement en acier tremp\u00e9<\/li>\n<li>Cl\u00e9s Allen incluses<\/li>\n<li>Poin\u00e7on RCBS\/Lyman inclus<\/li>\n<li>Utiliser la poign\u00e9e de la cavit\u00e9 LEE 6 ou les poign\u00e9es du moule MP (NON incluses)<\/li>\n<\/ul>\n<p>Voir les photos de nos produits dans\u00a0<a href=\"https:\/\/www.mp-molds.com\/WooCommerce\/product\/mp-308-hunting-hp-gc-4-cav\/index.php\/gallery\">galerie<\/a><\/p>","protected":false},"featured_media":49943,"comment_status":"open","ping_status":"open","template":"","meta":[],"product_brand":[],"product_cat":[24,33],"product_tag":[452,453],"class_list":{"0":"post-50360","1":"product","2":"type-product","3":"status-publish","4":"has-post-thumbnail","6":"product_cat-molds","7":"product_cat-solid-molds","8":"product_tag-300blackout","9":"product_tag-308win","10":"pa_brand-mp-molds","11":"pa_caliber-as-cast-380","12":"pa_dodatni_opis-aluminum-mold-for-hobby-hand-casting-set-contains-mold-allen-keys-metal-pin-sprue-lever-handle","13":"pa_handles-included-no","14":"pa_manufacturer-mp-molds","15":"pa_material-aluminum","16":"pa_number-of-cavities-8-cavities","17":"pa_pb-bb-gc-hb-gas-check","18":"pa_pb-bb-gc-hb-plain-base","19":"pa_polica-5-5","21":"first","22":"instock","23":"sale","24":"taxable","25":"shipping-taxable","26":"purchasable","27":"product-type-variable"},"_links":{"self":[{"href":"https:\/\/www.mp-molds.com\/fr\/wp-json\/wp\/v2\/product\/50360","targetHints":{"allow":["GET"]}}],"collection":[{"href":"https:\/\/www.mp-molds.com\/fr\/wp-json\/wp\/v2\/product"}],"about":[{"href":"https:\/\/www.mp-molds.com\/fr\/wp-json\/wp\/v2\/types\/product"}],"replies":[{"embeddable":true,"href":"https:\/\/www.mp-molds.com\/fr\/wp-json\/wp\/v2\/comments?post=50360"}],"wp:featuredmedia":[{"embeddable":true,"href":"https:\/\/www.mp-molds.com\/fr\/wp-json\/wp\/v2\/media\/49943"}],"wp:attachment":[{"href":"https:\/\/www.mp-molds.com\/fr\/wp-json\/wp\/v2\/media?parent=50360"}],"wp:term":[{"taxonomy":"product_brand","embeddable":true,"href":"https:\/\/www.mp-molds.com\/fr\/wp-json\/wp\/v2\/product_brand?post=50360"},{"taxonomy":"product_cat","embeddable":true,"href":"https:\/\/www.mp-molds.com\/fr\/wp-json\/wp\/v2\/product_cat?post=50360"},{"taxonomy":"product_tag","embeddable":true,"href":"https:\/\/www.mp-molds.com\/fr\/wp-json\/wp\/v2\/product_tag?post=50360"}],"curies":[{"name":"wp","href":"https:\/\/api.w.org\/{rel}","templated":true}]}}