{"id":50354,"date":"2019-09-27T08:13:11","date_gmt":"2019-09-27T06:13:11","guid":{"rendered":"https:\/\/www.mp-molds.com\/product\/402-165-tc-hollow-point-mold-multi-choice-no-lube-groove\/"},"modified":"2026-03-31T12:18:29","modified_gmt":"2026-03-31T10:18:29","slug":"402-165-tc-hollow-point-mold-multi-choice-no-lube-groove","status":"publish","type":"product","link":"https:\/\/www.mp-molds.com\/fr\/product\/402-165-tc-hollow-point-mold-multi-choice-no-lube-groove\/","title":{"rendered":"402-165 TC HP Mold (Multi Choice) - Sans rainure de lubrification"},"content":{"rendered":"<ul>\n<li>402 cal<\/li>\n<li>165 grains<\/li>\n<li>Grand HP, Petit HP, Cup HP, Goupille vide pour nez plat<\/li>\n<li>Voir l'image pour le poids<\/li>\n<li>Plaque de carotte en acier<\/li>\n<li>Goupilles d'alignement en acier tremp\u00e9<\/li>\n<li>Cl\u00e9s Allen incluses<\/li>\n<li>Poin\u00e7on RCBS\/Lyman inclus<\/li>\n<li>Utiliser la poign\u00e9e de la cavit\u00e9 LEE 6 ou les poign\u00e9es du moule MP (NON incluses)<\/li>\n<\/ul>\n<p>Voir les photos de nos produits dans\u00a0<a href=\"https:\/\/www.mp-molds.com\/WooCommerce\/product\/mp-359-147-bb\/index.php\/gallery\">galerie<\/a><\/p>","protected":false},"excerpt":{"rendered":"<ul>\n<li>402 cal<\/li>\n<li>165 grains<\/li>\n<li>Grand HP, Petit HP, Cup HP, Goupille vide pour nez plat<\/li>\n<li>Voir l'image pour le poids<\/li>\n<li>Plaque de carotte en acier<\/li>\n<li>Goupilles d'alignement en acier tremp\u00e9<\/li>\n<li>Cl\u00e9s Allen incluses<\/li>\n<li>Poin\u00e7on RCBS\/Lyman inclus<\/li>\n<li>Utiliser la poign\u00e9e de la cavit\u00e9 LEE 6 ou les poign\u00e9es du moule MP (NON incluses)<\/li>\n<\/ul>\n<p>Voir les photos de nos produits dans\u00a0<a href=\"https:\/\/www.mp-molds.com\/WooCommerce\/product\/mp-359-147-bb\/index.php\/gallery\">galerie<\/a><\/p>","protected":false},"featured_media":50355,"comment_status":"open","ping_status":"closed","template":"","meta":[],"product_brand":[],"product_cat":[107,42,24],"product_tag":[476,436],"class_list":{"0":"post-50354","1":"product","2":"type-product","3":"status-publish","4":"has-post-thumbnail","6":"product_cat-alternative-coating-molds","7":"product_cat-hp-hollow-points-molds","8":"product_cat-molds","9":"product_tag-40-auto","10":"product_tag-40sw","11":"pa_brand-mp-molds","12":"pa_caliber-as-cast-382","13":"pa_dodatni_opis-brass-mold-for-hobby-hand-casting-set-contains-mold-allen-keys-metal-pins-e-clips","14":"pa_handles-included-no","15":"pa_manufacturer-mp-molds","16":"pa_material-brass","17":"pa_number-of-cavities-2-cavites","18":"pa_number-of-cavities-4-cavities","19":"pa_pb-bb-gc-hb-plain-base","20":"pa_polica-1-1","22":"first","23":"instock","24":"sale","25":"taxable","26":"shipping-taxable","27":"purchasable","28":"product-type-variable"},"_links":{"self":[{"href":"https:\/\/www.mp-molds.com\/fr\/wp-json\/wp\/v2\/product\/50354","targetHints":{"allow":["GET"]}}],"collection":[{"href":"https:\/\/www.mp-molds.com\/fr\/wp-json\/wp\/v2\/product"}],"about":[{"href":"https:\/\/www.mp-molds.com\/fr\/wp-json\/wp\/v2\/types\/product"}],"replies":[{"embeddable":true,"href":"https:\/\/www.mp-molds.com\/fr\/wp-json\/wp\/v2\/comments?post=50354"}],"wp:featuredmedia":[{"embeddable":true,"href":"https:\/\/www.mp-molds.com\/fr\/wp-json\/wp\/v2\/media\/50355"}],"wp:attachment":[{"href":"https:\/\/www.mp-molds.com\/fr\/wp-json\/wp\/v2\/media?parent=50354"}],"wp:term":[{"taxonomy":"product_brand","embeddable":true,"href":"https:\/\/www.mp-molds.com\/fr\/wp-json\/wp\/v2\/product_brand?post=50354"},{"taxonomy":"product_cat","embeddable":true,"href":"https:\/\/www.mp-molds.com\/fr\/wp-json\/wp\/v2\/product_cat?post=50354"},{"taxonomy":"product_tag","embeddable":true,"href":"https:\/\/www.mp-molds.com\/fr\/wp-json\/wp\/v2\/product_tag?post=50354"}],"curies":[{"name":"wp","href":"https:\/\/api.w.org\/{rel}","templated":true}]}}