{"id":50341,"date":"2019-09-27T07:18:16","date_gmt":"2019-09-27T05:18:16","guid":{"rendered":"https:\/\/www.mp-molds.com\/product\/45-colt-carbine-275-grain-hollow-point-mold-multi-choice-no-lube-groove\/"},"modified":"2026-04-11T15:02:51","modified_gmt":"2026-04-11T13:02:51","slug":"45-colt-carbine-275-grain-pointe-creuse-moule-multi-choice-no-lube-groove","status":"publish","type":"product","link":"https:\/\/www.mp-molds.com\/fr\/product\/45-colt-carbine-275-grain-hollow-point-mold-multi-choice-no-lube-groove\/","title":{"rendered":"45 CLT CARB (275 grains), HP (Multi Choice) - Pas de rainure de lubrification"},"content":{"rendered":"<ul>\n<li>calibre .452 ou .454<\/li>\n<li>Large HP, Penta HP, Cup HP, Goupille vide pour nez plat<\/li>\n<li>Voir l'image pour le poids (ajouter 5 grains pour une rainure sans lubrifiant)<\/li>\n<li>Plaque de carotte en acier<\/li>\n<li>Goupilles d'alignement en acier tremp\u00e9<\/li>\n<li>Cl\u00e9s Allen incluses<\/li>\n<li>Poin\u00e7on RCBS\/Lyman inclus<\/li>\n<li>Utiliser la poign\u00e9e de la cavit\u00e9 LEE 6 ou les poign\u00e9es du moule MP (NON incluses)<\/li>\n<\/ul>\n<p>Voir les photos de nos produits dans\u00a0<a href=\"https:\/\/www.mp-molds.com\/WooCommerce\/product\/mp-359-147-bb\/index.php\/gallery\">galerie<\/a><\/p>","protected":false},"excerpt":{"rendered":"<ul>\n<li>calibre .452 ou .454<\/li>\n<li>Large HP, Penta HP, Cup HP, Goupille vide pour nez plat<\/li>\n<li>Voir l'image pour le poids (ajouter 5 grains pour une rainure sans lubrifiant)<\/li>\n<li>Plaque de carotte en acier<\/li>\n<li>Goupilles d'alignement en acier tremp\u00e9<\/li>\n<li>Cl\u00e9s Allen incluses<\/li>\n<li>Poin\u00e7on RCBS\/Lyman inclus<\/li>\n<li>Utiliser la poign\u00e9e de la cavit\u00e9 LEE 6 ou les poign\u00e9es du moule MP (NON incluses)<\/li>\n<\/ul>\n<p>Voir les photos de nos produits dans\u00a0<a href=\"https:\/\/www.mp-molds.com\/WooCommerce\/product\/mp-359-147-bb\/index.php\/gallery\">galerie<\/a><\/p>","protected":false},"featured_media":50342,"comment_status":"open","ping_status":"closed","template":"","meta":[],"product_brand":[],"product_cat":[107,42,24],"product_tag":[445,439],"class_list":{"0":"post-50341","1":"product","2":"type-product","3":"status-publish","4":"has-post-thumbnail","6":"product_cat-alternative-coating-molds","7":"product_cat-hp-hollow-points-molds","8":"product_cat-molds","9":"product_tag-454casull","10":"product_tag-45colt","11":"pa_brand-mp-molds","12":"pa_caliber-as-cast-372","13":"pa_caliber-as-cast-383","14":"pa_dodatni_opis-brass-mold-for-hobby-hand-casting-set-contains-mold-allen-keys-metal-pins-e-clips","15":"pa_handles-included-no","16":"pa_manufacturer-mp-molds","17":"pa_material-brass","18":"pa_number-of-cavities-4-cavities","19":"pa_pb-bb-gc-hb-gas-check","20":"pa_pb-bb-gc-hb-plain-base","21":"pa_polica-1-0","23":"first","24":"instock","25":"sale","26":"taxable","27":"shipping-taxable","28":"purchasable","29":"product-type-variable"},"_links":{"self":[{"href":"https:\/\/www.mp-molds.com\/fr\/wp-json\/wp\/v2\/product\/50341","targetHints":{"allow":["GET"]}}],"collection":[{"href":"https:\/\/www.mp-molds.com\/fr\/wp-json\/wp\/v2\/product"}],"about":[{"href":"https:\/\/www.mp-molds.com\/fr\/wp-json\/wp\/v2\/types\/product"}],"replies":[{"embeddable":true,"href":"https:\/\/www.mp-molds.com\/fr\/wp-json\/wp\/v2\/comments?post=50341"}],"wp:featuredmedia":[{"embeddable":true,"href":"https:\/\/www.mp-molds.com\/fr\/wp-json\/wp\/v2\/media\/50342"}],"wp:attachment":[{"href":"https:\/\/www.mp-molds.com\/fr\/wp-json\/wp\/v2\/media?parent=50341"}],"wp:term":[{"taxonomy":"product_brand","embeddable":true,"href":"https:\/\/www.mp-molds.com\/fr\/wp-json\/wp\/v2\/product_brand?post=50341"},{"taxonomy":"product_cat","embeddable":true,"href":"https:\/\/www.mp-molds.com\/fr\/wp-json\/wp\/v2\/product_cat?post=50341"},{"taxonomy":"product_tag","embeddable":true,"href":"https:\/\/www.mp-molds.com\/fr\/wp-json\/wp\/v2\/product_tag?post=50341"}],"curies":[{"name":"wp","href":"https:\/\/api.w.org\/{rel}","templated":true}]}}